{"id":754,"date":"2023-10-17T11:40:46","date_gmt":"2023-10-17T11:40:46","guid":{"rendered":"https:\/\/www.baldacci.pt\/?page_id=754"},"modified":"2025-10-22T16:41:50","modified_gmt":"2025-10-22T16:41:50","slug":"lauroderme-lanolina","status":"publish","type":"page","link":"https:\/\/www.baldacci.pt\/en\/lauroderme-lanolina\/","title":{"rendered":"Lauroderme<sup>\u00ae<\/sup> Lanolin"},"content":{"rendered":"<div data-elementor-type=\"wp-page\" data-elementor-id=\"754\" class=\"elementor elementor-754\">\n\t\t\t\t<div class=\"elementor-element elementor-element-da7fb26 e-flex e-con-boxed e-con e-parent\" data-id=\"da7fb26\" data-element_type=\"container\" data-e-type=\"container\" data-settings=\"{&quot;background_background&quot;:&quot;classic&quot;}\">\n\t\t\t\t\t<div class=\"e-con-inner\">\n\t\t<div class=\"elementor-element elementor-element-99323a4 e-flex e-con-boxed e-con e-child\" data-id=\"99323a4\" data-element_type=\"container\" data-e-type=\"container\">\n\t\t\t\t\t<div class=\"e-con-inner\">\n\t\t\t\t<div class=\"elementor-element elementor-element-bf45215 elementor-widget elementor-widget-heading\" data-id=\"bf45215\" data-element_type=\"widget\" data-e-type=\"widget\" data-widget_type=\"heading.default\">\n\t\t\t\t<div class=\"elementor-widget-container\">\n\t\t\t\t\t<h3 class=\"elementor-heading-title elementor-size-default\">Baby &amp; Mommy<\/h3>\t\t\t\t<\/div>\n\t\t\t\t<\/div>\n\t\t\t\t<div class=\"elementor-element elementor-element-0132ead elementor-widget elementor-widget-text-editor\" data-id=\"0132ead\" data-element_type=\"widget\" data-e-type=\"widget\" data-widget_type=\"text-editor.default\">\n\t\t\t\t<div class=\"elementor-widget-container\">\n\t\t\t\t\t\t\t\t\t<p><a style=\"color: #ffffff;\" href=\"https:\/\/www.baldacci.pt\/en\/\">Home<\/a> \/ <a style=\"color: #ffffff;\" href=\"https:\/\/www.baldacci.pt\/en\/produtos\/\">Products<\/a> \/ <a style=\"color: #ffffff;\" href=\"https:\/\/www.baldacci.pt\/en\/bebe-mama\/\">Baby &amp; Mommy<\/a> \/ <strong>Lauroderme<sup>\u00ae<\/sup> Lanolin<\/strong><\/p>\t\t\t\t\t\t\t\t<\/div>\n\t\t\t\t<\/div>\n\t\t\t\t\t<\/div>\n\t\t\t\t<\/div>\n\t\t\t\t\t<\/div>\n\t\t\t\t<\/div>\n\t\t<div class=\"elementor-element elementor-element-f1d38e0 e-con-full e-flex e-con e-parent\" data-id=\"f1d38e0\" data-element_type=\"container\" data-e-type=\"container\" data-settings=\"{&quot;background_background&quot;:&quot;classic&quot;}\">\n\t\t<div class=\"elementor-element elementor-element-1f67b54 e-flex e-con-boxed e-con e-child\" data-id=\"1f67b54\" data-element_type=\"container\" data-e-type=\"container\">\n\t\t\t\t\t<div class=\"e-con-inner\">\n\t\t<div class=\"elementor-element elementor-element-10d5102 e-con-full e-flex e-con e-child\" data-id=\"10d5102\" data-element_type=\"container\" data-e-type=\"container\">\n\t\t\t\t<div class=\"elementor-element elementor-element-08ac4d6 elementor-widget elementor-widget-image\" data-id=\"08ac4d6\" data-element_type=\"widget\" data-e-type=\"widget\" data-widget_type=\"image.default\">\n\t\t\t\t<div class=\"elementor-widget-container\">\n\t\t\t\t\t\t\t\t\t\t\t\t\t\t\t<img fetchpriority=\"high\" decoding=\"async\" width=\"1000\" height=\"1206\" src=\"https:\/\/www.baldacci.pt\/wp-content\/uploads\/2025\/03\/3D-Lanolina_Lauroderme.png\" class=\"attachment-full size-full wp-image-5299\" alt=\"Emabalagem Lanolina Lauroderme\" srcset=\"https:\/\/www.baldacci.pt\/wp-content\/uploads\/2025\/03\/3D-Lanolina_Lauroderme.png 1000w, https:\/\/www.baldacci.pt\/wp-content\/uploads\/2025\/03\/3D-Lanolina_Lauroderme-249x300.png 249w, https:\/\/www.baldacci.pt\/wp-content\/uploads\/2025\/03\/3D-Lanolina_Lauroderme-849x1024.png 849w, https:\/\/www.baldacci.pt\/wp-content\/uploads\/2025\/03\/3D-Lanolina_Lauroderme-768x926.png 768w, https:\/\/www.baldacci.pt\/wp-content\/uploads\/2025\/03\/3D-Lanolina_Lauroderme-10x12.png 10w\" sizes=\"(max-width: 1000px) 100vw, 1000px\" \/>\t\t\t\t\t\t\t\t\t\t\t\t\t\t\t<\/div>\n\t\t\t\t<\/div>\n\t\t<div class=\"elementor-element elementor-element-4de3138 e-flex e-con-boxed e-con e-child\" data-id=\"4de3138\" data-element_type=\"container\" data-e-type=\"container\">\n\t\t\t\t\t<div class=\"e-con-inner\">\n\t\t\t\t<div class=\"elementor-element elementor-element-44d8d4e elementor-widget elementor-widget-heading\" data-id=\"44d8d4e\" data-element_type=\"widget\" data-e-type=\"widget\" data-widget_type=\"heading.default\">\n\t\t\t\t<div class=\"elementor-widget-container\">\n\t\t\t\t\t<p class=\"elementor-heading-title elementor-size-default\">Dermatologically tested.<\/p>\t\t\t\t<\/div>\n\t\t\t\t<\/div>\n\t\t\t\t\t<\/div>\n\t\t\t\t<\/div>\n\t\t\t\t<\/div>\n\t\t<div class=\"elementor-element elementor-element-510449e e-con-full e-flex e-con e-child\" data-id=\"510449e\" data-element_type=\"container\" data-e-type=\"container\">\n\t\t<div class=\"elementor-element elementor-element-10bab37 e-flex e-con-boxed e-con e-child\" data-id=\"10bab37\" data-element_type=\"container\" data-e-type=\"container\">\n\t\t\t\t\t<div class=\"e-con-inner\">\n\t\t<div class=\"elementor-element elementor-element-a214b26 e-flex e-con-boxed e-con e-child\" data-id=\"a214b26\" data-element_type=\"container\" data-e-type=\"container\">\n\t\t\t\t\t<div class=\"e-con-inner\">\n\t\t\t\t<div class=\"elementor-element elementor-element-2f98f6b elementor-widget elementor-widget-heading\" data-id=\"2f98f6b\" data-element_type=\"widget\" data-e-type=\"widget\" data-widget_type=\"heading.default\">\n\t\t\t\t<div class=\"elementor-widget-container\">\n\t\t\t\t\t<h4 class=\"elementor-heading-title elementor-size-default\">Lauroderme<sup>\u00ae<\/sup> Lanolin<\/h4>\t\t\t\t<\/div>\n\t\t\t\t<\/div>\n\t\t\t\t<div class=\"elementor-element elementor-element-f680545 elementor-widget elementor-widget-text-editor\" data-id=\"f680545\" data-element_type=\"widget\" data-e-type=\"widget\" data-widget_type=\"text-editor.default\">\n\t\t\t\t<div class=\"elementor-widget-container\">\n\t\t\t\t\t\t\t\t\t<p>Cosmetic Product<\/p>\t\t\t\t\t\t\t\t<\/div>\n\t\t\t\t<\/div>\n\t\t\t\t\t<\/div>\n\t\t\t\t<\/div>\n\t\t<div class=\"elementor-element elementor-element-8c7a45b e-flex e-con-boxed e-con e-child\" data-id=\"8c7a45b\" data-element_type=\"container\" data-e-type=\"container\">\n\t\t\t\t\t<div class=\"e-con-inner\">\n\t\t\t\t<div class=\"elementor-element elementor-element-b7189bf elementor-widget elementor-widget-heading\" data-id=\"b7189bf\" data-element_type=\"widget\" data-e-type=\"widget\" data-widget_type=\"heading.default\">\n\t\t\t\t<div class=\"elementor-widget-container\">\n\t\t\t\t\t<h6 class=\"elementor-heading-title elementor-size-default\">Indications<\/h6>\t\t\t\t<\/div>\n\t\t\t\t<\/div>\n\t\t\t\t<div class=\"elementor-element elementor-element-60bdc3f elementor-widget elementor-widget-text-editor\" data-id=\"60bdc3f\" data-element_type=\"widget\" data-e-type=\"widget\" data-widget_type=\"text-editor.default\">\n\t\t\t\t<div class=\"elementor-widget-container\">\n\t\t\t\t\t\t\t\t\t<p>Protects, softens and keeps the skin of the nipples and areolas hydrated during pregnancy and breastfeeding.<\/p>\t\t\t\t\t\t\t\t<\/div>\n\t\t\t\t<\/div>\n\t\t\t\t\t<\/div>\n\t\t\t\t<\/div>\n\t\t<div class=\"elementor-element elementor-element-06a6ff4 e-flex e-con-boxed e-con e-child\" data-id=\"06a6ff4\" data-element_type=\"container\" data-e-type=\"container\">\n\t\t\t\t\t<div class=\"e-con-inner\">\n\t\t\t\t<div class=\"elementor-element elementor-element-7760dfd elementor-widget elementor-widget-heading\" data-id=\"7760dfd\" data-element_type=\"widget\" data-e-type=\"widget\" data-widget_type=\"heading.default\">\n\t\t\t\t<div class=\"elementor-widget-container\">\n\t\t\t\t\t<h6 class=\"elementor-heading-title elementor-size-default\">Frequency of use<\/h6>\t\t\t\t<\/div>\n\t\t\t\t<\/div>\n\t\t\t\t<div class=\"elementor-element elementor-element-883ea1f elementor-widget elementor-widget-text-editor\" data-id=\"883ea1f\" data-element_type=\"widget\" data-e-type=\"widget\" data-widget_type=\"text-editor.default\">\n\t\t\t\t<div class=\"elementor-widget-container\">\n\t\t\t\t\t\t\t\t\t<p>Use daily.<\/p>\t\t\t\t\t\t\t\t<\/div>\n\t\t\t\t<\/div>\n\t\t\t\t\t<\/div>\n\t\t\t\t<\/div>\n\t\t<div class=\"elementor-element elementor-element-4b38cce e-con-full e-flex e-con e-child\" data-id=\"4b38cce\" data-element_type=\"container\" data-e-type=\"container\">\n\t\t\t\t<div class=\"elementor-element elementor-element-51ea50e elementor-widget elementor-widget-heading\" data-id=\"51ea50e\" data-element_type=\"widget\" data-e-type=\"widget\" data-widget_type=\"heading.default\">\n\t\t\t\t<div class=\"elementor-widget-container\">\n\t\t\t\t\t<h6 class=\"elementor-heading-title elementor-size-default\">How to use<\/h6>\t\t\t\t<\/div>\n\t\t\t\t<\/div>\n\t\t\t\t<div class=\"elementor-element elementor-element-237bb27 elementor-widget elementor-widget-text-editor\" data-id=\"237bb27\" data-element_type=\"widget\" data-e-type=\"widget\" data-widget_type=\"text-editor.default\">\n\t\t\t\t<div class=\"elementor-widget-container\">\n\t\t\t\t\t\t\t\t\t<p class=\"translation-block\">Wash your hands before and after use. After breastfeeding, apply some Lauroderme<sup>\u00ae<\/sup> Lanolin on the areola and nipple. For all other uses, apply when necessary.<\/p>\t\t\t\t\t\t\t\t<\/div>\n\t\t\t\t<\/div>\n\t\t\t\t<\/div>\n\t\t<div class=\"elementor-element elementor-element-4e0c77a e-flex e-con-boxed e-con e-child\" data-id=\"4e0c77a\" data-element_type=\"container\" data-e-type=\"container\">\n\t\t\t\t\t<div class=\"e-con-inner\">\n\t\t\t\t<div class=\"elementor-element elementor-element-0d6c11a elementor-widget elementor-widget-heading\" data-id=\"0d6c11a\" data-element_type=\"widget\" data-e-type=\"widget\" data-widget_type=\"heading.default\">\n\t\t\t\t<div class=\"elementor-widget-container\">\n\t\t\t\t\t<h6 class=\"elementor-heading-title elementor-size-default\">Presentation<\/h6>\t\t\t\t<\/div>\n\t\t\t\t<\/div>\n\t\t\t\t<div class=\"elementor-element elementor-element-0afffe9 elementor-widget elementor-widget-text-editor\" data-id=\"0afffe9\" data-element_type=\"widget\" data-e-type=\"widget\" data-widget_type=\"text-editor.default\">\n\t\t\t\t<div class=\"elementor-widget-container\">\n\t\t\t\t\t\t\t\t\t<p>40g tube.<\/p>\t\t\t\t\t\t\t\t<\/div>\n\t\t\t\t<\/div>\n\t\t\t\t\t<\/div>\n\t\t\t\t<\/div>\n\t\t<div class=\"elementor-element elementor-element-208eb78 e-flex e-con-boxed e-con e-child\" data-id=\"208eb78\" data-element_type=\"container\" data-e-type=\"container\">\n\t\t\t\t\t<div class=\"e-con-inner\">\n\t\t\t\t<div class=\"elementor-element elementor-element-f59f8f5 elementor-widget elementor-widget-text-editor\" data-id=\"f59f8f5\" data-element_type=\"widget\" data-e-type=\"widget\" data-widget_type=\"text-editor.default\">\n\t\t\t\t<div class=\"elementor-widget-container\">\n\t\t\t\t\t\t\t\t\t<p>Still have questions?<\/p>\t\t\t\t\t\t\t\t<\/div>\n\t\t\t\t<\/div>\n\t\t\t\t<div class=\"elementor-element elementor-element-7f9b355 elementor-widget elementor-widget-button\" data-id=\"7f9b355\" data-element_type=\"widget\" data-e-type=\"widget\" data-widget_type=\"button.default\">\n\t\t\t\t<div class=\"elementor-widget-container\">\n\t\t\t\t\t\t\t\t\t<div class=\"elementor-button-wrapper\">\n\t\t\t\t\t<a class=\"elementor-button elementor-button-link elementor-size-sm\" href=\"https:\/\/www.baldacci.pt\/en\/?page_id=1639\">\n\t\t\t\t\t\t<span class=\"elementor-button-content-wrapper\">\n\t\t\t\t\t\t<span class=\"elementor-button-icon\">\n\t\t\t\t<svg xmlns=\"http:\/\/www.w3.org\/2000\/svg\" width=\"18\" height=\"19\" viewbox=\"0 0 18 19\" fill=\"none\"><path d=\"M6.75 14.1924L11.25 9.69238L6.75 5.19238\" stroke=\"white\" stroke-width=\"1.5\" stroke-linecap=\"square\" stroke-linejoin=\"round\"><\/path><\/svg>\t\t\t<\/span>\n\t\t\t\t\t\t\t\t\t<span class=\"elementor-button-text\">Ask for more information<\/span>\n\t\t\t\t\t<\/span>\n\t\t\t\t\t<\/a>\n\t\t\t\t<\/div>\n\t\t\t\t\t\t\t\t<\/div>\n\t\t\t\t<\/div>\n\t\t\t\t\t<\/div>\n\t\t\t\t<\/div>\n\t\t\t\t\t<\/div>\n\t\t\t\t<\/div>\n\t\t<div class=\"elementor-element elementor-element-210dcaa e-con-full e-flex e-con e-child\" data-id=\"210dcaa\" data-element_type=\"container\" data-e-type=\"container\">\n\t\t\t\t<div class=\"elementor-element elementor-element-3b21d06 elementor-widget elementor-widget-heading\" data-id=\"3b21d06\" data-element_type=\"widget\" data-e-type=\"widget\" data-widget_type=\"heading.default\">\n\t\t\t\t<div class=\"elementor-widget-container\">\n\t\t\t\t\t<h6 class=\"elementor-heading-title elementor-size-default\">See also<\/h6>\t\t\t\t<\/div>\n\t\t\t\t<\/div>\n\t\t<div class=\"elementor-element elementor-element-140a7c2 e-flex e-con-boxed e-con e-child\" data-id=\"140a7c2\" data-element_type=\"container\" data-e-type=\"container\">\n\t\t\t\t\t<div class=\"e-con-inner\">\n\t\t<div class=\"elementor-element elementor-element-6438449 e-con-full e-flex e-con e-child\" data-id=\"6438449\" data-element_type=\"container\" data-e-type=\"container\">\n\t\t\t\t<div class=\"elementor-element elementor-element-23964c1 elementor-widget elementor-widget-image\" data-id=\"23964c1\" data-element_type=\"widget\" data-e-type=\"widget\" data-widget_type=\"image.default\">\n\t\t\t\t<div class=\"elementor-widget-container\">\n\t\t\t\t\t\t\t\t\t\t\t\t\t\t\t\t<a href=\"https:\/\/www.baldacci.pt\/en\/?page_id=703\">\n\t\t\t\t\t\t\t<img decoding=\"async\" width=\"1000\" height=\"691\" src=\"https:\/\/www.baldacci.pt\/wp-content\/uploads\/2025\/03\/3D_-Toalhitas.png\" class=\"attachment-full size-full wp-image-5295\" alt=\"Embalagem Toalhitas Lauroderme\" srcset=\"https:\/\/www.baldacci.pt\/wp-content\/uploads\/2025\/03\/3D_-Toalhitas.png 1000w, https:\/\/www.baldacci.pt\/wp-content\/uploads\/2025\/03\/3D_-Toalhitas-300x207.png 300w, https:\/\/www.baldacci.pt\/wp-content\/uploads\/2025\/03\/3D_-Toalhitas-768x531.png 768w, https:\/\/www.baldacci.pt\/wp-content\/uploads\/2025\/03\/3D_-Toalhitas-18x12.png 18w\" sizes=\"(max-width: 1000px) 100vw, 1000px\" \/>\t\t\t\t\t\t\t\t<\/a>\n\t\t\t\t\t\t\t\t\t\t\t\t\t\t\t<\/div>\n\t\t\t\t<\/div>\n\t\t\t\t<div class=\"elementor-element elementor-element-ce34f77 elementor-widget elementor-widget-heading\" data-id=\"ce34f77\" data-element_type=\"widget\" data-e-type=\"widget\" data-widget_type=\"heading.default\">\n\t\t\t\t<div class=\"elementor-widget-container\">\n\t\t\t\t\t<p class=\"elementor-heading-title elementor-size-default\"><a href=\"https:\/\/www.baldacci.pt\/en\/?page_id=703\">Lauroderme<sup>\u00ae<\/sup> Wipes<\/a><\/p>\t\t\t\t<\/div>\n\t\t\t\t<\/div>\n\t\t\t\t<\/div>\n\t\t<div class=\"elementor-element elementor-element-7229e65 e-con-full e-flex e-con e-child\" data-id=\"7229e65\" data-element_type=\"container\" data-e-type=\"container\">\n\t\t\t\t<div class=\"elementor-element elementor-element-ba4297f elementor-widget elementor-widget-image\" data-id=\"ba4297f\" data-element_type=\"widget\" data-e-type=\"widget\" data-widget_type=\"image.default\">\n\t\t\t\t<div class=\"elementor-widget-container\">\n\t\t\t\t\t\t\t\t\t\t\t\t\t\t\t\t<a href=\"https:\/\/www.baldacci.pt\/en\/?page_id=580\">\n\t\t\t\t\t\t\t<img decoding=\"async\" width=\"1000\" height=\"1179\" src=\"https:\/\/www.baldacci.pt\/wp-content\/uploads\/2025\/03\/3D-GelBanho_Lauroderme.png\" class=\"attachment-full size-full wp-image-5280\" alt=\"Embalagem Lauroderme Gel de Banho\" srcset=\"https:\/\/www.baldacci.pt\/wp-content\/uploads\/2025\/03\/3D-GelBanho_Lauroderme.png 1000w, https:\/\/www.baldacci.pt\/wp-content\/uploads\/2025\/03\/3D-GelBanho_Lauroderme-254x300.png 254w, https:\/\/www.baldacci.pt\/wp-content\/uploads\/2025\/03\/3D-GelBanho_Lauroderme-869x1024.png 869w, https:\/\/www.baldacci.pt\/wp-content\/uploads\/2025\/03\/3D-GelBanho_Lauroderme-768x905.png 768w, https:\/\/www.baldacci.pt\/wp-content\/uploads\/2025\/03\/3D-GelBanho_Lauroderme-10x12.png 10w\" sizes=\"(max-width: 1000px) 100vw, 1000px\" \/>\t\t\t\t\t\t\t\t<\/a>\n\t\t\t\t\t\t\t\t\t\t\t\t\t\t\t<\/div>\n\t\t\t\t<\/div>\n\t\t\t\t<div class=\"elementor-element elementor-element-7007ad7 elementor-widget elementor-widget-heading\" data-id=\"7007ad7\" data-element_type=\"widget\" data-e-type=\"widget\" data-widget_type=\"heading.default\">\n\t\t\t\t<div class=\"elementor-widget-container\">\n\t\t\t\t\t<p class=\"elementor-heading-title elementor-size-default\"><a href=\"https:\/\/www.baldacci.pt\/en\/?page_id=580\">Lauroderme<sup>\u00ae<\/sup> Bath Gel<\/a><\/p>\t\t\t\t<\/div>\n\t\t\t\t<\/div>\n\t\t\t\t<\/div>\n\t\t\t\t\t<\/div>\n\t\t\t\t<\/div>\n\t\t\t\t<\/div>\n\t\t\t\t<\/div>\n\t\t\t\t\t<\/div>\n\t\t\t\t<\/div>\n\t\t\t\t<\/div>\n\t\t\t\t<\/div>","protected":false},"excerpt":{"rendered":"<p>Beb\u00e9 &amp; Mam\u00e3 In\u00edcio \/ Produtos \/ Beb\u00e9 &amp; Mam\u00e3 \/ Lauroderme\u00ae Lanolina Dermatologicamente testado. Lauroderme\u00ae Lanolina Produto Cosm\u00e9tico Indica\u00e7\u00f5es Protege, amacia e mant\u00e9m hidratada a pele dos mamilos e ar\u00e9olas durante a gravidez e a amamenta\u00e7\u00e3o. Frequ\u00eancia de utiliza\u00e7\u00e3o Utilizar diariamente. Modo de utiliza\u00e7\u00e3o Lavar as m\u00e3os antes e depois de usar. Ap\u00f3s a [&hellip;]<\/p>\n","protected":false},"author":1,"featured_media":0,"parent":0,"menu_order":0,"comment_status":"closed","ping_status":"closed","template":"","meta":{"footnotes":""},"class_list":["post-754","page","type-page","status-publish","hentry"],"blocksy_meta":[],"yoast_head":"<!-- This site is optimized with the Yoast SEO plugin v27.4 - https:\/\/yoast.com\/product\/yoast-seo-wordpress\/ -->\n<title>Lauroderme\u00ae Lanolina - Baldacci Portugal<\/title>\n<meta name=\"robots\" content=\"index, follow, max-snippet:-1, max-image-preview:large, max-video-preview:-1\" \/>\n<link rel=\"canonical\" href=\"https:\/\/www.baldacci.pt\/en\/lauroderme-lanolina\/\" \/>\n<meta property=\"og:locale\" content=\"en_GB\" \/>\n<meta property=\"og:type\" content=\"article\" \/>\n<meta property=\"og:title\" content=\"Lauroderme\u00ae Lanolina - Baldacci Portugal\" \/>\n<meta property=\"og:description\" content=\"Beb\u00e9 &amp; Mam\u00e3 In\u00edcio \/ Produtos \/ Beb\u00e9 &amp; Mam\u00e3 \/ Lauroderme\u00ae Lanolina Dermatologicamente testado. Lauroderme\u00ae Lanolina Produto Cosm\u00e9tico Indica\u00e7\u00f5es Protege, amacia e mant\u00e9m hidratada a pele dos mamilos e ar\u00e9olas durante a gravidez e a amamenta\u00e7\u00e3o. Frequ\u00eancia de utiliza\u00e7\u00e3o Utilizar diariamente. Modo de utiliza\u00e7\u00e3o Lavar as m\u00e3os antes e depois de usar. Ap\u00f3s a [&hellip;]\" \/>\n<meta property=\"og:url\" content=\"https:\/\/www.baldacci.pt\/en\/lauroderme-lanolina\/\" \/>\n<meta property=\"og:site_name\" content=\"Baldacci Portugal\" \/>\n<meta property=\"article:modified_time\" content=\"2025-10-22T16:41:50+00:00\" \/>\n<meta property=\"og:image\" content=\"https:\/\/www.baldacci.pt\/wp-content\/uploads\/2025\/03\/3D-Lanolina_Lauroderme.png\" \/>\n\t<meta property=\"og:image:width\" content=\"1000\" \/>\n\t<meta property=\"og:image:height\" content=\"1206\" \/>\n\t<meta property=\"og:image:type\" content=\"image\/png\" \/>\n<meta name=\"twitter:card\" content=\"summary_large_image\" \/>\n<meta name=\"twitter:label1\" content=\"Estimated reading time\" \/>\n\t<meta name=\"twitter:data1\" content=\"2 minutes\" \/>\n<script type=\"application\/ld+json\" class=\"yoast-schema-graph\">{\"@context\":\"https:\\\/\\\/schema.org\",\"@graph\":[{\"@type\":\"WebPage\",\"@id\":\"https:\\\/\\\/www.baldacci.pt\\\/lauroderme-lanolina\\\/\",\"url\":\"https:\\\/\\\/www.baldacci.pt\\\/lauroderme-lanolina\\\/\",\"name\":\"Lauroderme\u00ae Lanolina - Baldacci Portugal\",\"isPartOf\":{\"@id\":\"https:\\\/\\\/www.baldacci.pt\\\/#website\"},\"primaryImageOfPage\":{\"@id\":\"https:\\\/\\\/www.baldacci.pt\\\/lauroderme-lanolina\\\/#primaryimage\"},\"image\":{\"@id\":\"https:\\\/\\\/www.baldacci.pt\\\/lauroderme-lanolina\\\/#primaryimage\"},\"thumbnailUrl\":\"https:\\\/\\\/www.baldacci.pt\\\/wp-content\\\/uploads\\\/2025\\\/03\\\/3D-Lanolina_Lauroderme.png\",\"datePublished\":\"2023-10-17T11:40:46+00:00\",\"dateModified\":\"2025-10-22T16:41:50+00:00\",\"breadcrumb\":{\"@id\":\"https:\\\/\\\/www.baldacci.pt\\\/lauroderme-lanolina\\\/#breadcrumb\"},\"inLanguage\":\"en-GB\",\"potentialAction\":[{\"@type\":\"ReadAction\",\"target\":[\"https:\\\/\\\/www.baldacci.pt\\\/lauroderme-lanolina\\\/\"]}]},{\"@type\":\"ImageObject\",\"inLanguage\":\"en-GB\",\"@id\":\"https:\\\/\\\/www.baldacci.pt\\\/lauroderme-lanolina\\\/#primaryimage\",\"url\":\"https:\\\/\\\/www.baldacci.pt\\\/wp-content\\\/uploads\\\/2025\\\/03\\\/3D-Lanolina_Lauroderme.png\",\"contentUrl\":\"https:\\\/\\\/www.baldacci.pt\\\/wp-content\\\/uploads\\\/2025\\\/03\\\/3D-Lanolina_Lauroderme.png\"},{\"@type\":\"BreadcrumbList\",\"@id\":\"https:\\\/\\\/www.baldacci.pt\\\/lauroderme-lanolina\\\/#breadcrumb\",\"itemListElement\":[{\"@type\":\"ListItem\",\"position\":1,\"name\":\"Home\",\"item\":\"https:\\\/\\\/www.baldacci.pt\\\/\"},{\"@type\":\"ListItem\",\"position\":2,\"name\":\"Lauroderme\u00ae Lanolina\"}]},{\"@type\":\"WebSite\",\"@id\":\"https:\\\/\\\/www.baldacci.pt\\\/#website\",\"url\":\"https:\\\/\\\/www.baldacci.pt\\\/\",\"name\":\"Baldacci Portugal\",\"description\":\"Consigo desde o in\u00edcio... ao fim terap\u00eautico.\",\"publisher\":{\"@id\":\"https:\\\/\\\/www.baldacci.pt\\\/#organization\"},\"potentialAction\":[{\"@type\":\"SearchAction\",\"target\":{\"@type\":\"EntryPoint\",\"urlTemplate\":\"https:\\\/\\\/www.baldacci.pt\\\/?s={search_term_string}\"},\"query-input\":{\"@type\":\"PropertyValueSpecification\",\"valueRequired\":true,\"valueName\":\"search_term_string\"}}],\"inLanguage\":\"en-GB\"},{\"@type\":\"Organization\",\"@id\":\"https:\\\/\\\/www.baldacci.pt\\\/#organization\",\"name\":\"Baldacci Portugal\",\"alternateName\":\"Baldacci\",\"url\":\"https:\\\/\\\/www.baldacci.pt\\\/\",\"logo\":{\"@type\":\"ImageObject\",\"inLanguage\":\"en-GB\",\"@id\":\"https:\\\/\\\/www.baldacci.pt\\\/#\\\/schema\\\/logo\\\/image\\\/\",\"url\":\"https:\\\/\\\/www.baldacci.pt\\\/wp-content\\\/uploads\\\/2023\\\/10\\\/logoBaldacci_blue.png\",\"contentUrl\":\"https:\\\/\\\/www.baldacci.pt\\\/wp-content\\\/uploads\\\/2023\\\/10\\\/logoBaldacci_blue.png\",\"width\":452,\"height\":133,\"caption\":\"Baldacci Portugal\"},\"image\":{\"@id\":\"https:\\\/\\\/www.baldacci.pt\\\/#\\\/schema\\\/logo\\\/image\\\/\"},\"sameAs\":[\"https:\\\/\\\/www.linkedin.com\\\/company\\\/baldacci\\\/\"]}]}<\/script>\n<!-- \/ Yoast SEO plugin. -->","yoast_head_json":{"title":"Lauroderme\u00ae Lanolina - Baldacci Portugal","robots":{"index":"index","follow":"follow","max-snippet":"max-snippet:-1","max-image-preview":"max-image-preview:large","max-video-preview":"max-video-preview:-1"},"canonical":"https:\/\/www.baldacci.pt\/en\/lauroderme-lanolina\/","og_locale":"en_GB","og_type":"article","og_title":"Lauroderme\u00ae Lanolina - Baldacci Portugal","og_description":"Beb\u00e9 &amp; Mam\u00e3 In\u00edcio \/ Produtos \/ Beb\u00e9 &amp; Mam\u00e3 \/ Lauroderme\u00ae Lanolina Dermatologicamente testado. Lauroderme\u00ae Lanolina Produto Cosm\u00e9tico Indica\u00e7\u00f5es Protege, amacia e mant\u00e9m hidratada a pele dos mamilos e ar\u00e9olas durante a gravidez e a amamenta\u00e7\u00e3o. Frequ\u00eancia de utiliza\u00e7\u00e3o Utilizar diariamente. Modo de utiliza\u00e7\u00e3o Lavar as m\u00e3os antes e depois de usar. Ap\u00f3s a [&hellip;]","og_url":"https:\/\/www.baldacci.pt\/en\/lauroderme-lanolina\/","og_site_name":"Baldacci Portugal","article_modified_time":"2025-10-22T16:41:50+00:00","og_image":[{"width":1000,"height":1206,"url":"https:\/\/www.baldacci.pt\/wp-content\/uploads\/2025\/03\/3D-Lanolina_Lauroderme.png","type":"image\/png"}],"twitter_card":"summary_large_image","twitter_misc":{"Estimated reading time":"2 minutes"},"schema":{"@context":"https:\/\/schema.org","@graph":[{"@type":"WebPage","@id":"https:\/\/www.baldacci.pt\/lauroderme-lanolina\/","url":"https:\/\/www.baldacci.pt\/lauroderme-lanolina\/","name":"Lauroderme\u00ae Lanolina - Baldacci Portugal","isPartOf":{"@id":"https:\/\/www.baldacci.pt\/#website"},"primaryImageOfPage":{"@id":"https:\/\/www.baldacci.pt\/lauroderme-lanolina\/#primaryimage"},"image":{"@id":"https:\/\/www.baldacci.pt\/lauroderme-lanolina\/#primaryimage"},"thumbnailUrl":"https:\/\/www.baldacci.pt\/wp-content\/uploads\/2025\/03\/3D-Lanolina_Lauroderme.png","datePublished":"2023-10-17T11:40:46+00:00","dateModified":"2025-10-22T16:41:50+00:00","breadcrumb":{"@id":"https:\/\/www.baldacci.pt\/lauroderme-lanolina\/#breadcrumb"},"inLanguage":"en-GB","potentialAction":[{"@type":"ReadAction","target":["https:\/\/www.baldacci.pt\/lauroderme-lanolina\/"]}]},{"@type":"ImageObject","inLanguage":"en-GB","@id":"https:\/\/www.baldacci.pt\/lauroderme-lanolina\/#primaryimage","url":"https:\/\/www.baldacci.pt\/wp-content\/uploads\/2025\/03\/3D-Lanolina_Lauroderme.png","contentUrl":"https:\/\/www.baldacci.pt\/wp-content\/uploads\/2025\/03\/3D-Lanolina_Lauroderme.png"},{"@type":"BreadcrumbList","@id":"https:\/\/www.baldacci.pt\/lauroderme-lanolina\/#breadcrumb","itemListElement":[{"@type":"ListItem","position":1,"name":"Home","item":"https:\/\/www.baldacci.pt\/"},{"@type":"ListItem","position":2,"name":"Lauroderme\u00ae Lanolina"}]},{"@type":"WebSite","@id":"https:\/\/www.baldacci.pt\/#website","url":"https:\/\/www.baldacci.pt\/","name":"Baldacci Portugal","description":"Consigo desde o in\u00edcio... ao fim terap\u00eautico.","publisher":{"@id":"https:\/\/www.baldacci.pt\/#organization"},"potentialAction":[{"@type":"SearchAction","target":{"@type":"EntryPoint","urlTemplate":"https:\/\/www.baldacci.pt\/?s={search_term_string}"},"query-input":{"@type":"PropertyValueSpecification","valueRequired":true,"valueName":"search_term_string"}}],"inLanguage":"en-GB"},{"@type":"Organization","@id":"https:\/\/www.baldacci.pt\/#organization","name":"Baldacci Portugal","alternateName":"Baldacci","url":"https:\/\/www.baldacci.pt\/","logo":{"@type":"ImageObject","inLanguage":"en-GB","@id":"https:\/\/www.baldacci.pt\/#\/schema\/logo\/image\/","url":"https:\/\/www.baldacci.pt\/wp-content\/uploads\/2023\/10\/logoBaldacci_blue.png","contentUrl":"https:\/\/www.baldacci.pt\/wp-content\/uploads\/2023\/10\/logoBaldacci_blue.png","width":452,"height":133,"caption":"Baldacci Portugal"},"image":{"@id":"https:\/\/www.baldacci.pt\/#\/schema\/logo\/image\/"},"sameAs":["https:\/\/www.linkedin.com\/company\/baldacci\/"]}]}},"_links":{"self":[{"href":"https:\/\/www.baldacci.pt\/en\/wp-json\/wp\/v2\/pages\/754","targetHints":{"allow":["GET"]}}],"collection":[{"href":"https:\/\/www.baldacci.pt\/en\/wp-json\/wp\/v2\/pages"}],"about":[{"href":"https:\/\/www.baldacci.pt\/en\/wp-json\/wp\/v2\/types\/page"}],"author":[{"embeddable":true,"href":"https:\/\/www.baldacci.pt\/en\/wp-json\/wp\/v2\/users\/1"}],"replies":[{"embeddable":true,"href":"https:\/\/www.baldacci.pt\/en\/wp-json\/wp\/v2\/comments?post=754"}],"version-history":[{"count":86,"href":"https:\/\/www.baldacci.pt\/en\/wp-json\/wp\/v2\/pages\/754\/revisions"}],"predecessor-version":[{"id":5721,"href":"https:\/\/www.baldacci.pt\/en\/wp-json\/wp\/v2\/pages\/754\/revisions\/5721"}],"wp:attachment":[{"href":"https:\/\/www.baldacci.pt\/en\/wp-json\/wp\/v2\/media?parent=754"}],"curies":[{"name":"wp","href":"https:\/\/api.w.org\/{rel}","templated":true}]}}