{"id":580,"date":"2023-10-16T16:07:00","date_gmt":"2023-10-16T16:07:00","guid":{"rendered":"https:\/\/www.baldacci.pt\/?page_id=580"},"modified":"2025-10-22T16:32:59","modified_gmt":"2025-10-22T16:32:59","slug":"lauroderme-gel-de-banho","status":"publish","type":"page","link":"https:\/\/www.baldacci.pt\/en\/lauroderme-gel-de-banho\/","title":{"rendered":"Lauroderme<sup>\u00ae<\/sup> Bath Gel"},"content":{"rendered":"<div data-elementor-type=\"wp-page\" data-elementor-id=\"580\" class=\"elementor elementor-580\">\n\t\t\t\t<div class=\"elementor-element elementor-element-da7fb26 e-flex e-con-boxed e-con e-parent\" data-id=\"da7fb26\" data-element_type=\"container\" data-e-type=\"container\" data-settings=\"{&quot;background_background&quot;:&quot;classic&quot;}\">\n\t\t\t\t\t<div class=\"e-con-inner\">\n\t\t<div class=\"elementor-element elementor-element-99323a4 e-flex e-con-boxed e-con e-child\" data-id=\"99323a4\" data-element_type=\"container\" data-e-type=\"container\">\n\t\t\t\t\t<div class=\"e-con-inner\">\n\t\t\t\t<div class=\"elementor-element elementor-element-bf45215 elementor-widget elementor-widget-heading\" data-id=\"bf45215\" data-element_type=\"widget\" data-e-type=\"widget\" data-widget_type=\"heading.default\">\n\t\t\t\t<div class=\"elementor-widget-container\">\n\t\t\t\t\t<h3 class=\"elementor-heading-title elementor-size-default\">Baby &amp; Mommy<\/h3>\t\t\t\t<\/div>\n\t\t\t\t<\/div>\n\t\t\t\t<div class=\"elementor-element elementor-element-f22930d elementor-widget elementor-widget-text-editor\" data-id=\"f22930d\" data-element_type=\"widget\" data-e-type=\"widget\" data-widget_type=\"text-editor.default\">\n\t\t\t\t<div class=\"elementor-widget-container\">\n\t\t\t\t\t\t\t\t\t<p><a style=\"color: #ffffff;\" href=\"https:\/\/www.baldacci.pt\/en\/\">Home<\/a> \/ <a style=\"color: #ffffff;\" href=\"https:\/\/www.baldacci.pt\/en\/produtos\/\">Products<\/a> \/ <a style=\"color: #ffffff;\" href=\"https:\/\/www.baldacci.pt\/en\/bebe-mama\/\">Baby &amp; Mommy<\/a> \/ <strong>Lauroderme<sup>\u00ae<\/sup> Bath Gel<\/strong><\/p>\t\t\t\t\t\t\t\t<\/div>\n\t\t\t\t<\/div>\n\t\t\t\t\t<\/div>\n\t\t\t\t<\/div>\n\t\t\t\t\t<\/div>\n\t\t\t\t<\/div>\n\t\t<div class=\"elementor-element elementor-element-f1d38e0 e-con-full e-flex e-con e-parent\" data-id=\"f1d38e0\" data-element_type=\"container\" data-e-type=\"container\" data-settings=\"{&quot;background_background&quot;:&quot;classic&quot;}\">\n\t\t<div class=\"elementor-element elementor-element-1f67b54 e-flex e-con-boxed e-con e-child\" data-id=\"1f67b54\" data-element_type=\"container\" data-e-type=\"container\">\n\t\t\t\t\t<div class=\"e-con-inner\">\n\t\t<div class=\"elementor-element elementor-element-10d5102 e-con-full e-flex e-con e-child\" data-id=\"10d5102\" data-element_type=\"container\" data-e-type=\"container\">\n\t\t\t\t<div class=\"elementor-element elementor-element-08ac4d6 elementor-widget elementor-widget-image\" data-id=\"08ac4d6\" data-element_type=\"widget\" data-e-type=\"widget\" data-widget_type=\"image.default\">\n\t\t\t\t<div class=\"elementor-widget-container\">\n\t\t\t\t\t\t\t\t\t\t\t\t\t\t\t<img fetchpriority=\"high\" decoding=\"async\" width=\"1000\" height=\"1179\" src=\"https:\/\/www.baldacci.pt\/wp-content\/uploads\/2025\/03\/3D-GelBanho_Lauroderme.png\" class=\"attachment-full size-full wp-image-5280\" alt=\"Embalagem Lauroderme Gel de Banho\" srcset=\"https:\/\/www.baldacci.pt\/wp-content\/uploads\/2025\/03\/3D-GelBanho_Lauroderme.png 1000w, https:\/\/www.baldacci.pt\/wp-content\/uploads\/2025\/03\/3D-GelBanho_Lauroderme-254x300.png 254w, https:\/\/www.baldacci.pt\/wp-content\/uploads\/2025\/03\/3D-GelBanho_Lauroderme-869x1024.png 869w, https:\/\/www.baldacci.pt\/wp-content\/uploads\/2025\/03\/3D-GelBanho_Lauroderme-768x905.png 768w, https:\/\/www.baldacci.pt\/wp-content\/uploads\/2025\/03\/3D-GelBanho_Lauroderme-10x12.png 10w\" sizes=\"(max-width: 1000px) 100vw, 1000px\" \/>\t\t\t\t\t\t\t\t\t\t\t\t\t\t\t<\/div>\n\t\t\t\t<\/div>\n\t\t\t\t<div class=\"elementor-element elementor-element-44d8d4e elementor-widget elementor-widget-heading\" data-id=\"44d8d4e\" data-element_type=\"widget\" data-e-type=\"widget\" data-widget_type=\"heading.default\">\n\t\t\t\t<div class=\"elementor-widget-container\">\n\t\t\t\t\t<p class=\"elementor-heading-title elementor-size-default\">Dermatologically tested.<\/p>\t\t\t\t<\/div>\n\t\t\t\t<\/div>\n\t\t\t\t<\/div>\n\t\t<div class=\"elementor-element elementor-element-510449e e-con-full e-flex e-con e-child\" data-id=\"510449e\" data-element_type=\"container\" data-e-type=\"container\">\n\t\t<div class=\"elementor-element elementor-element-10bab37 e-flex e-con-boxed e-con e-child\" data-id=\"10bab37\" data-element_type=\"container\" data-e-type=\"container\">\n\t\t\t\t\t<div class=\"e-con-inner\">\n\t\t<div class=\"elementor-element elementor-element-a214b26 e-flex e-con-boxed e-con e-child\" data-id=\"a214b26\" data-element_type=\"container\" data-e-type=\"container\">\n\t\t\t\t\t<div class=\"e-con-inner\">\n\t\t\t\t<div class=\"elementor-element elementor-element-2f98f6b elementor-widget elementor-widget-heading\" data-id=\"2f98f6b\" data-element_type=\"widget\" data-e-type=\"widget\" data-widget_type=\"heading.default\">\n\t\t\t\t<div class=\"elementor-widget-container\">\n\t\t\t\t\t<h4 class=\"elementor-heading-title elementor-size-default\">Lauroderme<sup>\u00ae<\/sup> Bath Gel<\/h4>\t\t\t\t<\/div>\n\t\t\t\t<\/div>\n\t\t\t\t<div class=\"elementor-element elementor-element-f680545 elementor-widget elementor-widget-text-editor\" data-id=\"f680545\" data-element_type=\"widget\" data-e-type=\"widget\" data-widget_type=\"text-editor.default\">\n\t\t\t\t<div class=\"elementor-widget-container\">\n\t\t\t\t\t\t\t\t\t<p>Cosmetic Product<\/p>\t\t\t\t\t\t\t\t<\/div>\n\t\t\t\t<\/div>\n\t\t\t\t\t<\/div>\n\t\t\t\t<\/div>\n\t\t<div class=\"elementor-element elementor-element-8c7a45b e-flex e-con-boxed e-con e-child\" data-id=\"8c7a45b\" data-element_type=\"container\" data-e-type=\"container\">\n\t\t\t\t\t<div class=\"e-con-inner\">\n\t\t\t\t<div class=\"elementor-element elementor-element-b7189bf elementor-widget elementor-widget-heading\" data-id=\"b7189bf\" data-element_type=\"widget\" data-e-type=\"widget\" data-widget_type=\"heading.default\">\n\t\t\t\t<div class=\"elementor-widget-container\">\n\t\t\t\t\t<h6 class=\"elementor-heading-title elementor-size-default\">Indications<\/h6>\t\t\t\t<\/div>\n\t\t\t\t<\/div>\n\t\t\t\t<div class=\"elementor-element elementor-element-9494889 elementor-widget elementor-widget-text-editor\" data-id=\"9494889\" data-element_type=\"widget\" data-e-type=\"widget\" data-widget_type=\"text-editor.default\">\n\t\t\t\t<div class=\"elementor-widget-container\">\n\t\t\t\t\t\t\t\t\t<p>Suitable for newborns.<\/p>\t\t\t\t\t\t\t\t<\/div>\n\t\t\t\t<\/div>\n\t\t\t\t\t<\/div>\n\t\t\t\t<\/div>\n\t\t<div class=\"elementor-element elementor-element-06a6ff4 e-flex e-con-boxed e-con e-child\" data-id=\"06a6ff4\" data-element_type=\"container\" data-e-type=\"container\">\n\t\t\t\t\t<div class=\"e-con-inner\">\n\t\t\t\t<div class=\"elementor-element elementor-element-7760dfd elementor-widget elementor-widget-heading\" data-id=\"7760dfd\" data-element_type=\"widget\" data-e-type=\"widget\" data-widget_type=\"heading.default\">\n\t\t\t\t<div class=\"elementor-widget-container\">\n\t\t\t\t\t<h6 class=\"elementor-heading-title elementor-size-default\">Frequency of use<\/h6>\t\t\t\t<\/div>\n\t\t\t\t<\/div>\n\t\t\t\t<div class=\"elementor-element elementor-element-883ea1f elementor-widget elementor-widget-text-editor\" data-id=\"883ea1f\" data-element_type=\"widget\" data-e-type=\"widget\" data-widget_type=\"text-editor.default\">\n\t\t\t\t<div class=\"elementor-widget-container\">\n\t\t\t\t\t\t\t\t\t<p>Use daily.<\/p>\t\t\t\t\t\t\t\t<\/div>\n\t\t\t\t<\/div>\n\t\t\t\t\t<\/div>\n\t\t\t\t<\/div>\n\t\t<div class=\"elementor-element elementor-element-b091489 e-con-full e-flex e-con e-child\" data-id=\"b091489\" data-element_type=\"container\" data-e-type=\"container\">\n\t\t\t\t<div class=\"elementor-element elementor-element-b923a0e elementor-widget elementor-widget-heading\" data-id=\"b923a0e\" data-element_type=\"widget\" data-e-type=\"widget\" data-widget_type=\"heading.default\">\n\t\t\t\t<div class=\"elementor-widget-container\">\n\t\t\t\t\t<h6 class=\"elementor-heading-title elementor-size-default\">How to use<\/h6>\t\t\t\t<\/div>\n\t\t\t\t<\/div>\n\t\t\t\t<div class=\"elementor-element elementor-element-97b5cf3 elementor-widget elementor-widget-text-editor\" data-id=\"97b5cf3\" data-element_type=\"widget\" data-e-type=\"widget\" data-widget_type=\"text-editor.default\">\n\t\t\t\t<div class=\"elementor-widget-container\">\n\t\t\t\t\t\t\t\t\t<p>Apply the needed amount of product on the skin, massage it and then rinse it off with lukewarm water.<\/p>\t\t\t\t\t\t\t\t<\/div>\n\t\t\t\t<\/div>\n\t\t\t\t<\/div>\n\t\t<div class=\"elementor-element elementor-element-4e0c77a e-flex e-con-boxed e-con e-child\" data-id=\"4e0c77a\" data-element_type=\"container\" data-e-type=\"container\">\n\t\t\t\t\t<div class=\"e-con-inner\">\n\t\t\t\t<div class=\"elementor-element elementor-element-0d6c11a elementor-widget elementor-widget-heading\" data-id=\"0d6c11a\" data-element_type=\"widget\" data-e-type=\"widget\" data-widget_type=\"heading.default\">\n\t\t\t\t<div class=\"elementor-widget-container\">\n\t\t\t\t\t<h6 class=\"elementor-heading-title elementor-size-default\">Presentation<\/h6>\t\t\t\t<\/div>\n\t\t\t\t<\/div>\n\t\t<div class=\"elementor-element elementor-element-21730a5 e-flex e-con-boxed e-con e-child\" data-id=\"21730a5\" data-element_type=\"container\" data-e-type=\"container\">\n\t\t\t\t\t<div class=\"e-con-inner\">\n\t\t\t\t<div class=\"elementor-element elementor-element-0afffe9 elementor-widget elementor-widget-text-editor\" data-id=\"0afffe9\" data-element_type=\"widget\" data-e-type=\"widget\" data-widget_type=\"text-editor.default\">\n\t\t\t\t<div class=\"elementor-widget-container\">\n\t\t\t\t\t\t\t\t\t<p>250ml bottle.<\/p>\t\t\t\t\t\t\t\t<\/div>\n\t\t\t\t<\/div>\n\t\t\t\t\t<\/div>\n\t\t\t\t<\/div>\n\t\t\t\t\t<\/div>\n\t\t\t\t<\/div>\n\t\t<div class=\"elementor-element elementor-element-f9c4eb0 e-flex e-con-boxed e-con e-child\" data-id=\"f9c4eb0\" data-element_type=\"container\" data-e-type=\"container\">\n\t\t\t\t\t<div class=\"e-con-inner\">\n\t\t\t\t<div class=\"elementor-element elementor-element-5528e16 elementor-widget elementor-widget-text-editor\" data-id=\"5528e16\" data-element_type=\"widget\" data-e-type=\"widget\" data-widget_type=\"text-editor.default\">\n\t\t\t\t<div class=\"elementor-widget-container\">\n\t\t\t\t\t\t\t\t\t<p>Still have questions?<\/p>\t\t\t\t\t\t\t\t<\/div>\n\t\t\t\t<\/div>\n\t\t\t\t<div class=\"elementor-element elementor-element-3c706fb elementor-widget elementor-widget-button\" data-id=\"3c706fb\" data-element_type=\"widget\" data-e-type=\"widget\" data-widget_type=\"button.default\">\n\t\t\t\t<div class=\"elementor-widget-container\">\n\t\t\t\t\t\t\t\t\t<div class=\"elementor-button-wrapper\">\n\t\t\t\t\t<a class=\"elementor-button elementor-button-link elementor-size-sm\" href=\"https:\/\/www.baldacci.pt\/en\/?page_id=1639\">\n\t\t\t\t\t\t<span class=\"elementor-button-content-wrapper\">\n\t\t\t\t\t\t<span class=\"elementor-button-icon\">\n\t\t\t\t<svg xmlns=\"http:\/\/www.w3.org\/2000\/svg\" width=\"18\" height=\"19\" viewbox=\"0 0 18 19\" fill=\"none\"><path d=\"M6.75 14.1924L11.25 9.69238L6.75 5.19238\" stroke=\"white\" stroke-width=\"1.5\" stroke-linecap=\"square\" stroke-linejoin=\"round\"><\/path><\/svg>\t\t\t<\/span>\n\t\t\t\t\t\t\t\t\t<span class=\"elementor-button-text\">Ask for more information<\/span>\n\t\t\t\t\t<\/span>\n\t\t\t\t\t<\/a>\n\t\t\t\t<\/div>\n\t\t\t\t\t\t\t\t<\/div>\n\t\t\t\t<\/div>\n\t\t\t\t\t<\/div>\n\t\t\t\t<\/div>\n\t\t\t\t\t<\/div>\n\t\t\t\t<\/div>\n\t\t<div class=\"elementor-element elementor-element-210dcaa e-con-full e-flex e-con e-child\" data-id=\"210dcaa\" data-element_type=\"container\" data-e-type=\"container\">\n\t\t\t\t<div class=\"elementor-element elementor-element-3b21d06 elementor-widget elementor-widget-heading\" data-id=\"3b21d06\" data-element_type=\"widget\" data-e-type=\"widget\" data-widget_type=\"heading.default\">\n\t\t\t\t<div class=\"elementor-widget-container\">\n\t\t\t\t\t<h6 class=\"elementor-heading-title elementor-size-default\">See also<\/h6>\t\t\t\t<\/div>\n\t\t\t\t<\/div>\n\t\t<div class=\"elementor-element elementor-element-140a7c2 e-flex e-con-boxed e-con e-child\" data-id=\"140a7c2\" data-element_type=\"container\" data-e-type=\"container\">\n\t\t\t\t\t<div class=\"e-con-inner\">\n\t\t<div class=\"elementor-element elementor-element-7229e65 e-con-full e-flex e-con e-child\" data-id=\"7229e65\" data-element_type=\"container\" data-e-type=\"container\">\n\t\t\t\t<div class=\"elementor-element elementor-element-ba4297f elementor-widget elementor-widget-image\" data-id=\"ba4297f\" data-element_type=\"widget\" data-e-type=\"widget\" data-widget_type=\"image.default\">\n\t\t\t\t<div class=\"elementor-widget-container\">\n\t\t\t\t\t\t\t\t\t\t\t\t\t\t\t\t<a href=\"https:\/\/www.baldacci.pt\/en\/?page_id=619\">\n\t\t\t\t\t\t\t<img decoding=\"async\" width=\"1000\" height=\"744\" src=\"https:\/\/www.baldacci.pt\/wp-content\/uploads\/2025\/03\/3D-Sabonete_Lauroderme.png\" class=\"attachment-full size-full wp-image-5282\" alt=\"Sabonete Lauroderme\" srcset=\"https:\/\/www.baldacci.pt\/wp-content\/uploads\/2025\/03\/3D-Sabonete_Lauroderme.png 1000w, https:\/\/www.baldacci.pt\/wp-content\/uploads\/2025\/03\/3D-Sabonete_Lauroderme-300x223.png 300w, https:\/\/www.baldacci.pt\/wp-content\/uploads\/2025\/03\/3D-Sabonete_Lauroderme-768x571.png 768w, https:\/\/www.baldacci.pt\/wp-content\/uploads\/2025\/03\/3D-Sabonete_Lauroderme-16x12.png 16w\" sizes=\"(max-width: 1000px) 100vw, 1000px\" \/>\t\t\t\t\t\t\t\t<\/a>\n\t\t\t\t\t\t\t\t\t\t\t\t\t\t\t<\/div>\n\t\t\t\t<\/div>\n\t\t\t\t<div class=\"elementor-element elementor-element-7007ad7 elementor-widget elementor-widget-heading\" data-id=\"7007ad7\" data-element_type=\"widget\" data-e-type=\"widget\" data-widget_type=\"heading.default\">\n\t\t\t\t<div class=\"elementor-widget-container\">\n\t\t\t\t\t<p class=\"elementor-heading-title elementor-size-default\"><a href=\"https:\/\/www.baldacci.pt\/en\/?page_id=619\">Lauroderme<sup>\u00ae<\/sup> Soap<\/a><\/p>\t\t\t\t<\/div>\n\t\t\t\t<\/div>\n\t\t\t\t<\/div>\n\t\t<div class=\"elementor-element elementor-element-6438449 e-con-full e-flex e-con e-child\" data-id=\"6438449\" data-element_type=\"container\" data-e-type=\"container\">\n\t\t\t\t<div class=\"elementor-element elementor-element-23964c1 elementor-widget__width-initial elementor-widget elementor-widget-image\" data-id=\"23964c1\" data-element_type=\"widget\" data-e-type=\"widget\" data-widget_type=\"image.default\">\n\t\t\t\t<div class=\"elementor-widget-container\">\n\t\t\t\t\t\t\t\t\t\t\t\t\t\t\t\t<a href=\"https:\/\/www.baldacci.pt\/en\/lauroderme-champo\/\">\n\t\t\t\t\t\t\t<img decoding=\"async\" src=\"https:\/\/www.baldacci.pt\/wp-content\/uploads\/elementor\/thumbs\/3D-Champo_Lauroderme-r3fbfp4r4jqp30c90okq6gv1fn0209rqlgft42cw8u.png\" title=\"Lauroderme Champ\u00f4\" alt=\"Embalagem Lauroderme Champ\u00f4\" loading=\"lazy\" \/>\t\t\t\t\t\t\t\t<\/a>\n\t\t\t\t\t\t\t\t\t\t\t\t\t\t\t<\/div>\n\t\t\t\t<\/div>\n\t\t\t\t<div class=\"elementor-element elementor-element-ce34f77 elementor-widget elementor-widget-heading\" data-id=\"ce34f77\" data-element_type=\"widget\" data-e-type=\"widget\" data-widget_type=\"heading.default\">\n\t\t\t\t<div class=\"elementor-widget-container\">\n\t\t\t\t\t<p class=\"elementor-heading-title elementor-size-default\"><a href=\"https:\/\/www.baldacci.pt\/en\/lauroderme-champo\/\">Lauroderme<sup>\u00ae<\/sup> Shampo<\/a><\/p>\t\t\t\t<\/div>\n\t\t\t\t<\/div>\n\t\t\t\t<\/div>\n\t\t\t\t\t<\/div>\n\t\t\t\t<\/div>\n\t\t\t\t<\/div>\n\t\t\t\t<\/div>\n\t\t\t\t\t<\/div>\n\t\t\t\t<\/div>\n\t\t\t\t<\/div>\n\t\t\t\t<\/div>","protected":false},"excerpt":{"rendered":"<p>Beb\u00e9 &amp; Mam\u00e3 In\u00edcio \/ Produtos \/ Beb\u00e9 &amp; Mam\u00e3 \/ Lauroderme\u00ae Gel de Banho Dermatologicamente testado. Lauroderme\u00ae Gel de Banho Produto Cosm\u00e9tico Indica\u00e7\u00f5es Indicado para os beb\u00e9s desde os primeiros dias de vida. Frequ\u00eancia de utiliza\u00e7\u00e3o Utilizar diariamente. Modo de utiliza\u00e7\u00e3o Deitar na \u00e1gua do banho ou aplicar a quantidade necess\u00e1ria de produto na [&hellip;]<\/p>\n","protected":false},"author":1,"featured_media":0,"parent":0,"menu_order":0,"comment_status":"closed","ping_status":"closed","template":"","meta":{"footnotes":""},"class_list":["post-580","page","type-page","status-publish","hentry"],"blocksy_meta":[],"yoast_head":"<!-- This site is optimized with the Yoast SEO plugin v27.4 - https:\/\/yoast.com\/product\/yoast-seo-wordpress\/ -->\n<title>Lauroderme\u00ae Gel de Banho - Baldacci Portugal<\/title>\n<meta name=\"robots\" content=\"index, follow, max-snippet:-1, max-image-preview:large, max-video-preview:-1\" \/>\n<link rel=\"canonical\" href=\"https:\/\/www.baldacci.pt\/en\/lauroderme-gel-de-banho\/\" \/>\n<meta property=\"og:locale\" content=\"en_GB\" \/>\n<meta property=\"og:type\" content=\"article\" \/>\n<meta property=\"og:title\" content=\"Lauroderme\u00ae Gel de Banho - Baldacci Portugal\" \/>\n<meta property=\"og:description\" content=\"Beb\u00e9 &amp; Mam\u00e3 In\u00edcio \/ Produtos \/ Beb\u00e9 &amp; Mam\u00e3 \/ Lauroderme\u00ae Gel de Banho Dermatologicamente testado. Lauroderme\u00ae Gel de Banho Produto Cosm\u00e9tico Indica\u00e7\u00f5es Indicado para os beb\u00e9s desde os primeiros dias de vida. Frequ\u00eancia de utiliza\u00e7\u00e3o Utilizar diariamente. Modo de utiliza\u00e7\u00e3o Deitar na \u00e1gua do banho ou aplicar a quantidade necess\u00e1ria de produto na [&hellip;]\" \/>\n<meta property=\"og:url\" content=\"https:\/\/www.baldacci.pt\/en\/lauroderme-gel-de-banho\/\" \/>\n<meta property=\"og:site_name\" content=\"Baldacci Portugal\" \/>\n<meta property=\"article:modified_time\" content=\"2025-10-22T16:32:59+00:00\" \/>\n<meta property=\"og:image\" content=\"https:\/\/www.baldacci.pt\/wp-content\/uploads\/2025\/03\/3D-GelBanho_Lauroderme.png\" \/>\n\t<meta property=\"og:image:width\" content=\"1000\" \/>\n\t<meta property=\"og:image:height\" content=\"1179\" \/>\n\t<meta property=\"og:image:type\" content=\"image\/png\" \/>\n<meta name=\"twitter:card\" content=\"summary_large_image\" \/>\n<meta name=\"twitter:label1\" content=\"Estimated reading time\" \/>\n\t<meta name=\"twitter:data1\" content=\"1 minute\" \/>\n<script type=\"application\/ld+json\" class=\"yoast-schema-graph\">{\"@context\":\"https:\\\/\\\/schema.org\",\"@graph\":[{\"@type\":\"WebPage\",\"@id\":\"https:\\\/\\\/www.baldacci.pt\\\/lauroderme-gel-de-banho\\\/\",\"url\":\"https:\\\/\\\/www.baldacci.pt\\\/lauroderme-gel-de-banho\\\/\",\"name\":\"Lauroderme\u00ae Gel de Banho - Baldacci Portugal\",\"isPartOf\":{\"@id\":\"https:\\\/\\\/www.baldacci.pt\\\/#website\"},\"primaryImageOfPage\":{\"@id\":\"https:\\\/\\\/www.baldacci.pt\\\/lauroderme-gel-de-banho\\\/#primaryimage\"},\"image\":{\"@id\":\"https:\\\/\\\/www.baldacci.pt\\\/lauroderme-gel-de-banho\\\/#primaryimage\"},\"thumbnailUrl\":\"https:\\\/\\\/www.baldacci.pt\\\/wp-content\\\/uploads\\\/2025\\\/03\\\/3D-GelBanho_Lauroderme.png\",\"datePublished\":\"2023-10-16T16:07:00+00:00\",\"dateModified\":\"2025-10-22T16:32:59+00:00\",\"breadcrumb\":{\"@id\":\"https:\\\/\\\/www.baldacci.pt\\\/lauroderme-gel-de-banho\\\/#breadcrumb\"},\"inLanguage\":\"en-GB\",\"potentialAction\":[{\"@type\":\"ReadAction\",\"target\":[\"https:\\\/\\\/www.baldacci.pt\\\/lauroderme-gel-de-banho\\\/\"]}]},{\"@type\":\"ImageObject\",\"inLanguage\":\"en-GB\",\"@id\":\"https:\\\/\\\/www.baldacci.pt\\\/lauroderme-gel-de-banho\\\/#primaryimage\",\"url\":\"https:\\\/\\\/www.baldacci.pt\\\/wp-content\\\/uploads\\\/2025\\\/03\\\/3D-GelBanho_Lauroderme.png\",\"contentUrl\":\"https:\\\/\\\/www.baldacci.pt\\\/wp-content\\\/uploads\\\/2025\\\/03\\\/3D-GelBanho_Lauroderme.png\"},{\"@type\":\"BreadcrumbList\",\"@id\":\"https:\\\/\\\/www.baldacci.pt\\\/lauroderme-gel-de-banho\\\/#breadcrumb\",\"itemListElement\":[{\"@type\":\"ListItem\",\"position\":1,\"name\":\"Home\",\"item\":\"https:\\\/\\\/www.baldacci.pt\\\/\"},{\"@type\":\"ListItem\",\"position\":2,\"name\":\"Lauroderme\u00ae Gel de Banho\"}]},{\"@type\":\"WebSite\",\"@id\":\"https:\\\/\\\/www.baldacci.pt\\\/#website\",\"url\":\"https:\\\/\\\/www.baldacci.pt\\\/\",\"name\":\"Baldacci Portugal\",\"description\":\"Consigo desde o in\u00edcio... ao fim terap\u00eautico.\",\"publisher\":{\"@id\":\"https:\\\/\\\/www.baldacci.pt\\\/#organization\"},\"potentialAction\":[{\"@type\":\"SearchAction\",\"target\":{\"@type\":\"EntryPoint\",\"urlTemplate\":\"https:\\\/\\\/www.baldacci.pt\\\/?s={search_term_string}\"},\"query-input\":{\"@type\":\"PropertyValueSpecification\",\"valueRequired\":true,\"valueName\":\"search_term_string\"}}],\"inLanguage\":\"en-GB\"},{\"@type\":\"Organization\",\"@id\":\"https:\\\/\\\/www.baldacci.pt\\\/#organization\",\"name\":\"Baldacci Portugal\",\"alternateName\":\"Baldacci\",\"url\":\"https:\\\/\\\/www.baldacci.pt\\\/\",\"logo\":{\"@type\":\"ImageObject\",\"inLanguage\":\"en-GB\",\"@id\":\"https:\\\/\\\/www.baldacci.pt\\\/#\\\/schema\\\/logo\\\/image\\\/\",\"url\":\"https:\\\/\\\/www.baldacci.pt\\\/wp-content\\\/uploads\\\/2023\\\/10\\\/logoBaldacci_blue.png\",\"contentUrl\":\"https:\\\/\\\/www.baldacci.pt\\\/wp-content\\\/uploads\\\/2023\\\/10\\\/logoBaldacci_blue.png\",\"width\":452,\"height\":133,\"caption\":\"Baldacci Portugal\"},\"image\":{\"@id\":\"https:\\\/\\\/www.baldacci.pt\\\/#\\\/schema\\\/logo\\\/image\\\/\"},\"sameAs\":[\"https:\\\/\\\/www.linkedin.com\\\/company\\\/baldacci\\\/\"]}]}<\/script>\n<!-- \/ Yoast SEO plugin. -->","yoast_head_json":{"title":"Lauroderme\u00ae Gel de Banho - Baldacci Portugal","robots":{"index":"index","follow":"follow","max-snippet":"max-snippet:-1","max-image-preview":"max-image-preview:large","max-video-preview":"max-video-preview:-1"},"canonical":"https:\/\/www.baldacci.pt\/en\/lauroderme-gel-de-banho\/","og_locale":"en_GB","og_type":"article","og_title":"Lauroderme\u00ae Gel de Banho - Baldacci Portugal","og_description":"Beb\u00e9 &amp; Mam\u00e3 In\u00edcio \/ Produtos \/ Beb\u00e9 &amp; Mam\u00e3 \/ Lauroderme\u00ae Gel de Banho Dermatologicamente testado. Lauroderme\u00ae Gel de Banho Produto Cosm\u00e9tico Indica\u00e7\u00f5es Indicado para os beb\u00e9s desde os primeiros dias de vida. Frequ\u00eancia de utiliza\u00e7\u00e3o Utilizar diariamente. Modo de utiliza\u00e7\u00e3o Deitar na \u00e1gua do banho ou aplicar a quantidade necess\u00e1ria de produto na [&hellip;]","og_url":"https:\/\/www.baldacci.pt\/en\/lauroderme-gel-de-banho\/","og_site_name":"Baldacci Portugal","article_modified_time":"2025-10-22T16:32:59+00:00","og_image":[{"width":1000,"height":1179,"url":"https:\/\/www.baldacci.pt\/wp-content\/uploads\/2025\/03\/3D-GelBanho_Lauroderme.png","type":"image\/png"}],"twitter_card":"summary_large_image","twitter_misc":{"Estimated reading time":"1 minute"},"schema":{"@context":"https:\/\/schema.org","@graph":[{"@type":"WebPage","@id":"https:\/\/www.baldacci.pt\/lauroderme-gel-de-banho\/","url":"https:\/\/www.baldacci.pt\/lauroderme-gel-de-banho\/","name":"Lauroderme\u00ae Gel de Banho - Baldacci Portugal","isPartOf":{"@id":"https:\/\/www.baldacci.pt\/#website"},"primaryImageOfPage":{"@id":"https:\/\/www.baldacci.pt\/lauroderme-gel-de-banho\/#primaryimage"},"image":{"@id":"https:\/\/www.baldacci.pt\/lauroderme-gel-de-banho\/#primaryimage"},"thumbnailUrl":"https:\/\/www.baldacci.pt\/wp-content\/uploads\/2025\/03\/3D-GelBanho_Lauroderme.png","datePublished":"2023-10-16T16:07:00+00:00","dateModified":"2025-10-22T16:32:59+00:00","breadcrumb":{"@id":"https:\/\/www.baldacci.pt\/lauroderme-gel-de-banho\/#breadcrumb"},"inLanguage":"en-GB","potentialAction":[{"@type":"ReadAction","target":["https:\/\/www.baldacci.pt\/lauroderme-gel-de-banho\/"]}]},{"@type":"ImageObject","inLanguage":"en-GB","@id":"https:\/\/www.baldacci.pt\/lauroderme-gel-de-banho\/#primaryimage","url":"https:\/\/www.baldacci.pt\/wp-content\/uploads\/2025\/03\/3D-GelBanho_Lauroderme.png","contentUrl":"https:\/\/www.baldacci.pt\/wp-content\/uploads\/2025\/03\/3D-GelBanho_Lauroderme.png"},{"@type":"BreadcrumbList","@id":"https:\/\/www.baldacci.pt\/lauroderme-gel-de-banho\/#breadcrumb","itemListElement":[{"@type":"ListItem","position":1,"name":"Home","item":"https:\/\/www.baldacci.pt\/"},{"@type":"ListItem","position":2,"name":"Lauroderme\u00ae Gel de Banho"}]},{"@type":"WebSite","@id":"https:\/\/www.baldacci.pt\/#website","url":"https:\/\/www.baldacci.pt\/","name":"Baldacci Portugal","description":"Consigo desde o in\u00edcio... ao fim terap\u00eautico.","publisher":{"@id":"https:\/\/www.baldacci.pt\/#organization"},"potentialAction":[{"@type":"SearchAction","target":{"@type":"EntryPoint","urlTemplate":"https:\/\/www.baldacci.pt\/?s={search_term_string}"},"query-input":{"@type":"PropertyValueSpecification","valueRequired":true,"valueName":"search_term_string"}}],"inLanguage":"en-GB"},{"@type":"Organization","@id":"https:\/\/www.baldacci.pt\/#organization","name":"Baldacci Portugal","alternateName":"Baldacci","url":"https:\/\/www.baldacci.pt\/","logo":{"@type":"ImageObject","inLanguage":"en-GB","@id":"https:\/\/www.baldacci.pt\/#\/schema\/logo\/image\/","url":"https:\/\/www.baldacci.pt\/wp-content\/uploads\/2023\/10\/logoBaldacci_blue.png","contentUrl":"https:\/\/www.baldacci.pt\/wp-content\/uploads\/2023\/10\/logoBaldacci_blue.png","width":452,"height":133,"caption":"Baldacci Portugal"},"image":{"@id":"https:\/\/www.baldacci.pt\/#\/schema\/logo\/image\/"},"sameAs":["https:\/\/www.linkedin.com\/company\/baldacci\/"]}]}},"_links":{"self":[{"href":"https:\/\/www.baldacci.pt\/en\/wp-json\/wp\/v2\/pages\/580","targetHints":{"allow":["GET"]}}],"collection":[{"href":"https:\/\/www.baldacci.pt\/en\/wp-json\/wp\/v2\/pages"}],"about":[{"href":"https:\/\/www.baldacci.pt\/en\/wp-json\/wp\/v2\/types\/page"}],"author":[{"embeddable":true,"href":"https:\/\/www.baldacci.pt\/en\/wp-json\/wp\/v2\/users\/1"}],"replies":[{"embeddable":true,"href":"https:\/\/www.baldacci.pt\/en\/wp-json\/wp\/v2\/comments?post=580"}],"version-history":[{"count":131,"href":"https:\/\/www.baldacci.pt\/en\/wp-json\/wp\/v2\/pages\/580\/revisions"}],"predecessor-version":[{"id":5706,"href":"https:\/\/www.baldacci.pt\/en\/wp-json\/wp\/v2\/pages\/580\/revisions\/5706"}],"wp:attachment":[{"href":"https:\/\/www.baldacci.pt\/en\/wp-json\/wp\/v2\/media?parent=580"}],"curies":[{"name":"wp","href":"https:\/\/api.w.org\/{rel}","templated":true}]}}