{"id":3428,"date":"2023-11-06T12:41:46","date_gmt":"2023-11-06T12:41:46","guid":{"rendered":"https:\/\/www.baldacci.pt\/?page_id=3428"},"modified":"2024-11-14T18:10:50","modified_gmt":"2024-11-14T18:10:50","slug":"saude-da-mulher","status":"publish","type":"page","link":"https:\/\/www.baldacci.pt\/en\/saude-da-mulher\/","title":{"rendered":"Women's Health"},"content":{"rendered":"<div data-elementor-type=\"wp-page\" data-elementor-id=\"3428\" class=\"elementor elementor-3428\">\n\t\t\t\t<div class=\"elementor-element elementor-element-da7fb26 e-flex e-con-boxed e-con e-parent\" data-id=\"da7fb26\" data-element_type=\"container\" data-e-type=\"container\" data-settings=\"{&quot;background_background&quot;:&quot;classic&quot;}\">\n\t\t\t\t\t<div class=\"e-con-inner\">\n\t\t<div class=\"elementor-element elementor-element-99323a4 e-flex e-con-boxed e-con e-child\" data-id=\"99323a4\" data-element_type=\"container\" data-e-type=\"container\">\n\t\t\t\t\t<div class=\"e-con-inner\">\n\t\t\t\t<div class=\"elementor-element elementor-element-bf45215 elementor-widget elementor-widget-heading\" data-id=\"bf45215\" data-element_type=\"widget\" data-e-type=\"widget\" data-widget_type=\"heading.default\">\n\t\t\t\t<div class=\"elementor-widget-container\">\n\t\t\t\t\t<h3 class=\"elementor-heading-title elementor-size-default\">Women's Health<\/h3>\t\t\t\t<\/div>\n\t\t\t\t<\/div>\n\t\t\t\t<div class=\"elementor-element elementor-element-bc65fc8 elementor-widget elementor-widget-text-editor\" data-id=\"bc65fc8\" data-element_type=\"widget\" data-e-type=\"widget\" data-widget_type=\"text-editor.default\">\n\t\t\t\t<div class=\"elementor-widget-container\">\n\t\t\t\t\t\t\t\t\t<p><a style=\"color: #ffffff;\" href=\"https:\/\/www.baldacci.pt\/en\/\">Home<\/a> \/ <a style=\"color: #ffffff;\" href=\"https:\/\/www.baldacci.pt\/en\/?page_id=375\">Products<\/a> \/ <strong>Women's Health<\/strong><\/p>\t\t\t\t\t\t\t\t<\/div>\n\t\t\t\t<\/div>\n\t\t\t\t\t<\/div>\n\t\t\t\t<\/div>\n\t\t\t\t\t<\/div>\n\t\t\t\t<\/div>\n\t\t<div class=\"elementor-element elementor-element-f1d38e0 e-con-full e-flex e-con e-parent\" data-id=\"f1d38e0\" data-element_type=\"container\" data-e-type=\"container\" data-settings=\"{&quot;background_background&quot;:&quot;classic&quot;}\">\n\t\t<div class=\"elementor-element elementor-element-210cd19 e-flex e-con-boxed e-con e-child\" data-id=\"210cd19\" data-element_type=\"container\" data-e-type=\"container\">\n\t\t\t\t\t<div class=\"e-con-inner\">\n\t\t<div class=\"elementor-element elementor-element-1f67b54 e-flex e-con-boxed e-con e-child\" data-id=\"1f67b54\" data-element_type=\"container\" data-e-type=\"container\">\n\t\t\t\t\t<div class=\"e-con-inner\">\n\t\t<div class=\"elementor-element elementor-element-d9df058 e-con-full e-flex e-con e-child\" data-id=\"d9df058\" data-element_type=\"container\" data-e-type=\"container\" data-settings=\"{&quot;background_background&quot;:&quot;classic&quot;}\">\n\t\t\t\t<div class=\"elementor-element elementor-element-a41cf34 elementor-widget elementor-widget-image\" data-id=\"a41cf34\" data-element_type=\"widget\" data-e-type=\"widget\" data-widget_type=\"image.default\">\n\t\t\t\t<div class=\"elementor-widget-container\">\n\t\t\t\t\t\t\t\t\t\t\t\t\t\t\t\t<a href=\"https:\/\/www.baldacci.pt\/en\/?page_id=1305\">\n\t\t\t\t\t\t\t<img fetchpriority=\"high\" decoding=\"async\" width=\"702\" height=\"392\" src=\"https:\/\/www.baldacci.pt\/wp-content\/uploads\/2023\/11\/Balfolic.png\" class=\"attachment-full size-full wp-image-3431\" alt=\"Embalagem Balfolic\" srcset=\"https:\/\/www.baldacci.pt\/wp-content\/uploads\/2023\/11\/Balfolic.png 702w, https:\/\/www.baldacci.pt\/wp-content\/uploads\/2023\/11\/Balfolic-300x168.png 300w, https:\/\/www.baldacci.pt\/wp-content\/uploads\/2023\/11\/Balfolic-18x10.png 18w\" sizes=\"(max-width: 702px) 100vw, 702px\" \/>\t\t\t\t\t\t\t\t<\/a>\n\t\t\t\t\t\t\t\t\t\t\t\t\t\t\t<\/div>\n\t\t\t\t<\/div>\n\t\t<div class=\"elementor-element elementor-element-caf3978 e-flex e-con-boxed e-con e-child\" data-id=\"caf3978\" data-element_type=\"container\" data-e-type=\"container\">\n\t\t\t\t\t<div class=\"e-con-inner\">\n\t\t\t\t<div class=\"elementor-element elementor-element-ab9dc39 elementor-widget elementor-widget-heading\" data-id=\"ab9dc39\" data-element_type=\"widget\" data-e-type=\"widget\" data-widget_type=\"heading.default\">\n\t\t\t\t<div class=\"elementor-widget-container\">\n\t\t\t\t\t<p class=\"elementor-heading-title elementor-size-default\">Balfolic<sup>\u00ae<\/sup><\/p>\t\t\t\t<\/div>\n\t\t\t\t<\/div>\n\t\t\t\t<div class=\"elementor-element elementor-element-129ce1c elementor-widget elementor-widget-button\" data-id=\"129ce1c\" data-element_type=\"widget\" data-e-type=\"widget\" data-widget_type=\"button.default\">\n\t\t\t\t<div class=\"elementor-widget-container\">\n\t\t\t\t\t\t\t\t\t<div class=\"elementor-button-wrapper\">\n\t\t\t\t\t<a class=\"elementor-button elementor-button-link elementor-size-sm\" href=\"https:\/\/www.baldacci.pt\/en\/?page_id=1305\">\n\t\t\t\t\t\t<span class=\"elementor-button-content-wrapper\">\n\t\t\t\t\t\t<span class=\"elementor-button-icon\">\n\t\t\t\t<svg xmlns=\"http:\/\/www.w3.org\/2000\/svg\" width=\"18\" height=\"19\" viewbox=\"0 0 18 19\" fill=\"none\"><path d=\"M6.75 14.1924L11.25 9.69238L6.75 5.19238\" stroke=\"#005DA9\" stroke-width=\"1.5\" stroke-linecap=\"square\" stroke-linejoin=\"round\"><\/path><\/svg>\t\t\t<\/span>\n\t\t\t\t\t\t\t\t\t<span class=\"elementor-button-text\">See details<\/span>\n\t\t\t\t\t<\/span>\n\t\t\t\t\t<\/a>\n\t\t\t\t<\/div>\n\t\t\t\t\t\t\t\t<\/div>\n\t\t\t\t<\/div>\n\t\t\t\t\t<\/div>\n\t\t\t\t<\/div>\n\t\t\t\t<\/div>\n\t\t<div class=\"elementor-element elementor-element-38e7ff3 e-con-full e-flex e-con e-child\" data-id=\"38e7ff3\" data-element_type=\"container\" data-e-type=\"container\" data-settings=\"{&quot;background_background&quot;:&quot;classic&quot;}\">\n\t\t\t\t<div class=\"elementor-element elementor-element-9f706c0 elementor-widget elementor-widget-image\" data-id=\"9f706c0\" data-element_type=\"widget\" data-e-type=\"widget\" data-widget_type=\"image.default\">\n\t\t\t\t<div class=\"elementor-widget-container\">\n\t\t\t\t\t\t\t\t\t\t\t\t\t\t\t\t<a href=\"https:\/\/www.baldacci.pt\/en\/?page_id=1361\">\n\t\t\t\t\t\t\t<img decoding=\"async\" width=\"506\" height=\"751\" src=\"https:\/\/www.baldacci.pt\/wp-content\/uploads\/2023\/10\/Normogin_2x.png\" class=\"attachment-full size-full wp-image-1347\" alt=\"Embalagem Normogin\" srcset=\"https:\/\/www.baldacci.pt\/wp-content\/uploads\/2023\/10\/Normogin_2x.png 506w, https:\/\/www.baldacci.pt\/wp-content\/uploads\/2023\/10\/Normogin_2x-202x300.png 202w\" sizes=\"(max-width: 506px) 100vw, 506px\" \/>\t\t\t\t\t\t\t\t<\/a>\n\t\t\t\t\t\t\t\t\t\t\t\t\t\t\t<\/div>\n\t\t\t\t<\/div>\n\t\t<div class=\"elementor-element elementor-element-4aeb3bd e-flex e-con-boxed e-con e-child\" data-id=\"4aeb3bd\" data-element_type=\"container\" data-e-type=\"container\">\n\t\t\t\t\t<div class=\"e-con-inner\">\n\t\t\t\t<div class=\"elementor-element elementor-element-1797c38 elementor-widget elementor-widget-heading\" data-id=\"1797c38\" data-element_type=\"widget\" data-e-type=\"widget\" data-widget_type=\"heading.default\">\n\t\t\t\t<div class=\"elementor-widget-container\">\n\t\t\t\t\t<p class=\"elementor-heading-title elementor-size-default\">Normogin<sup>\u00ae<\/sup><\/p>\t\t\t\t<\/div>\n\t\t\t\t<\/div>\n\t\t\t\t<div class=\"elementor-element elementor-element-7f5e524 elementor-widget elementor-widget-button\" data-id=\"7f5e524\" data-element_type=\"widget\" data-e-type=\"widget\" data-widget_type=\"button.default\">\n\t\t\t\t<div class=\"elementor-widget-container\">\n\t\t\t\t\t\t\t\t\t<div class=\"elementor-button-wrapper\">\n\t\t\t\t\t<a class=\"elementor-button elementor-button-link elementor-size-sm\" href=\"https:\/\/www.baldacci.pt\/en\/?page_id=1361\">\n\t\t\t\t\t\t<span class=\"elementor-button-content-wrapper\">\n\t\t\t\t\t\t<span class=\"elementor-button-icon\">\n\t\t\t\t<svg xmlns=\"http:\/\/www.w3.org\/2000\/svg\" width=\"18\" height=\"19\" viewbox=\"0 0 18 19\" fill=\"none\"><path d=\"M6.75 14.1924L11.25 9.69238L6.75 5.19238\" stroke=\"#005DA9\" stroke-width=\"1.5\" stroke-linecap=\"square\" stroke-linejoin=\"round\"><\/path><\/svg>\t\t\t<\/span>\n\t\t\t\t\t\t\t\t\t<span class=\"elementor-button-text\">See details<\/span>\n\t\t\t\t\t<\/span>\n\t\t\t\t\t<\/a>\n\t\t\t\t<\/div>\n\t\t\t\t\t\t\t\t<\/div>\n\t\t\t\t<\/div>\n\t\t\t\t\t<\/div>\n\t\t\t\t<\/div>\n\t\t\t\t<\/div>\n\t\t<div class=\"elementor-element elementor-element-e3f3d70 e-con-full e-flex e-con e-child\" data-id=\"e3f3d70\" data-element_type=\"container\" data-e-type=\"container\" data-settings=\"{&quot;background_background&quot;:&quot;classic&quot;}\">\n\t\t\t\t<div class=\"elementor-element elementor-element-c2e5192 elementor-widget elementor-widget-image\" data-id=\"c2e5192\" data-element_type=\"widget\" data-e-type=\"widget\" data-widget_type=\"image.default\">\n\t\t\t\t<div class=\"elementor-widget-container\">\n\t\t\t\t\t\t\t\t\t\t\t\t\t\t\t\t<a href=\"https:\/\/www.baldacci.pt\/en\/?page_id=1372\">\n\t\t\t\t\t\t\t<img decoding=\"async\" width=\"744\" height=\"678\" src=\"https:\/\/www.baldacci.pt\/wp-content\/uploads\/2023\/10\/Ovulider_2x.png\" class=\"attachment-full size-full wp-image-1380\" alt=\"\" srcset=\"https:\/\/www.baldacci.pt\/wp-content\/uploads\/2023\/10\/Ovulider_2x.png 744w, https:\/\/www.baldacci.pt\/wp-content\/uploads\/2023\/10\/Ovulider_2x-300x273.png 300w\" sizes=\"(max-width: 744px) 100vw, 744px\" \/>\t\t\t\t\t\t\t\t<\/a>\n\t\t\t\t\t\t\t\t\t\t\t\t\t\t\t<\/div>\n\t\t\t\t<\/div>\n\t\t<div class=\"elementor-element elementor-element-1c6e647 e-flex e-con-boxed e-con e-child\" data-id=\"1c6e647\" data-element_type=\"container\" data-e-type=\"container\">\n\t\t\t\t\t<div class=\"e-con-inner\">\n\t\t\t\t<div class=\"elementor-element elementor-element-1c76db8 elementor-widget elementor-widget-heading\" data-id=\"1c76db8\" data-element_type=\"widget\" data-e-type=\"widget\" data-widget_type=\"heading.default\">\n\t\t\t\t<div class=\"elementor-widget-container\">\n\t\t\t\t\t<p class=\"elementor-heading-title elementor-size-default\">Ovulider<sup>\u00ae<\/sup><\/p>\t\t\t\t<\/div>\n\t\t\t\t<\/div>\n\t\t\t\t<div class=\"elementor-element elementor-element-73eeeae elementor-widget elementor-widget-button\" data-id=\"73eeeae\" data-element_type=\"widget\" data-e-type=\"widget\" data-widget_type=\"button.default\">\n\t\t\t\t<div class=\"elementor-widget-container\">\n\t\t\t\t\t\t\t\t\t<div class=\"elementor-button-wrapper\">\n\t\t\t\t\t<a class=\"elementor-button elementor-button-link elementor-size-sm\" href=\"https:\/\/www.baldacci.pt\/en\/?page_id=1372\">\n\t\t\t\t\t\t<span class=\"elementor-button-content-wrapper\">\n\t\t\t\t\t\t<span class=\"elementor-button-icon\">\n\t\t\t\t<svg xmlns=\"http:\/\/www.w3.org\/2000\/svg\" width=\"18\" height=\"19\" viewbox=\"0 0 18 19\" fill=\"none\"><path d=\"M6.75 14.1924L11.25 9.69238L6.75 5.19238\" stroke=\"#005DA9\" stroke-width=\"1.5\" stroke-linecap=\"square\" stroke-linejoin=\"round\"><\/path><\/svg>\t\t\t<\/span>\n\t\t\t\t\t\t\t\t\t<span class=\"elementor-button-text\">See details<\/span>\n\t\t\t\t\t<\/span>\n\t\t\t\t\t<\/a>\n\t\t\t\t<\/div>\n\t\t\t\t\t\t\t\t<\/div>\n\t\t\t\t<\/div>\n\t\t\t\t\t<\/div>\n\t\t\t\t<\/div>\n\t\t\t\t<\/div>\n\t\t<div class=\"elementor-element elementor-element-d8d3d97 e-con-full e-flex e-con e-child\" data-id=\"d8d3d97\" data-element_type=\"container\" data-e-type=\"container\" data-settings=\"{&quot;background_background&quot;:&quot;classic&quot;}\">\n\t\t\t\t<div class=\"elementor-element elementor-element-78a1bc6 elementor-widget elementor-widget-image\" data-id=\"78a1bc6\" data-element_type=\"widget\" data-e-type=\"widget\" data-widget_type=\"image.default\">\n\t\t\t\t<div class=\"elementor-widget-container\">\n\t\t\t\t\t\t\t\t\t\t\t\t\t\t\t\t<a href=\"https:\/\/www.baldacci.pt\/en\/afaxsup-sup\/\">\n\t\t\t\t\t\t\t<img loading=\"lazy\" decoding=\"async\" width=\"1312\" height=\"925\" src=\"https:\/\/www.baldacci.pt\/wp-content\/uploads\/2024\/08\/Mockup_Afax-3-1.png\" class=\"attachment-full size-full wp-image-5016\" alt=\"Embalagem afaX - Menopausa, Ossos, Sono\" srcset=\"https:\/\/www.baldacci.pt\/wp-content\/uploads\/2024\/08\/Mockup_Afax-3-1.png 1312w, https:\/\/www.baldacci.pt\/wp-content\/uploads\/2024\/08\/Mockup_Afax-3-1-300x212.png 300w, https:\/\/www.baldacci.pt\/wp-content\/uploads\/2024\/08\/Mockup_Afax-3-1-1024x722.png 1024w, https:\/\/www.baldacci.pt\/wp-content\/uploads\/2024\/08\/Mockup_Afax-3-1-768x541.png 768w, https:\/\/www.baldacci.pt\/wp-content\/uploads\/2024\/08\/Mockup_Afax-3-1-18x12.png 18w\" sizes=\"(max-width: 1312px) 100vw, 1312px\" \/>\t\t\t\t\t\t\t\t<\/a>\n\t\t\t\t\t\t\t\t\t\t\t\t\t\t\t<\/div>\n\t\t\t\t<\/div>\n\t\t<div class=\"elementor-element elementor-element-797a23b e-flex e-con-boxed e-con e-child\" data-id=\"797a23b\" data-element_type=\"container\" data-e-type=\"container\">\n\t\t\t\t\t<div class=\"e-con-inner\">\n\t\t\t\t<div class=\"elementor-element elementor-element-b29c2b6 elementor-widget elementor-widget-heading\" data-id=\"b29c2b6\" data-element_type=\"widget\" data-e-type=\"widget\" data-widget_type=\"heading.default\">\n\t\t\t\t<div class=\"elementor-widget-container\">\n\t\t\t\t\t<p class=\"elementor-heading-title elementor-size-default\">AFAX<sup>\u00ae<\/sup><\/p>\t\t\t\t<\/div>\n\t\t\t\t<\/div>\n\t\t\t\t<div class=\"elementor-element elementor-element-fb85886 elementor-widget elementor-widget-button\" data-id=\"fb85886\" data-element_type=\"widget\" data-e-type=\"widget\" data-widget_type=\"button.default\">\n\t\t\t\t<div class=\"elementor-widget-container\">\n\t\t\t\t\t\t\t\t\t<div class=\"elementor-button-wrapper\">\n\t\t\t\t\t<a class=\"elementor-button elementor-button-link elementor-size-sm\" href=\"https:\/\/www.baldacci.pt\/en\/afaxsup-sup\/\">\n\t\t\t\t\t\t<span class=\"elementor-button-content-wrapper\">\n\t\t\t\t\t\t<span class=\"elementor-button-icon\">\n\t\t\t\t<svg xmlns=\"http:\/\/www.w3.org\/2000\/svg\" width=\"18\" height=\"19\" viewbox=\"0 0 18 19\" fill=\"none\"><path d=\"M6.75 14.1924L11.25 9.69238L6.75 5.19238\" stroke=\"#005DA9\" stroke-width=\"1.5\" stroke-linecap=\"square\" stroke-linejoin=\"round\"><\/path><\/svg>\t\t\t<\/span>\n\t\t\t\t\t\t\t\t\t<span class=\"elementor-button-text\">See details<\/span>\n\t\t\t\t\t<\/span>\n\t\t\t\t\t<\/a>\n\t\t\t\t<\/div>\n\t\t\t\t\t\t\t\t<\/div>\n\t\t\t\t<\/div>\n\t\t\t\t\t<\/div>\n\t\t\t\t<\/div>\n\t\t\t\t<\/div>\n\t\t\t\t\t<\/div>\n\t\t\t\t<\/div>\n\t\t\t\t\t<\/div>\n\t\t\t\t<\/div>\n\t\t\t\t<\/div>\n\t\t\t\t<\/div>","protected":false},"excerpt":{"rendered":"<p>Sa\u00fade da Mulher In\u00edcio \/ Produtos \/ Sa\u00fade da Mulher Balfolic\u00ae Ver detalhes Normogin\u00ae Ver detalhes Ovulider\u00ae Ver detalhes AFAX\u00ae Ver detalhes<\/p>","protected":false},"author":1,"featured_media":0,"parent":0,"menu_order":0,"comment_status":"closed","ping_status":"closed","template":"","meta":{"footnotes":""},"class_list":["post-3428","page","type-page","status-publish","hentry"],"blocksy_meta":[],"yoast_head":"<!-- This site is optimized with the Yoast SEO plugin v27.4 - https:\/\/yoast.com\/product\/yoast-seo-wordpress\/ -->\n<title>Sa\u00fade da Mulher - Baldacci Portugal<\/title>\n<meta name=\"robots\" content=\"index, follow, max-snippet:-1, max-image-preview:large, max-video-preview:-1\" \/>\n<link rel=\"canonical\" href=\"https:\/\/www.baldacci.pt\/en\/saude-da-mulher\/\" \/>\n<meta property=\"og:locale\" content=\"en_GB\" \/>\n<meta property=\"og:type\" content=\"article\" \/>\n<meta property=\"og:title\" content=\"Sa\u00fade da Mulher - Baldacci Portugal\" \/>\n<meta property=\"og:description\" content=\"Sa\u00fade da Mulher In\u00edcio \/ Produtos \/ Sa\u00fade da Mulher Balfolic\u00ae Ver detalhes Normogin\u00ae Ver detalhes Ovulider\u00ae Ver detalhes AFAX\u00ae Ver detalhes\" \/>\n<meta property=\"og:url\" content=\"https:\/\/www.baldacci.pt\/en\/saude-da-mulher\/\" \/>\n<meta property=\"og:site_name\" content=\"Baldacci Portugal\" \/>\n<meta property=\"article:modified_time\" content=\"2024-11-14T18:10:50+00:00\" \/>\n<meta property=\"og:image\" content=\"https:\/\/www.baldacci.pt\/wp-content\/uploads\/2023\/11\/Balfolic.png\" \/>\n\t<meta property=\"og:image:width\" content=\"702\" \/>\n\t<meta property=\"og:image:height\" content=\"392\" \/>\n\t<meta property=\"og:image:type\" content=\"image\/png\" \/>\n<meta name=\"twitter:card\" content=\"summary_large_image\" \/>\n<meta name=\"twitter:label1\" content=\"Estimated reading time\" \/>\n\t<meta name=\"twitter:data1\" content=\"1 minute\" \/>\n<script type=\"application\/ld+json\" class=\"yoast-schema-graph\">{\"@context\":\"https:\\\/\\\/schema.org\",\"@graph\":[{\"@type\":\"WebPage\",\"@id\":\"https:\\\/\\\/www.baldacci.pt\\\/saude-da-mulher\\\/\",\"url\":\"https:\\\/\\\/www.baldacci.pt\\\/saude-da-mulher\\\/\",\"name\":\"Sa\u00fade da Mulher - Baldacci Portugal\",\"isPartOf\":{\"@id\":\"https:\\\/\\\/www.baldacci.pt\\\/#website\"},\"primaryImageOfPage\":{\"@id\":\"https:\\\/\\\/www.baldacci.pt\\\/saude-da-mulher\\\/#primaryimage\"},\"image\":{\"@id\":\"https:\\\/\\\/www.baldacci.pt\\\/saude-da-mulher\\\/#primaryimage\"},\"thumbnailUrl\":\"https:\\\/\\\/www.baldacci.pt\\\/wp-content\\\/uploads\\\/2023\\\/11\\\/Balfolic.png\",\"datePublished\":\"2023-11-06T12:41:46+00:00\",\"dateModified\":\"2024-11-14T18:10:50+00:00\",\"breadcrumb\":{\"@id\":\"https:\\\/\\\/www.baldacci.pt\\\/saude-da-mulher\\\/#breadcrumb\"},\"inLanguage\":\"en-GB\",\"potentialAction\":[{\"@type\":\"ReadAction\",\"target\":[\"https:\\\/\\\/www.baldacci.pt\\\/saude-da-mulher\\\/\"]}]},{\"@type\":\"ImageObject\",\"inLanguage\":\"en-GB\",\"@id\":\"https:\\\/\\\/www.baldacci.pt\\\/saude-da-mulher\\\/#primaryimage\",\"url\":\"https:\\\/\\\/www.baldacci.pt\\\/wp-content\\\/uploads\\\/2023\\\/11\\\/Balfolic.png\",\"contentUrl\":\"https:\\\/\\\/www.baldacci.pt\\\/wp-content\\\/uploads\\\/2023\\\/11\\\/Balfolic.png\"},{\"@type\":\"BreadcrumbList\",\"@id\":\"https:\\\/\\\/www.baldacci.pt\\\/saude-da-mulher\\\/#breadcrumb\",\"itemListElement\":[{\"@type\":\"ListItem\",\"position\":1,\"name\":\"Home\",\"item\":\"https:\\\/\\\/www.baldacci.pt\\\/\"},{\"@type\":\"ListItem\",\"position\":2,\"name\":\"Sa\u00fade da Mulher\"}]},{\"@type\":\"WebSite\",\"@id\":\"https:\\\/\\\/www.baldacci.pt\\\/#website\",\"url\":\"https:\\\/\\\/www.baldacci.pt\\\/\",\"name\":\"Baldacci Portugal\",\"description\":\"Consigo desde o in\u00edcio... ao fim terap\u00eautico.\",\"publisher\":{\"@id\":\"https:\\\/\\\/www.baldacci.pt\\\/#organization\"},\"potentialAction\":[{\"@type\":\"SearchAction\",\"target\":{\"@type\":\"EntryPoint\",\"urlTemplate\":\"https:\\\/\\\/www.baldacci.pt\\\/?s={search_term_string}\"},\"query-input\":{\"@type\":\"PropertyValueSpecification\",\"valueRequired\":true,\"valueName\":\"search_term_string\"}}],\"inLanguage\":\"en-GB\"},{\"@type\":\"Organization\",\"@id\":\"https:\\\/\\\/www.baldacci.pt\\\/#organization\",\"name\":\"Baldacci Portugal\",\"alternateName\":\"Baldacci\",\"url\":\"https:\\\/\\\/www.baldacci.pt\\\/\",\"logo\":{\"@type\":\"ImageObject\",\"inLanguage\":\"en-GB\",\"@id\":\"https:\\\/\\\/www.baldacci.pt\\\/#\\\/schema\\\/logo\\\/image\\\/\",\"url\":\"https:\\\/\\\/www.baldacci.pt\\\/wp-content\\\/uploads\\\/2023\\\/10\\\/logoBaldacci_blue.png\",\"contentUrl\":\"https:\\\/\\\/www.baldacci.pt\\\/wp-content\\\/uploads\\\/2023\\\/10\\\/logoBaldacci_blue.png\",\"width\":452,\"height\":133,\"caption\":\"Baldacci Portugal\"},\"image\":{\"@id\":\"https:\\\/\\\/www.baldacci.pt\\\/#\\\/schema\\\/logo\\\/image\\\/\"},\"sameAs\":[\"https:\\\/\\\/www.linkedin.com\\\/company\\\/baldacci\\\/\"]}]}<\/script>\n<!-- \/ Yoast SEO plugin. -->","yoast_head_json":{"title":"Sa\u00fade da Mulher - Baldacci Portugal","robots":{"index":"index","follow":"follow","max-snippet":"max-snippet:-1","max-image-preview":"max-image-preview:large","max-video-preview":"max-video-preview:-1"},"canonical":"https:\/\/www.baldacci.pt\/en\/saude-da-mulher\/","og_locale":"en_GB","og_type":"article","og_title":"Sa\u00fade da Mulher - Baldacci Portugal","og_description":"Sa\u00fade da Mulher In\u00edcio \/ Produtos \/ Sa\u00fade da Mulher Balfolic\u00ae Ver detalhes Normogin\u00ae Ver detalhes Ovulider\u00ae Ver detalhes AFAX\u00ae Ver detalhes","og_url":"https:\/\/www.baldacci.pt\/en\/saude-da-mulher\/","og_site_name":"Baldacci Portugal","article_modified_time":"2024-11-14T18:10:50+00:00","og_image":[{"width":702,"height":392,"url":"https:\/\/www.baldacci.pt\/wp-content\/uploads\/2023\/11\/Balfolic.png","type":"image\/png"}],"twitter_card":"summary_large_image","twitter_misc":{"Estimated reading time":"1 minute"},"schema":{"@context":"https:\/\/schema.org","@graph":[{"@type":"WebPage","@id":"https:\/\/www.baldacci.pt\/saude-da-mulher\/","url":"https:\/\/www.baldacci.pt\/saude-da-mulher\/","name":"Sa\u00fade da Mulher - Baldacci Portugal","isPartOf":{"@id":"https:\/\/www.baldacci.pt\/#website"},"primaryImageOfPage":{"@id":"https:\/\/www.baldacci.pt\/saude-da-mulher\/#primaryimage"},"image":{"@id":"https:\/\/www.baldacci.pt\/saude-da-mulher\/#primaryimage"},"thumbnailUrl":"https:\/\/www.baldacci.pt\/wp-content\/uploads\/2023\/11\/Balfolic.png","datePublished":"2023-11-06T12:41:46+00:00","dateModified":"2024-11-14T18:10:50+00:00","breadcrumb":{"@id":"https:\/\/www.baldacci.pt\/saude-da-mulher\/#breadcrumb"},"inLanguage":"en-GB","potentialAction":[{"@type":"ReadAction","target":["https:\/\/www.baldacci.pt\/saude-da-mulher\/"]}]},{"@type":"ImageObject","inLanguage":"en-GB","@id":"https:\/\/www.baldacci.pt\/saude-da-mulher\/#primaryimage","url":"https:\/\/www.baldacci.pt\/wp-content\/uploads\/2023\/11\/Balfolic.png","contentUrl":"https:\/\/www.baldacci.pt\/wp-content\/uploads\/2023\/11\/Balfolic.png"},{"@type":"BreadcrumbList","@id":"https:\/\/www.baldacci.pt\/saude-da-mulher\/#breadcrumb","itemListElement":[{"@type":"ListItem","position":1,"name":"Home","item":"https:\/\/www.baldacci.pt\/"},{"@type":"ListItem","position":2,"name":"Sa\u00fade da Mulher"}]},{"@type":"WebSite","@id":"https:\/\/www.baldacci.pt\/#website","url":"https:\/\/www.baldacci.pt\/","name":"Baldacci Portugal","description":"Consigo desde o in\u00edcio... ao fim terap\u00eautico.","publisher":{"@id":"https:\/\/www.baldacci.pt\/#organization"},"potentialAction":[{"@type":"SearchAction","target":{"@type":"EntryPoint","urlTemplate":"https:\/\/www.baldacci.pt\/?s={search_term_string}"},"query-input":{"@type":"PropertyValueSpecification","valueRequired":true,"valueName":"search_term_string"}}],"inLanguage":"en-GB"},{"@type":"Organization","@id":"https:\/\/www.baldacci.pt\/#organization","name":"Baldacci Portugal","alternateName":"Baldacci","url":"https:\/\/www.baldacci.pt\/","logo":{"@type":"ImageObject","inLanguage":"en-GB","@id":"https:\/\/www.baldacci.pt\/#\/schema\/logo\/image\/","url":"https:\/\/www.baldacci.pt\/wp-content\/uploads\/2023\/10\/logoBaldacci_blue.png","contentUrl":"https:\/\/www.baldacci.pt\/wp-content\/uploads\/2023\/10\/logoBaldacci_blue.png","width":452,"height":133,"caption":"Baldacci Portugal"},"image":{"@id":"https:\/\/www.baldacci.pt\/#\/schema\/logo\/image\/"},"sameAs":["https:\/\/www.linkedin.com\/company\/baldacci\/"]}]}},"_links":{"self":[{"href":"https:\/\/www.baldacci.pt\/en\/wp-json\/wp\/v2\/pages\/3428","targetHints":{"allow":["GET"]}}],"collection":[{"href":"https:\/\/www.baldacci.pt\/en\/wp-json\/wp\/v2\/pages"}],"about":[{"href":"https:\/\/www.baldacci.pt\/en\/wp-json\/wp\/v2\/types\/page"}],"author":[{"embeddable":true,"href":"https:\/\/www.baldacci.pt\/en\/wp-json\/wp\/v2\/users\/1"}],"replies":[{"embeddable":true,"href":"https:\/\/www.baldacci.pt\/en\/wp-json\/wp\/v2\/comments?post=3428"}],"version-history":[{"count":20,"href":"https:\/\/www.baldacci.pt\/en\/wp-json\/wp\/v2\/pages\/3428\/revisions"}],"predecessor-version":[{"id":5035,"href":"https:\/\/www.baldacci.pt\/en\/wp-json\/wp\/v2\/pages\/3428\/revisions\/5035"}],"wp:attachment":[{"href":"https:\/\/www.baldacci.pt\/en\/wp-json\/wp\/v2\/media?parent=3428"}],"curies":[{"name":"wp","href":"https:\/\/api.w.org\/{rel}","templated":true}]}}