{"id":17,"date":"2023-10-10T10:16:06","date_gmt":"2023-10-10T10:16:06","guid":{"rendered":"https:\/\/www.baldacci.pt\/?page_id=17"},"modified":"2023-12-19T15:32:38","modified_gmt":"2023-12-19T15:32:38","slug":"quem-somos","status":"publish","type":"page","link":"https:\/\/www.baldacci.pt\/en\/quem-somos\/","title":{"rendered":"Quem Somos"},"content":{"rendered":"<div data-elementor-type=\"wp-page\" data-elementor-id=\"17\" class=\"elementor elementor-17\">\n\t\t\t\t<div class=\"elementor-element elementor-element-da7fb26 e-flex e-con-boxed e-con e-parent\" data-id=\"da7fb26\" data-element_type=\"container\" data-e-type=\"container\" data-settings=\"{&quot;background_background&quot;:&quot;classic&quot;}\">\n\t\t\t\t\t<div class=\"e-con-inner\">\n\t\t<div class=\"elementor-element elementor-element-99323a4 e-flex e-con-boxed e-con e-child\" data-id=\"99323a4\" data-element_type=\"container\" data-e-type=\"container\">\n\t\t\t\t\t<div class=\"e-con-inner\">\n\t\t\t\t<div class=\"elementor-element elementor-element-bf45215 elementor-widget elementor-widget-heading\" data-id=\"bf45215\" data-element_type=\"widget\" data-e-type=\"widget\" data-widget_type=\"heading.default\">\n\t\t\t\t<div class=\"elementor-widget-container\">\n\t\t\t\t\t<h3 class=\"elementor-heading-title elementor-size-default\">About us<\/h3>\t\t\t\t<\/div>\n\t\t\t\t<\/div>\n\t\t\t\t<div class=\"elementor-element elementor-element-128c2d1 elementor-widget elementor-widget-text-editor\" data-id=\"128c2d1\" data-element_type=\"widget\" data-e-type=\"widget\" data-widget_type=\"text-editor.default\">\n\t\t\t\t<div class=\"elementor-widget-container\">\n\t\t\t\t\t\t\t\t\t<a style= \"color:#ffffff\" href=\"https:\/\/www.baldacci.pt\/en\/\">Home<\/a> \/ <strong>About us<\/strong>\t\t\t\t\t\t\t\t<\/div>\n\t\t\t\t<\/div>\n\t\t\t\t\t<\/div>\n\t\t\t\t<\/div>\n\t\t\t\t\t<\/div>\n\t\t\t\t<\/div>\n\t\t<div class=\"elementor-element elementor-element-f1d38e0 e-con-full e-flex e-con e-parent\" data-id=\"f1d38e0\" data-element_type=\"container\" data-e-type=\"container\" data-settings=\"{&quot;background_background&quot;:&quot;classic&quot;}\">\n\t\t<div class=\"elementor-element elementor-element-1f67b54 e-flex e-con-boxed e-con e-child\" data-id=\"1f67b54\" data-element_type=\"container\" data-e-type=\"container\">\n\t\t\t\t\t<div class=\"e-con-inner\">\n\t\t<div class=\"elementor-element elementor-element-cb06b5c e-con-full e-flex e-con e-child\" data-id=\"cb06b5c\" data-element_type=\"container\" data-e-type=\"container\">\n\t\t\t\t<div class=\"elementor-element elementor-element-11f1f93 elementor-widget elementor-widget-heading\" data-id=\"11f1f93\" data-element_type=\"widget\" data-e-type=\"widget\" data-widget_type=\"heading.default\">\n\t\t\t\t<div class=\"elementor-widget-container\">\n\t\t\t\t\t<h6 class=\"elementor-heading-title elementor-size-default\">About us<\/h6>\t\t\t\t<\/div>\n\t\t\t\t<\/div>\n\t\t\t\t<div class=\"elementor-element elementor-element-cac82a8 elementor-widget elementor-widget-heading\" data-id=\"cac82a8\" data-element_type=\"widget\" data-e-type=\"widget\" data-widget_type=\"heading.default\">\n\t\t\t\t<div class=\"elementor-widget-container\">\n\t\t\t\t\t<h2 class=\"elementor-heading-title elementor-size-default\">Baldacci Portugal<\/h2>\t\t\t\t<\/div>\n\t\t\t\t<\/div>\n\t\t\t\t<div class=\"elementor-element elementor-element-d1b8556 elementor-widget__width-inherit elementor-widget elementor-widget-text-editor\" data-id=\"d1b8556\" data-element_type=\"widget\" data-e-type=\"widget\" data-widget_type=\"text-editor.default\">\n\t\t\t\t<div class=\"elementor-widget-container\">\n\t\t\t\t\t\t\t\t\t<p>Baldacci Portugal is a Pharmaceutical company founded in 1955 with headquarters in Lisbon, Portugal.<br \/>We are part of the Baldacci multinational group founded in 1904 in Pisa, Italy with\ninternational presence around the world.<br \/>Baldacci is focused on Research &amp; Development, Production, Distribution, Marketing\nand Sales with a <span class=\"notion-enable-hover\" data-token-index=\"0\">wide range of products: prescription and over-the-counter medicines, dermacosmetics, dietary supplements and medical devices<\/span><!-- notionvc: f915f70f-db61-452a-aed7-b12abba4c80b --> in several medical areas like\nWomen Health, Cardiovascular and Iron deficiency.<\/p>\t\t\t\t\t\t\t\t<\/div>\n\t\t\t\t<\/div>\n\t\t\t\t<\/div>\n\t\t\t\t<div class=\"elementor-element elementor-element-822ca10 elementor-widget elementor-widget-image\" data-id=\"822ca10\" data-element_type=\"widget\" data-e-type=\"widget\" data-widget_type=\"image.default\">\n\t\t\t\t<div class=\"elementor-widget-container\">\n\t\t\t\t\t\t\t\t\t\t\t\t\t\t\t<img fetchpriority=\"high\" decoding=\"async\" width=\"453\" height=\"159\" src=\"https:\/\/www.baldacci.pt\/wp-content\/uploads\/2023\/10\/baldacci_sobreNos.png\" class=\"attachment-large size-large wp-image-290\" alt=\"Baldacci Portugal\" srcset=\"https:\/\/www.baldacci.pt\/wp-content\/uploads\/2023\/10\/baldacci_sobreNos.png 453w, https:\/\/www.baldacci.pt\/wp-content\/uploads\/2023\/10\/baldacci_sobreNos-300x105.png 300w\" sizes=\"(max-width: 453px) 100vw, 453px\" \/>\t\t\t\t\t\t\t\t\t\t\t\t\t\t\t<\/div>\n\t\t\t\t<\/div>\n\t\t\t\t\t<\/div>\n\t\t\t\t<\/div>\n\t\t<div class=\"elementor-element elementor-element-2f5e298 e-flex e-con-boxed e-con e-child\" data-id=\"2f5e298\" data-element_type=\"container\" data-e-type=\"container\">\n\t\t\t\t\t<div class=\"e-con-inner\">\n\t\t<div class=\"elementor-element elementor-element-c792371 e-con-full e-flex e-con e-child\" data-id=\"c792371\" data-element_type=\"container\" data-e-type=\"container\">\n\t\t\t\t<div class=\"elementor-element elementor-element-44cb771 elementor-widget elementor-widget-image\" data-id=\"44cb771\" data-element_type=\"widget\" data-e-type=\"widget\" data-widget_type=\"image.default\">\n\t\t\t\t<div class=\"elementor-widget-container\">\n\t\t\t\t\t\t\t\t\t\t\t\t\t\t\t<img decoding=\"async\" src=\"https:\/\/www.baldacci.pt\/wp-content\/uploads\/elementor\/thumbs\/missao_icon-qguwqh17xftvdvzc75dq4jicixvbkh9x2j2r3vkk4m.png\" title=\"Miss\u00e3o Baldacci Portugal\" alt=\"Miss\u00e3o Baldacci Portugal\" loading=\"lazy\" \/>\t\t\t\t\t\t\t\t\t\t\t\t\t\t\t<\/div>\n\t\t\t\t<\/div>\n\t\t\t\t<div class=\"elementor-element elementor-element-53243c5 elementor-widget elementor-widget-heading\" data-id=\"53243c5\" data-element_type=\"widget\" data-e-type=\"widget\" data-widget_type=\"heading.default\">\n\t\t\t\t<div class=\"elementor-widget-container\">\n\t\t\t\t\t<h5 class=\"elementor-heading-title elementor-size-default\">Mission<\/h5>\t\t\t\t<\/div>\n\t\t\t\t<\/div>\n\t\t\t\t<div class=\"elementor-element elementor-element-309407a elementor-widget elementor-widget-text-editor\" data-id=\"309407a\" data-element_type=\"widget\" data-e-type=\"widget\" data-widget_type=\"text-editor.default\">\n\t\t\t\t<div class=\"elementor-widget-container\">\n\t\t\t\t\t\t\t\t\t<p>To provide products and services of high clinical value that promote public health, well-being and quality of life, in close collaboration with institutions, healthcare professionals and other partners.<\/p>\t\t\t\t\t\t\t\t<\/div>\n\t\t\t\t<\/div>\n\t\t\t\t<\/div>\n\t\t<div class=\"elementor-element elementor-element-f90a8d5 e-con-full e-flex e-con e-child\" data-id=\"f90a8d5\" data-element_type=\"container\" data-e-type=\"container\">\n\t\t\t\t<div class=\"elementor-element elementor-element-a4db1e9 elementor-widget elementor-widget-image\" data-id=\"a4db1e9\" data-element_type=\"widget\" data-e-type=\"widget\" data-widget_type=\"image.default\">\n\t\t\t\t<div class=\"elementor-widget-container\">\n\t\t\t\t\t\t\t\t\t\t\t\t\t\t\t<img decoding=\"async\" src=\"https:\/\/www.baldacci.pt\/wp-content\/uploads\/elementor\/thumbs\/visao-icon-qguwqh17xftvdvzc75dq4jicixvbkh9x2j2r3vkk4m.png\" title=\"Vis\u00e3o Baldacci Portugal\" alt=\"Vis\u00e3o Baldacci Portugal\" loading=\"lazy\" \/>\t\t\t\t\t\t\t\t\t\t\t\t\t\t\t<\/div>\n\t\t\t\t<\/div>\n\t\t\t\t<div class=\"elementor-element elementor-element-8a1c39a elementor-widget elementor-widget-heading\" data-id=\"8a1c39a\" data-element_type=\"widget\" data-e-type=\"widget\" data-widget_type=\"heading.default\">\n\t\t\t\t<div class=\"elementor-widget-container\">\n\t\t\t\t\t<h5 class=\"elementor-heading-title elementor-size-default\">Vision<\/h5>\t\t\t\t<\/div>\n\t\t\t\t<\/div>\n\t\t\t\t<div class=\"elementor-element elementor-element-7845c0a elementor-widget elementor-widget-text-editor\" data-id=\"7845c0a\" data-element_type=\"widget\" data-e-type=\"widget\" data-widget_type=\"text-editor.default\">\n\t\t\t\t<div class=\"elementor-widget-container\">\n\t\t\t\t\t\t\t\t\t<p>We want to be a successful pharmaceutical company in the therapeutic areas in which we operate and with the products we offer, striving to ensure their quality on a daily basis.<\/p>\t\t\t\t\t\t\t\t<\/div>\n\t\t\t\t<\/div>\n\t\t\t\t<\/div>\n\t\t<div class=\"elementor-element elementor-element-e6eb35a e-con-full e-flex e-con e-child\" data-id=\"e6eb35a\" data-element_type=\"container\" data-e-type=\"container\">\n\t\t\t\t<div class=\"elementor-element elementor-element-1d109ae elementor-widget elementor-widget-image\" data-id=\"1d109ae\" data-element_type=\"widget\" data-e-type=\"widget\" data-widget_type=\"image.default\">\n\t\t\t\t<div class=\"elementor-widget-container\">\n\t\t\t\t\t\t\t\t\t\t\t\t\t\t\t<img decoding=\"async\" src=\"https:\/\/www.baldacci.pt\/wp-content\/uploads\/elementor\/thumbs\/valores-icon-qguwqhnvppfs0sugstco5y99qyf7fatrfj93vnevae.png\" title=\"Valores Baldacci Portugal\" alt=\"Valores Baldacci Portugal\" loading=\"lazy\" \/>\t\t\t\t\t\t\t\t\t\t\t\t\t\t\t<\/div>\n\t\t\t\t<\/div>\n\t\t\t\t<div class=\"elementor-element elementor-element-bca8788 elementor-widget elementor-widget-heading\" data-id=\"bca8788\" data-element_type=\"widget\" data-e-type=\"widget\" data-widget_type=\"heading.default\">\n\t\t\t\t<div class=\"elementor-widget-container\">\n\t\t\t\t\t<h5 class=\"elementor-heading-title elementor-size-default\">Values<\/h5>\t\t\t\t<\/div>\n\t\t\t\t<\/div>\n\t\t\t\t<div class=\"elementor-element elementor-element-4db389d elementor-widget elementor-widget-text-editor\" data-id=\"4db389d\" data-element_type=\"widget\" data-e-type=\"widget\" data-widget_type=\"text-editor.default\">\n\t\t\t\t<div class=\"elementor-widget-container\">\n\t\t\t\t\t\t\t\t\t<p>We are committed to quality and to our employees, customers and partners.<br \/>We value integrity with ethical principles and mutual respect, as well as rigour, responsibility and teamwork.<\/p>\t\t\t\t\t\t\t\t<\/div>\n\t\t\t\t<\/div>\n\t\t\t\t<\/div>\n\t\t\t\t\t<\/div>\n\t\t\t\t<\/div>\n\t\t\t\t<\/div>\n\t\t<div class=\"elementor-element elementor-element-4b1fd80 e-flex e-con-boxed e-con e-parent\" data-id=\"4b1fd80\" data-element_type=\"container\" data-e-type=\"container\">\n\t\t\t\t\t<div class=\"e-con-inner\">\n\t\t<div class=\"elementor-element elementor-element-428bf7e e-flex e-con-boxed e-con e-child\" data-id=\"428bf7e\" data-element_type=\"container\" data-e-type=\"container\">\n\t\t\t\t\t<div class=\"e-con-inner\">\n\t\t\t\t<div class=\"elementor-element elementor-element-7251260 elementor-widget elementor-widget-heading\" data-id=\"7251260\" data-element_type=\"widget\" data-e-type=\"widget\" data-widget_type=\"heading.default\">\n\t\t\t\t<div class=\"elementor-widget-container\">\n\t\t\t\t\t<h5 class=\"elementor-heading-title elementor-size-default\">History<\/h5>\t\t\t\t<\/div>\n\t\t\t\t<\/div>\n\t\t\t\t<div class=\"elementor-element elementor-element-460c0e1 elementor-widget elementor-widget-heading\" data-id=\"460c0e1\" data-element_type=\"widget\" data-e-type=\"widget\" data-widget_type=\"heading.default\">\n\t\t\t\t<div class=\"elementor-widget-container\">\n\t\t\t\t\t<h2 class=\"elementor-heading-title elementor-size-default\">A journey into our past<\/h2>\t\t\t\t<\/div>\n\t\t\t\t<\/div>\n\t\t\t\t<div class=\"elementor-element elementor-element-171929b elementor-widget elementor-widget-image\" data-id=\"171929b\" data-element_type=\"widget\" data-e-type=\"widget\" data-widget_type=\"image.default\">\n\t\t\t\t<div class=\"elementor-widget-container\">\n\t\t\t\t\t\t\t\t\t\t\t\t\t\t\t<img decoding=\"async\" width=\"1902\" height=\"601\" src=\"https:\/\/www.baldacci.pt\/wp-content\/uploads\/2023\/11\/Historia_Baldacci-4-Versao-Website-EN.png\" class=\"attachment-full size-full wp-image-4272\" alt=\"Linha temporal de eventos - Baldacci Portugal\" srcset=\"https:\/\/www.baldacci.pt\/wp-content\/uploads\/2023\/11\/Historia_Baldacci-4-Versao-Website-EN.png 1894w, https:\/\/www.baldacci.pt\/wp-content\/uploads\/2023\/11\/Historia_Baldacci-4-Versao-Website-EN-300x95.png 300w, https:\/\/www.baldacci.pt\/wp-content\/uploads\/2023\/11\/Historia_Baldacci-4-Versao-Website-EN-1024x325.png 1024w, https:\/\/www.baldacci.pt\/wp-content\/uploads\/2023\/11\/Historia_Baldacci-4-Versao-Website-EN-768x244.png 768w, https:\/\/www.baldacci.pt\/wp-content\/uploads\/2023\/11\/Historia_Baldacci-4-Versao-Website-EN-1536x487.png 1536w, https:\/\/www.baldacci.pt\/wp-content\/uploads\/2023\/11\/Historia_Baldacci-4-Versao-Website-EN-18x6.png 18w\" sizes=\"(max-width: 1902px) 100vw, 1902px\" \/>\t\t\t\t\t\t\t\t\t\t\t\t\t\t\t<\/div>\n\t\t\t\t<\/div>\n\t\t\t\t\t<\/div>\n\t\t\t\t<\/div>\n\t\t<div class=\"elementor-element elementor-element-13a43d0 e-flex e-con-boxed e-con e-child\" data-id=\"13a43d0\" data-element_type=\"container\" data-e-type=\"container\">\n\t\t\t\t\t<div class=\"e-con-inner\">\n\t\t\t\t<div class=\"elementor-element elementor-element-f653438 elementor-widget__width-initial elementor-widget elementor-widget-text-editor\" data-id=\"f653438\" data-element_type=\"widget\" data-e-type=\"widget\" data-widget_type=\"text-editor.default\">\n\t\t\t\t<div class=\"elementor-widget-container\">\n\t\t\t\t\t\t\t\t\t<p><span style=\"white-space-collapse: preserve;\">What started as a small pharmacy in Pisa, Italy, more than 100 years ago, today presents itself as a pharmaceutical multinational recognized for the quality of its products and the commitment of its professionals. <\/span><span style=\"color: var( --e-global-color-2b303b0 ); font-family: var( --e-global-typography-primary-font-family ), Sans-serif; font-size: inherit; font-style: var(--fontStyle, inherit); font-weight: var( --e-global-typography-primary-font-weight ); letter-spacing: var(--letterSpacing); text-align: inherit; text-transform: var( --e-global-typography-primary-text-transform ); white-space-collapse: preserve;\">Baldacci Portugal is a company in permanent development, which contributes daily to the improvement of quality of life and wellbeing, that has more than half a century of experience in Portugal. The continuous investment in new equipment <\/span><span style=\"white-space-collapse: preserve; color: var( --e-global-color-2b303b0 ); font-family: var( --e-global-typography-primary-font-family ), Sans-serif; font-size: var( --e-global-typography-primary-font-size ); font-weight: var( --e-global-typography-primary-font-weight ); text-transform: var( --e-global-typography-primary-text-transform ); font-style: var(--fontStyle, inherit); letter-spacing: var(--letterSpacing);\">for the plant<\/span><\/p>\t\t\t\t\t\t\t\t<\/div>\n\t\t\t\t<\/div>\n\t\t\t\t<div class=\"elementor-element elementor-element-d85ebfc elementor-widget__width-initial elementor-widget elementor-widget-text-editor\" data-id=\"d85ebfc\" data-element_type=\"widget\" data-e-type=\"widget\" data-widget_type=\"text-editor.default\">\n\t\t\t\t<div class=\"elementor-widget-container\">\n\t\t\t\t\t\t\t\t\t<p><span style=\"white-space-collapse: preserve; color: var( --e-global-color-2b303b0 ); font-family: var( --e-global-typography-primary-font-family ), Sans-serif; font-size: var( --e-global-typography-primary-font-size ); font-weight: var( --e-global-typography-primary-font-weight ); text-transform: var( --e-global-typography-primary-text-transform ); font-style: var(--fontStyle, inherit); letter-spacing: var(--letterSpacing);\">allows the growth <\/span><span style=\"white-space-collapse: preserve;\">in production to be accompanied by a significant increase in quality. We invest in the integration of production and the Quality Department, through the monitoring of all manufacturing phases. Good manufacturing (GMP) and laboratory (GLP) practices are strictly respected at Baldacci Portugal. <\/span><span style=\"color: var( --e-global-color-2b303b0 ); font-family: var( --e-global-typography-primary-font-family ), Sans-serif; font-size: var( --e-global-typography-primary-font-size ); font-style: var(--fontStyle, inherit); font-weight: var( --e-global-typography-primary-font-weight ); letter-spacing: var(--letterSpacing); text-transform: var( --e-global-typography-primary-text-transform ); white-space-collapse: preserve; text-align: inherit;\">Present in Italy, Brazil and Portugal, Baldacci seeks to respond to the challenges of the future through continuous research and scientific advances.<\/span><\/p>\t\t\t\t\t\t\t\t<\/div>\n\t\t\t\t<\/div>\n\t\t\t\t\t<\/div>\n\t\t\t\t<\/div>\n\t\t\t\t\t<\/div>\n\t\t\t\t<\/div>\n\t\t<div class=\"elementor-element elementor-element-547df0a e-flex e-con-boxed e-con e-parent\" data-id=\"547df0a\" data-element_type=\"container\" data-e-type=\"container\">\n\t\t\t\t\t<div class=\"e-con-inner\">\n\t\t\t\t<div class=\"elementor-element elementor-element-2b5c80e elementor-widget elementor-widget-text-editor\" data-id=\"2b5c80e\" data-element_type=\"widget\" data-e-type=\"widget\" data-widget_type=\"text-editor.default\">\n\t\t\t\t<div class=\"elementor-widget-container\">\n\t\t\t\t\t\t\t\t\tSee also our <a style =\"color: #005DA9\" href=\"https:\/\/www.baldacci.pt\/en\/?page_id=375\">Products<\/a>.\t\t\t\t\t\t\t\t<\/div>\n\t\t\t\t<\/div>\n\t\t\t\t\t<\/div>\n\t\t\t\t<\/div>\n\t\t\t\t<\/div>","protected":false},"excerpt":{"rendered":"<p>Quem somos In\u00edcio \/ Quem somos Sobre n\u00f3s Baldacci Portugal A Baldacci Portugal \u00e9 uma empresa Farmac\u00eautica fundada em 1955 com sede em Lisboa, Portugal.Fazemos parte do grupo multinacional Baldacci fundado em 1904 em Pisa, It\u00e1lia com presen\u00e7a internacional em todo o mundo.A Baldacci est\u00e1 focada em Pesquisa e Desenvolvimento, Produ\u00e7\u00e3o, Distribui\u00e7\u00e3o, Marketing e vendas [&hellip;]<\/p>\n","protected":false},"author":1,"featured_media":0,"parent":0,"menu_order":1,"comment_status":"closed","ping_status":"closed","template":"","meta":{"footnotes":""},"class_list":["post-17","page","type-page","status-publish","hentry"],"blocksy_meta":[],"yoast_head":"<!-- This site is optimized with the Yoast SEO plugin v27.4 - https:\/\/yoast.com\/product\/yoast-seo-wordpress\/ -->\n<title>Quem Somos - Baldacci Portugal<\/title>\n<meta name=\"robots\" content=\"index, follow, max-snippet:-1, max-image-preview:large, max-video-preview:-1\" \/>\n<link rel=\"canonical\" href=\"https:\/\/www.baldacci.pt\/en\/quem-somos\/\" \/>\n<meta property=\"og:locale\" content=\"en_GB\" \/>\n<meta property=\"og:type\" content=\"article\" \/>\n<meta property=\"og:title\" content=\"Quem Somos - Baldacci Portugal\" \/>\n<meta property=\"og:description\" content=\"Quem somos In\u00edcio \/ Quem somos Sobre n\u00f3s Baldacci Portugal A Baldacci Portugal \u00e9 uma empresa Farmac\u00eautica fundada em 1955 com sede em Lisboa, Portugal.Fazemos parte do grupo multinacional Baldacci fundado em 1904 em Pisa, It\u00e1lia com presen\u00e7a internacional em todo o mundo.A Baldacci est\u00e1 focada em Pesquisa e Desenvolvimento, Produ\u00e7\u00e3o, Distribui\u00e7\u00e3o, Marketing e vendas [&hellip;]\" \/>\n<meta property=\"og:url\" content=\"https:\/\/www.baldacci.pt\/en\/quem-somos\/\" \/>\n<meta property=\"og:site_name\" content=\"Baldacci Portugal\" \/>\n<meta property=\"article:modified_time\" content=\"2023-12-19T15:32:38+00:00\" \/>\n<meta property=\"og:image\" content=\"https:\/\/www.baldacci.pt\/wp-content\/uploads\/2023\/10\/baldacci_sobreNos.png\" \/>\n<meta name=\"twitter:card\" content=\"summary_large_image\" \/>\n<meta name=\"twitter:label1\" content=\"Estimated reading time\" \/>\n\t<meta name=\"twitter:data1\" content=\"3 minutes\" \/>\n<script type=\"application\/ld+json\" class=\"yoast-schema-graph\">{\"@context\":\"https:\\\/\\\/schema.org\",\"@graph\":[{\"@type\":\"WebPage\",\"@id\":\"https:\\\/\\\/www.baldacci.pt\\\/quem-somos\\\/\",\"url\":\"https:\\\/\\\/www.baldacci.pt\\\/quem-somos\\\/\",\"name\":\"Quem Somos - Baldacci Portugal\",\"isPartOf\":{\"@id\":\"https:\\\/\\\/www.baldacci.pt\\\/#website\"},\"primaryImageOfPage\":{\"@id\":\"https:\\\/\\\/www.baldacci.pt\\\/quem-somos\\\/#primaryimage\"},\"image\":{\"@id\":\"https:\\\/\\\/www.baldacci.pt\\\/quem-somos\\\/#primaryimage\"},\"thumbnailUrl\":\"https:\\\/\\\/www.baldacci.pt\\\/wp-content\\\/uploads\\\/2023\\\/10\\\/baldacci_sobreNos.png\",\"datePublished\":\"2023-10-10T10:16:06+00:00\",\"dateModified\":\"2023-12-19T15:32:38+00:00\",\"breadcrumb\":{\"@id\":\"https:\\\/\\\/www.baldacci.pt\\\/quem-somos\\\/#breadcrumb\"},\"inLanguage\":\"en-GB\",\"potentialAction\":[{\"@type\":\"ReadAction\",\"target\":[\"https:\\\/\\\/www.baldacci.pt\\\/quem-somos\\\/\"]}]},{\"@type\":\"ImageObject\",\"inLanguage\":\"en-GB\",\"@id\":\"https:\\\/\\\/www.baldacci.pt\\\/quem-somos\\\/#primaryimage\",\"url\":\"https:\\\/\\\/www.baldacci.pt\\\/wp-content\\\/uploads\\\/2023\\\/10\\\/baldacci_sobreNos.png\",\"contentUrl\":\"https:\\\/\\\/www.baldacci.pt\\\/wp-content\\\/uploads\\\/2023\\\/10\\\/baldacci_sobreNos.png\"},{\"@type\":\"BreadcrumbList\",\"@id\":\"https:\\\/\\\/www.baldacci.pt\\\/quem-somos\\\/#breadcrumb\",\"itemListElement\":[{\"@type\":\"ListItem\",\"position\":1,\"name\":\"Home\",\"item\":\"https:\\\/\\\/www.baldacci.pt\\\/\"},{\"@type\":\"ListItem\",\"position\":2,\"name\":\"Quem Somos\"}]},{\"@type\":\"WebSite\",\"@id\":\"https:\\\/\\\/www.baldacci.pt\\\/#website\",\"url\":\"https:\\\/\\\/www.baldacci.pt\\\/\",\"name\":\"Baldacci Portugal\",\"description\":\"Consigo desde o in\u00edcio... ao fim terap\u00eautico.\",\"publisher\":{\"@id\":\"https:\\\/\\\/www.baldacci.pt\\\/#organization\"},\"potentialAction\":[{\"@type\":\"SearchAction\",\"target\":{\"@type\":\"EntryPoint\",\"urlTemplate\":\"https:\\\/\\\/www.baldacci.pt\\\/?s={search_term_string}\"},\"query-input\":{\"@type\":\"PropertyValueSpecification\",\"valueRequired\":true,\"valueName\":\"search_term_string\"}}],\"inLanguage\":\"en-GB\"},{\"@type\":\"Organization\",\"@id\":\"https:\\\/\\\/www.baldacci.pt\\\/#organization\",\"name\":\"Baldacci Portugal\",\"alternateName\":\"Baldacci\",\"url\":\"https:\\\/\\\/www.baldacci.pt\\\/\",\"logo\":{\"@type\":\"ImageObject\",\"inLanguage\":\"en-GB\",\"@id\":\"https:\\\/\\\/www.baldacci.pt\\\/#\\\/schema\\\/logo\\\/image\\\/\",\"url\":\"https:\\\/\\\/www.baldacci.pt\\\/wp-content\\\/uploads\\\/2023\\\/10\\\/logoBaldacci_blue.png\",\"contentUrl\":\"https:\\\/\\\/www.baldacci.pt\\\/wp-content\\\/uploads\\\/2023\\\/10\\\/logoBaldacci_blue.png\",\"width\":452,\"height\":133,\"caption\":\"Baldacci Portugal\"},\"image\":{\"@id\":\"https:\\\/\\\/www.baldacci.pt\\\/#\\\/schema\\\/logo\\\/image\\\/\"},\"sameAs\":[\"https:\\\/\\\/www.linkedin.com\\\/company\\\/baldacci\\\/\"]}]}<\/script>\n<!-- \/ Yoast SEO plugin. -->","yoast_head_json":{"title":"Quem Somos - Baldacci Portugal","robots":{"index":"index","follow":"follow","max-snippet":"max-snippet:-1","max-image-preview":"max-image-preview:large","max-video-preview":"max-video-preview:-1"},"canonical":"https:\/\/www.baldacci.pt\/en\/quem-somos\/","og_locale":"en_GB","og_type":"article","og_title":"Quem Somos - Baldacci Portugal","og_description":"Quem somos In\u00edcio \/ Quem somos Sobre n\u00f3s Baldacci Portugal A Baldacci Portugal \u00e9 uma empresa Farmac\u00eautica fundada em 1955 com sede em Lisboa, Portugal.Fazemos parte do grupo multinacional Baldacci fundado em 1904 em Pisa, It\u00e1lia com presen\u00e7a internacional em todo o mundo.A Baldacci est\u00e1 focada em Pesquisa e Desenvolvimento, Produ\u00e7\u00e3o, Distribui\u00e7\u00e3o, Marketing e vendas [&hellip;]","og_url":"https:\/\/www.baldacci.pt\/en\/quem-somos\/","og_site_name":"Baldacci Portugal","article_modified_time":"2023-12-19T15:32:38+00:00","og_image":[{"url":"https:\/\/www.baldacci.pt\/wp-content\/uploads\/2023\/10\/baldacci_sobreNos.png","type":"","width":"","height":""}],"twitter_card":"summary_large_image","twitter_misc":{"Estimated reading time":"3 minutes"},"schema":{"@context":"https:\/\/schema.org","@graph":[{"@type":"WebPage","@id":"https:\/\/www.baldacci.pt\/quem-somos\/","url":"https:\/\/www.baldacci.pt\/quem-somos\/","name":"Quem Somos - Baldacci Portugal","isPartOf":{"@id":"https:\/\/www.baldacci.pt\/#website"},"primaryImageOfPage":{"@id":"https:\/\/www.baldacci.pt\/quem-somos\/#primaryimage"},"image":{"@id":"https:\/\/www.baldacci.pt\/quem-somos\/#primaryimage"},"thumbnailUrl":"https:\/\/www.baldacci.pt\/wp-content\/uploads\/2023\/10\/baldacci_sobreNos.png","datePublished":"2023-10-10T10:16:06+00:00","dateModified":"2023-12-19T15:32:38+00:00","breadcrumb":{"@id":"https:\/\/www.baldacci.pt\/quem-somos\/#breadcrumb"},"inLanguage":"en-GB","potentialAction":[{"@type":"ReadAction","target":["https:\/\/www.baldacci.pt\/quem-somos\/"]}]},{"@type":"ImageObject","inLanguage":"en-GB","@id":"https:\/\/www.baldacci.pt\/quem-somos\/#primaryimage","url":"https:\/\/www.baldacci.pt\/wp-content\/uploads\/2023\/10\/baldacci_sobreNos.png","contentUrl":"https:\/\/www.baldacci.pt\/wp-content\/uploads\/2023\/10\/baldacci_sobreNos.png"},{"@type":"BreadcrumbList","@id":"https:\/\/www.baldacci.pt\/quem-somos\/#breadcrumb","itemListElement":[{"@type":"ListItem","position":1,"name":"Home","item":"https:\/\/www.baldacci.pt\/"},{"@type":"ListItem","position":2,"name":"Quem Somos"}]},{"@type":"WebSite","@id":"https:\/\/www.baldacci.pt\/#website","url":"https:\/\/www.baldacci.pt\/","name":"Baldacci Portugal","description":"Consigo desde o in\u00edcio... ao fim terap\u00eautico.","publisher":{"@id":"https:\/\/www.baldacci.pt\/#organization"},"potentialAction":[{"@type":"SearchAction","target":{"@type":"EntryPoint","urlTemplate":"https:\/\/www.baldacci.pt\/?s={search_term_string}"},"query-input":{"@type":"PropertyValueSpecification","valueRequired":true,"valueName":"search_term_string"}}],"inLanguage":"en-GB"},{"@type":"Organization","@id":"https:\/\/www.baldacci.pt\/#organization","name":"Baldacci Portugal","alternateName":"Baldacci","url":"https:\/\/www.baldacci.pt\/","logo":{"@type":"ImageObject","inLanguage":"en-GB","@id":"https:\/\/www.baldacci.pt\/#\/schema\/logo\/image\/","url":"https:\/\/www.baldacci.pt\/wp-content\/uploads\/2023\/10\/logoBaldacci_blue.png","contentUrl":"https:\/\/www.baldacci.pt\/wp-content\/uploads\/2023\/10\/logoBaldacci_blue.png","width":452,"height":133,"caption":"Baldacci Portugal"},"image":{"@id":"https:\/\/www.baldacci.pt\/#\/schema\/logo\/image\/"},"sameAs":["https:\/\/www.linkedin.com\/company\/baldacci\/"]}]}},"_links":{"self":[{"href":"https:\/\/www.baldacci.pt\/en\/wp-json\/wp\/v2\/pages\/17","targetHints":{"allow":["GET"]}}],"collection":[{"href":"https:\/\/www.baldacci.pt\/en\/wp-json\/wp\/v2\/pages"}],"about":[{"href":"https:\/\/www.baldacci.pt\/en\/wp-json\/wp\/v2\/types\/page"}],"author":[{"embeddable":true,"href":"https:\/\/www.baldacci.pt\/en\/wp-json\/wp\/v2\/users\/1"}],"replies":[{"embeddable":true,"href":"https:\/\/www.baldacci.pt\/en\/wp-json\/wp\/v2\/comments?post=17"}],"version-history":[{"count":135,"href":"https:\/\/www.baldacci.pt\/en\/wp-json\/wp\/v2\/pages\/17\/revisions"}],"predecessor-version":[{"id":4865,"href":"https:\/\/www.baldacci.pt\/en\/wp-json\/wp\/v2\/pages\/17\/revisions\/4865"}],"wp:attachment":[{"href":"https:\/\/www.baldacci.pt\/en\/wp-json\/wp\/v2\/media?parent=17"}],"curies":[{"name":"wp","href":"https:\/\/api.w.org\/{rel}","templated":true}]}}