{"id":1534,"date":"2023-10-27T10:30:07","date_gmt":"2023-10-27T10:30:07","guid":{"rendered":"https:\/\/www.baldacci.pt\/?page_id=1534"},"modified":"2023-11-15T11:33:36","modified_gmt":"2023-11-15T11:33:36","slug":"internacional-portfolio-de-licensing-out","status":"publish","type":"page","link":"https:\/\/www.baldacci.pt\/en\/internacional-portfolio-de-licensing-out\/","title":{"rendered":"International - International Portfolio"},"content":{"rendered":"<div data-elementor-type=\"wp-page\" data-elementor-id=\"1534\" class=\"elementor elementor-1534\">\n\t\t\t\t<div class=\"elementor-element elementor-element-da7fb26 e-flex e-con-boxed e-con e-parent\" data-id=\"da7fb26\" data-element_type=\"container\" data-e-type=\"container\" data-settings=\"{&quot;background_background&quot;:&quot;classic&quot;}\">\n\t\t\t\t\t<div class=\"e-con-inner\">\n\t\t<div class=\"elementor-element elementor-element-99323a4 e-flex e-con-boxed e-con e-child\" data-id=\"99323a4\" data-element_type=\"container\" data-e-type=\"container\">\n\t\t\t\t\t<div class=\"e-con-inner\">\n\t\t\t\t<div class=\"elementor-element elementor-element-bf45215 elementor-widget elementor-widget-heading\" data-id=\"bf45215\" data-element_type=\"widget\" data-e-type=\"widget\" data-widget_type=\"heading.default\">\n\t\t\t\t<div class=\"elementor-widget-container\">\n\t\t\t\t\t<h3 class=\"elementor-heading-title elementor-size-default\">International - International Portfolio<\/h3>\t\t\t\t<\/div>\n\t\t\t\t<\/div>\n\t\t\t\t<div class=\"elementor-element elementor-element-34506cb elementor-widget elementor-widget-text-editor\" data-id=\"34506cb\" data-element_type=\"widget\" data-e-type=\"widget\" data-widget_type=\"text-editor.default\">\n\t\t\t\t<div class=\"elementor-widget-container\">\n\t\t\t\t\t\t\t\t\t<p><a style=\"color: #ffffff;\" href=\"https:\/\/www.baldacci.pt\/en\/\">Home<\/a> \/ <strong>International - International Portfolio\u00a0<\/strong><\/p>\t\t\t\t\t\t\t\t<\/div>\n\t\t\t\t<\/div>\n\t\t\t\t\t<\/div>\n\t\t\t\t<\/div>\n\t\t\t\t\t<\/div>\n\t\t\t\t<\/div>\n\t\t<div class=\"elementor-element elementor-element-f1d38e0 e-con-full e-flex e-con e-parent\" data-id=\"f1d38e0\" data-element_type=\"container\" data-e-type=\"container\" data-settings=\"{&quot;background_background&quot;:&quot;classic&quot;}\">\n\t\t<div class=\"elementor-element elementor-element-8e53787 e-flex e-con-boxed e-con e-child\" data-id=\"8e53787\" data-element_type=\"container\" data-e-type=\"container\">\n\t\t\t\t\t<div class=\"e-con-inner\">\n\t\t<div class=\"elementor-element elementor-element-01ee718 e-flex e-con-boxed e-con e-child\" data-id=\"01ee718\" data-element_type=\"container\" data-e-type=\"container\">\n\t\t\t\t\t<div class=\"e-con-inner\">\n\t\t\t\t<div class=\"elementor-element elementor-element-4e4ff3a elementor-widget elementor-widget-heading\" data-id=\"4e4ff3a\" data-element_type=\"widget\" data-e-type=\"widget\" data-widget_type=\"heading.default\">\n\t\t\t\t<div class=\"elementor-widget-container\">\n\t\t\t\t\t<h2 class=\"elementor-heading-title elementor-size-default\">International Portfolio <\/h2>\t\t\t\t<\/div>\n\t\t\t\t<\/div>\n\t\t\t\t\t<\/div>\n\t\t\t\t<\/div>\n\t\t<div class=\"elementor-element elementor-element-e419b54 e-flex e-con-boxed e-con e-child\" data-id=\"e419b54\" data-element_type=\"container\" data-e-type=\"container\">\n\t\t\t\t\t<div class=\"e-con-inner\">\n\t\t\t\t<div class=\"elementor-element elementor-element-ca496c6 elementor-widget elementor-widget-text-editor\" data-id=\"ca496c6\" data-element_type=\"widget\" data-e-type=\"widget\" data-widget_type=\"text-editor.default\">\n\t\t\t\t<div class=\"elementor-widget-container\">\n\t\t\t\t\t\t\t\t\t<p>Our development involves licensing Baldacci's diversified portfolio internationally. We are constantly and actively looking for new partners to grow with us. Would you like to join us?<\/p>\t\t\t\t\t\t\t\t<\/div>\n\t\t\t\t<\/div>\n\t\t\t\t<div class=\"elementor-element elementor-element-77bd119 elementor-widget elementor-widget-button\" data-id=\"77bd119\" data-element_type=\"widget\" data-e-type=\"widget\" data-widget_type=\"button.default\">\n\t\t\t\t<div class=\"elementor-widget-container\">\n\t\t\t\t\t\t\t\t\t<div class=\"elementor-button-wrapper\">\n\t\t\t\t\t<a class=\"elementor-button elementor-button-link elementor-size-sm\" href=\"https:\/\/www.baldacci.pt\/en\/?page_id=1639\">\n\t\t\t\t\t\t<span class=\"elementor-button-content-wrapper\">\n\t\t\t\t\t\t<span class=\"elementor-button-icon\">\n\t\t\t\t<svg xmlns=\"http:\/\/www.w3.org\/2000\/svg\" width=\"18\" height=\"19\" viewbox=\"0 0 18 19\" fill=\"none\"><path d=\"M6.75 14.1924L11.25 9.69238L6.75 5.19238\" stroke=\"#005DA9\" stroke-width=\"1.5\" stroke-linecap=\"square\" stroke-linejoin=\"round\"><\/path><\/svg>\t\t\t<\/span>\n\t\t\t\t\t\t\t\t\t<span class=\"elementor-button-text\">Contact Baldacci<\/span>\n\t\t\t\t\t<\/span>\n\t\t\t\t\t<\/a>\n\t\t\t\t<\/div>\n\t\t\t\t\t\t\t\t<\/div>\n\t\t\t\t<\/div>\n\t\t\t\t\t<\/div>\n\t\t\t\t<\/div>\n\t\t\t\t\t<\/div>\n\t\t\t\t<\/div>\n\t\t<div class=\"elementor-element elementor-element-1e3e0d7 e-flex e-con-boxed e-con e-child\" data-id=\"1e3e0d7\" data-element_type=\"container\" data-e-type=\"container\">\n\t\t\t\t\t<div class=\"e-con-inner\">\n\t\t<div class=\"elementor-element elementor-element-22250e3 e-flex e-con-boxed e-con e-child\" data-id=\"22250e3\" data-element_type=\"container\" data-e-type=\"container\">\n\t\t\t\t\t<div class=\"e-con-inner\">\n\t\t\t\t<div class=\"elementor-element elementor-element-bcbde9a elementor-widget elementor-widget-heading\" data-id=\"bcbde9a\" data-element_type=\"widget\" data-e-type=\"widget\" data-widget_type=\"heading.default\">\n\t\t\t\t<div class=\"elementor-widget-container\">\n\t\t\t\t\t<h6 class=\"elementor-heading-title elementor-size-default\">Find product<\/h6>\t\t\t\t<\/div>\n\t\t\t\t<\/div>\n\t\t\t\t<div class=\"elementor-element elementor-element-e107a22 elementor-widget__width-initial elementor-widget elementor-widget-html\" data-id=\"e107a22\" data-element_type=\"widget\" data-e-type=\"widget\" data-widget_type=\"html.default\">\n\t\t\t\t<div class=\"elementor-widget-container\">\n\t\t\t\t\t<input type=\"text\" class=\"input\" style=\"background-color: #FCFCFC; border: 1px #D4D4D4 solid\" data-ref=\"input-search\" placeholder=\"Search\"\/>\t\t\t\t<\/div>\n\t\t\t\t<\/div>\n\t\t\t\t\t<\/div>\n\t\t\t\t<\/div>\n\t\t\t\t<div class=\"elementor-element elementor-element-5c6ab11 elementor-widget elementor-widget-html\" data-id=\"5c6ab11\" data-element_type=\"widget\" data-e-type=\"widget\" data-widget_type=\"html.default\">\n\t\t\t\t<div class=\"elementor-widget-container\">\n\t\t\t\t\t<div class=\"mixContainer\" data-ref=\"container\">\n    \n    <div id=\"noResultsMessage\" class=\"no-results-message\" style=\"display: none;\"><i>Sem resultados<\/i><\/div>\n\n    \n\t\t\t<div class=\"mix ambroxol 30mg\">\n\t\t\t\t<h6>Ambroxol, HCI<\/h6>\n\t\t\t\t<p><strong>Strength:<\/strong> 30 mg<\/p>\n\t\t\t\t<p><strong>Pack:<\/strong> 20 tabs<\/p>\n\t\t\t\t<p><strong>Indication:<\/strong> Cough with expectoration.<\/p>\n\t\t\t<\/div>\n\t\t\t\n\t\t\t<div class=\"mix ambroxol 30mg\">\n\t\t\t\t<h6>Ambroxol, HCI<\/h6>\n\t\t\t\t<p><strong>Strength:<\/strong> 6mg\/ml<\/p>\n\t\t\t\t<p><strong>Pack:<\/strong> 100 ml; 200 ml<\/p>\n\t\t\t\t<p><strong>Indication:<\/strong> Cough with expectoration.<\/p>\n\t\t\t<\/div>\n\n            <div class=\"mix azitromicine azitromicina\">\n\t\t\t\t<h6>Azithromycin<\/h6>\n\t\t\t\t<p><strong>Strength:<\/strong> 500 mg<\/p>\n\t\t\t\t<p><strong>Pack:<\/strong>  3 tabs<\/p>\n\t\t\t\t<p><strong>Indication:<\/strong> Bacterial infections.<\/p>\n\t\t\t<\/div>\n            \n            <div class=\"mix bacillus_doederlein\">\n\t\t\t\t<h6>Bacillus Doederlein<\/h6>\n\t\t\t\t<p><strong>Strength:<\/strong> 40 mg<\/p>\n\t\t\t\t<p><strong>Pack:<\/strong> 6 vaginal tabs<\/p>\n\t\t\t\t<p><strong>Indication:<\/strong> Restores and maintains vaginal flora.<\/p>\n\t\t\t<\/div>\n            \n            <div class=\"mix calcium_pidolate pyridoxine chloridate vitamineB6 magnesium calcio_pidolato cloridrato_de_Piridoxina magn\u00e9sio\">\n\t\t\t\t<h6>Calcium pidolate, pyridoxine chloridate (Vit. B6), Magnesium stearate<\/h6>\n\t\t\t\t<p><strong>Strength:<\/strong> 400mg + 50mg + 15mg<\/p>\n\t\t\t\t<p><strong>Pack:<\/strong> 60 tabs<\/p>\n\t\t\t\t<p><strong>Indication:<\/strong> Intellectual tiredness and memory.<\/p>\n\t\t\t<\/div>\n            \n            <div class=\"mix cetirizine_1mg\/ml cetirizina_1mg\/ml\">\n\t\t\t\t<h6>Cetirizine<\/h6>\n\t\t\t\t<p><strong>Strength:<\/strong> 1 mg\/ml<\/p>\n\t\t\t\t<p><strong>Pack:<\/strong> 150 ml<\/p>\n\t\t\t\t<p><strong>Indication:<\/strong> Allergy symptoms.<\/p>\n\t\t\t<\/div>\n            \n            <div class=\"mix cetirizine_10mgcetirizina_10mg\">\n\t\t\t\t<h6>Cetirizine<\/h6>\n\t\t\t\t<p><strong>Strength:<\/strong> 10 mg<\/p>\n\t\t\t\t<p><strong>Pack:<\/strong> 20 tabs<\/p>\n\t\t\t\t<p><strong>Indication:<\/strong> Allergy symptoms.<\/p>\n\t\t\t<\/div>\n            \n            <div class=\"mix ciprofloxacine ciprofloxacina\">\n\t\t\t\t<h6>Ciprofloxacine<\/h6>\n\t\t\t\t<p><strong>Strength:<\/strong> 500 mg<\/p>\n\t\t\t\t<p><strong>Pack:<\/strong> 16 tabs<\/p>\n\t\t\t\t<p><strong>Indication:<\/strong> Bacterial infections.<\/p>\n\t\t\t<\/div>\n            \n            <div class=\"mix domperidone domperidona\">\n\t\t\t\t<h6>Domperidone<\/h6>\n\t\t\t\t<p><strong>Strength:<\/strong> 10 mg<\/p>\n\t\t\t\t<p><strong>Pack:<\/strong> 20; 60 tabs<\/p>\n\t\t\t\t<p><strong>Indication:<\/strong> Nausea and vomiting.<\/p>\n\t\t\t<\/div>\n\t\t\t\n\t\t\t<div class=\"mix feralgine ferrous_bisglycinate sodium_alginate feralgina bisglicinato_de_ferro alginato_de_sodio\">\n\t\t\t\t<h6>Feralgine: ferrous bisglycinate + sodium alginate<\/h6>\n\t\t\t\t<p><strong>Strength:<\/strong> 14 mg (Iron)<\/p>\n\t\t\t\t<p><strong>Pack:<\/strong> 30 effervescent tabs<\/p>\n\t\t\t\t<p><strong>Indication:<\/strong> Iron deficiency.<\/p>\n\t\t\t<\/div>\n            \n            <div class=\"mix feralgine ferrous_bisglycinate sodium_alginate feralgina bisglicinato_de_ferro alginato_de_sodio\">\n\t\t\t\t<h6>Feralgine: ferrous bisglycinate + sodium alginate<\/h6>\n\t\t\t\t<p><strong>Strength:<\/strong> 30 mg (Iron)<\/p>\n\t\t\t\t<p><strong>Pack:<\/strong> 20; 30 tabs<\/p>\n\t\t\t\t<p><strong>Indication:<\/strong> Iron deficiency.<\/p>\n\t\t\t<\/div>\n            \n            <div class=\"mix ferrous bisglycinate chelate bisglicinato ferro quelato\">\n\t\t\t\t<h6>Ferrous Bisglycinate Chelate<\/h6>\n\t\t\t\t<p><strong>Strength:<\/strong> 0,25mg (Iron)<\/p>\n\t\t\t\t<p><strong>Pack:<\/strong> 30ml<\/p>\n\t\t\t\t<p><strong>Indication:<\/strong> Iron deficiency.<\/p>\n\t\t\t<\/div>\n            \n            <div class=\"mix fluoxetine fluoxetina\">\n\t\t\t\t<h6>Fluoxetine<\/h6>\n\t\t\t\t<p><strong>Strength:<\/strong> 20 mg<\/p>\n\t\t\t\t<p><strong>Pack:<\/strong> 20; 60 tabs<\/p>\n\t\t\t\t<p><strong>Indication:<\/strong> Depression.<\/p>\n\t\t\t<\/div>\n            \n            <div class=\"mix folic acid acido folico\">\n\t\t\t\t<h6>Folic Acid<\/h6>\n\t\t\t\t<p><strong>Strength:<\/strong> 400 \u03bcg<\/p>\n\t\t\t\t<p><strong>Pack:<\/strong> 120 tabs<\/p>\n\t\t\t\t<p><strong>Indication:<\/strong> Prevention baby\u2019s neural tube develop defects.<\/p>\n\t\t\t<\/div>\n            \n            <div class=\"mix glucosamine_1500mg_tabs glucosamine_1500mg_cps\">\n\t\t\t\t<h6>Glucosamine<\/h6>\n\t\t\t\t<p><strong>Strength:<\/strong> 1500 mg<\/p>\n\t\t\t\t<p><strong>Pack:<\/strong> 60 tabs<\/p>\n\t\t\t\t<p><strong>Indication:<\/strong> Osteoarthritis.<\/p>\n\t\t\t<\/div>\n            \n            <div class=\"mix glucosamine_1500mg_sachets glucosamine_1500mg_saquetas\">\n\t\t\t\t<h6>Glucosamine<\/h6>\n\t\t\t\t<p><strong>Strength:<\/strong> 1500 mg<\/p>\n\t\t\t\t<p><strong>Pack:<\/strong> 20; 30; 60 sachets<\/p>\n\t\t\t\t<p><strong>Indication:<\/strong> Osteoarthritis.<\/p>\n\t\t\t<\/div>\n            \n            <div class=\"mix indapamide indapamida\">\n\t\t\t\t<h6>Indapamide<\/h6>\n\t\t\t\t<p><strong>Strength:<\/strong> 2,5 mg<\/p>\n\t\t\t\t<p><strong>Pack:<\/strong> 60 tabs<\/p>\n\t\t\t\t<p><strong>Indication:<\/strong> Hypertension.<\/p>\n\t\t\t<\/div>\n            \n            <div class=\"mix lauroderme barrier_cream muda_fralda\">\n\t\t\t\t<h6>Lauroderme<sup>\u00ae<\/sup>  Diaper change<\/h6>\n\t\t\t\t<p><strong>Pack:<\/strong> Cream 100g<\/p>\n\t\t\t\t<p><strong>Indication:<\/strong> Diapper rash prevention.<\/p>\n\t\t\t<\/div>\n            \n            <div class=\"mix lauroderme mosturizer_body_cream creme_hidratante\">\n\t\t\t\t<h6>Lauroderme<sup>\u00ae<\/sup> Mosturizer body cream<\/h6>\n\t\t\t\t<p><strong>Pack:<\/strong> Cream 250ml<\/p>\n\t\t\t\t<p><strong>Indication:<\/strong> Skin hydration.<\/p>\n\t\t\t<\/div>\n            \n            <div class=\"mix lauroderme bath_gel gel_banho\">\n\t\t\t\t<h6>Lauroderme<sup>\u00ae<\/sup> Bath Gel<\/h6>\n\t\t\t\t<p><strong>Pack:<\/strong> Gel 250ml<\/p>\n\t\t\t\t<p><strong>Indication:<\/strong> Daily hygiene.<\/p>\n\t\t\t<\/div>\n            \n            <div class=\"mix lauroderme lanoline lanolina\">\n\t\t\t\t<h6>Lauroderme<sup>\u00ae<\/sup> Lanolin<\/h6>\n\t\t\t\t<p><strong>Pack:<\/strong> 40g<\/p>\n\t\t\t\t<p><strong>Indication:<\/strong> Breast fissures.<\/p>\n\t\t\t<\/div>\n            \n            <div class=\"mix lauroderme soap sabonete\">\n\t\t\t\t<h6>Lauroderme<sup>\u00ae<\/sup> Soap<\/h6>\n\t\t\t\t<p><strong>Pack:<\/strong> 100g<\/p>\n\t\t\t\t<p><strong>Indication:<\/strong> Daily hygiene.<\/p>\n\t\t\t<\/div>\n            \n            <div class=\"mix lauroderme shampoo champo\">\n\t\t\t\t<h6>Lauroderme<sup>\u00ae<\/sup> Shampo<\/h6>\n\t\t\t\t<p><strong>Pack:<\/strong> Shampo 250ml<\/p>\n\t\t\t\t<p><strong>Indication:<\/strong> Daily hygiene.<\/p>\n\t\t\t<\/div>\n\n            <div class=\"mix nimesulida\">\n\t\t\t\t<h6>Nimesulida<\/h6>\n\t\t\t\t<p><strong>Strength:<\/strong> 100 mg<\/p>\n\t\t\t\t<p><strong>Pack:<\/strong> 20 tabs<\/p>\n\t\t\t\t<p><strong>Indication:<\/strong> Acute pain.<\/p>\n\t\t\t<\/div>\n            \n            <div class=\"mix pirometaxine pirometaxina\">\n\t\t\t\t<h6>Pirometaxine<\/h6>\n\t\t\t\t<p><strong>Strength:<\/strong> N\/A<\/p>\n\t\t\t\t<p><strong>Pack:<\/strong> Spray 20ml<\/p>\n\t\t\t\t<p><strong>Indication:<\/strong> Nasal congestion.<\/p>\n\t\t\t<\/div>\n\t\t\t\n            \n            \n            <div class=\"mix sinvastatine sinvastatina\">\n\t\t\t\t<h6>Simvastatine<\/h6>\n\t\t\t\t<p><strong>Strength:<\/strong> 20 mg<\/p>\n\t\t\t\t<p><strong>Pack:<\/strong> 60 tabs<\/p>\n\t\t\t\t<p><strong>Indication:<\/strong> Hypercholesterolemia.<\/p>\n\t\t\t<\/div>\n            \n            <div class=\"mix sodium_picosulfate picosulfato_sodio\">\n\t\t\t\t<h6>Sodium Picosulfate<\/h6>\n\t\t\t\t<p><strong>Strength:<\/strong> 7,5 mg\/ml<\/p>\n\t\t\t\t<p><strong>Pack:<\/strong> 30ml<\/p>\n\t\t\t\t<p><strong>Indication:<\/strong> Constipation.<\/p>\n\t\t\t<\/div>\n            \n            <div class=\"mix tansulosine tansulosina\">\n\t\t\t\t<h6>Tamsulosine<\/h6>\n\t\t\t\t<p><strong>Strength:<\/strong> 0,4 mg<\/p>\n\t\t\t\t<p><strong>Pack:<\/strong> 30 caps<\/p>\n\t\t\t\t<p><strong>Indication:<\/strong> Benign prostatic hypertrophy.<\/p>\n\t\t\t<\/div>\n            \n            <div class=\"mix zinc_oxide titanium_dioxide tetracaine oxido_zinco tetracaina\">\n\t\t\t\t<h6>Zinc oxide + Tetracaine<\/h6>\n\t\t\t\t<p><strong>Strength:<\/strong> 85mg\/g + 10mg\/g<\/p>\n\t\t\t\t<p><strong>Pack:<\/strong> 20g Paste <\/p>\n\t\t\t\t<p><strong>Indication:<\/strong> Haemorrhoids, fissures, rashes and anal irritations.<\/p>\n\t\t\t<\/div>\n            \n            <div class=\"mix zinc_oxide salicilic_acid lauroderme oxido_zinco acido_salicilico\">\n\t\t\t\t<h6>Zinc Oxide, Salicilic Acid (Lauroderme<sup>\u00ae<\/sup>)<\/h6>\n\t\t\t\t<p><strong>Strength:<\/strong> 95mg\/g + 5mg\/g<\/p>\n\t\t\t\t<p><strong>Pack:<\/strong> Cream 100g<\/p>\n\t\t\t\t<p><strong>Indication:<\/strong> Cicatrization.<\/p>\n\t\t\t<\/div>\n            \n            <div class=\"mix zinc_oxide salicilic_acid lauroderme oxido_zinco acido_salicilico\">\n\t\t\t\t<h6>Zinc Oxide, Salicilic Acid (Lauroderme<sup>\u00ae<\/sup>)<\/h6>\n\t\t\t\t<p><strong>Pack:<\/strong> Cutaneous Liquid 150 ml<\/p>\n\t\t\t\t<p><strong>Indication:<\/strong> Cicatrization.<\/p>\n\t\t\t<\/div>\n            \n            <div class=\"mix zinc_oxide salicilic_acid lauroderme oxido_zinco acido_salicilico\">\n\t\t\t\t<h6>Zinc Oxide, Salicilic Acid (Lauroderme<sup>\u00ae<\/sup>)<\/h6>\n\t\t\t\t<p><strong>Pack:<\/strong> Cutaneous paste 50g; 100g<\/p>\n\t\t\t\t<p><strong>Indication:<\/strong> Cicatrization.<\/p>\n\t\t\t<\/div>\n            \n            <div class=\"mix zinc_oxide salicilic_acid lauroderme oxido_zinco acido_salicilico\">\n\t\t\t\t<h6>Zinc Oxide, Salicilic Acid (Lauroderme<sup>\u00ae<\/sup>)<\/h6>\n\t\t\t\t<p><strong>Pack:<\/strong> Cutaneous powder 50g; 100g<\/p>\n\t\t\t\t<p><strong>Indication:<\/strong> Cicatrization.<\/p>\n\t\t\t<\/div>\n\t\t\t\n\t\t\t<div class=\"gap\"><\/div>\n            <div class=\"gap\"><\/div>\n            <div class=\"gap\"><\/div>\n\t\t<\/div>\t\t\t\t<\/div>\n\t\t\t\t<\/div>\n\t\t\t\t\t<\/div>\n\t\t\t\t<\/div>\n\t\t\t\t<\/div>\n\t\t<div class=\"elementor-element elementor-element-547df0a e-flex e-con-boxed e-con e-parent\" data-id=\"547df0a\" data-element_type=\"container\" data-e-type=\"container\">\n\t\t\t\t\t<div class=\"e-con-inner\">\n\t\t\t\t<div class=\"elementor-element elementor-element-2b5c80e elementor-widget elementor-widget-text-editor\" data-id=\"2b5c80e\" data-element_type=\"widget\" data-e-type=\"widget\" data-widget_type=\"text-editor.default\">\n\t\t\t\t<div class=\"elementor-widget-container\">\n\t\t\t\t\t\t\t\t\tSee also our <a style=\"color: #005DA9\" href=\"https:\/\/www.baldacci.pt\/en\/?page_id=1458\">Internacional Presence<\/a>.\t\t\t\t\t\t\t\t<\/div>\n\t\t\t\t<\/div>\n\t\t\t\t\t<\/div>\n\t\t\t\t<\/div>\n\t\t\t\t<\/div>","protected":false},"excerpt":{"rendered":"<p>Internacional &#8211; Portf\u00f3lio de Licensing-out \u200b In\u00edcio \/ Internacional &#8211; Portf\u00f3lio de Licensing-out\u00a0 Portf\u00f3lio de Licensing-out O nosso desenvolvimento passa pelo licenciamento do portf\u00f3lio diversificado da Baldacci a n\u00edvel internacional. Para isso, procuramos constantemente e ativamente novos parceiros que queiram crescer connosco. Quer fazer parte? Contactar a Baldacci Encontrar produto Sem resultados Ambroxol, HCI Dosagem: [&hellip;]<\/p>\n","protected":false},"author":1,"featured_media":0,"parent":0,"menu_order":1,"comment_status":"closed","ping_status":"closed","template":"","meta":{"footnotes":""},"class_list":["post-1534","page","type-page","status-publish","hentry"],"blocksy_meta":[],"yoast_head":"<!-- This site is optimized with the Yoast SEO plugin v27.3 - https:\/\/yoast.com\/product\/yoast-seo-wordpress\/ -->\n<title>Internacional - Portf\u00f3lio de Licensing-out - Baldacci Portugal<\/title>\n<meta name=\"robots\" content=\"index, follow, max-snippet:-1, max-image-preview:large, max-video-preview:-1\" \/>\n<link rel=\"canonical\" href=\"https:\/\/www.baldacci.pt\/en\/internacional-portfolio-de-licensing-out\/\" \/>\n<meta property=\"og:locale\" content=\"en_GB\" \/>\n<meta property=\"og:type\" content=\"article\" \/>\n<meta property=\"og:title\" content=\"Internacional - Portf\u00f3lio de Licensing-out - Baldacci Portugal\" \/>\n<meta property=\"og:description\" content=\"Internacional &#8211; Portf\u00f3lio de Licensing-out \u200b In\u00edcio \/ Internacional &#8211; Portf\u00f3lio de Licensing-out\u00a0 Portf\u00f3lio de Licensing-out O nosso desenvolvimento passa pelo licenciamento do portf\u00f3lio diversificado da Baldacci a n\u00edvel internacional. Para isso, procuramos constantemente e ativamente novos parceiros que queiram crescer connosco. Quer fazer parte? Contactar a Baldacci Encontrar produto Sem resultados Ambroxol, HCI Dosagem: [&hellip;]\" \/>\n<meta property=\"og:url\" content=\"https:\/\/www.baldacci.pt\/en\/internacional-portfolio-de-licensing-out\/\" \/>\n<meta property=\"og:site_name\" content=\"Baldacci Portugal\" \/>\n<meta property=\"article:modified_time\" content=\"2023-11-15T11:33:36+00:00\" \/>\n<meta name=\"twitter:card\" content=\"summary_large_image\" \/>\n<meta name=\"twitter:label1\" content=\"Estimated reading time\" \/>\n\t<meta name=\"twitter:data1\" content=\"3 minutes\" \/>\n<script type=\"application\/ld+json\" class=\"yoast-schema-graph\">{\"@context\":\"https:\\\/\\\/schema.org\",\"@graph\":[{\"@type\":\"WebPage\",\"@id\":\"https:\\\/\\\/www.baldacci.pt\\\/internacional-portfolio-de-licensing-out\\\/\",\"url\":\"https:\\\/\\\/www.baldacci.pt\\\/internacional-portfolio-de-licensing-out\\\/\",\"name\":\"Internacional - Portf\u00f3lio de Licensing-out - Baldacci Portugal\",\"isPartOf\":{\"@id\":\"https:\\\/\\\/www.baldacci.pt\\\/#website\"},\"datePublished\":\"2023-10-27T10:30:07+00:00\",\"dateModified\":\"2023-11-15T11:33:36+00:00\",\"breadcrumb\":{\"@id\":\"https:\\\/\\\/www.baldacci.pt\\\/internacional-portfolio-de-licensing-out\\\/#breadcrumb\"},\"inLanguage\":\"en-GB\",\"potentialAction\":[{\"@type\":\"ReadAction\",\"target\":[\"https:\\\/\\\/www.baldacci.pt\\\/internacional-portfolio-de-licensing-out\\\/\"]}]},{\"@type\":\"BreadcrumbList\",\"@id\":\"https:\\\/\\\/www.baldacci.pt\\\/internacional-portfolio-de-licensing-out\\\/#breadcrumb\",\"itemListElement\":[{\"@type\":\"ListItem\",\"position\":1,\"name\":\"Home\",\"item\":\"https:\\\/\\\/www.baldacci.pt\\\/\"},{\"@type\":\"ListItem\",\"position\":2,\"name\":\"Internacional &#8211; Portf\u00f3lio de Licensing-out\"}]},{\"@type\":\"WebSite\",\"@id\":\"https:\\\/\\\/www.baldacci.pt\\\/#website\",\"url\":\"https:\\\/\\\/www.baldacci.pt\\\/\",\"name\":\"Baldacci Portugal\",\"description\":\"Consigo desde o in\u00edcio... ao fim terap\u00eautico.\",\"publisher\":{\"@id\":\"https:\\\/\\\/www.baldacci.pt\\\/#organization\"},\"potentialAction\":[{\"@type\":\"SearchAction\",\"target\":{\"@type\":\"EntryPoint\",\"urlTemplate\":\"https:\\\/\\\/www.baldacci.pt\\\/?s={search_term_string}\"},\"query-input\":{\"@type\":\"PropertyValueSpecification\",\"valueRequired\":true,\"valueName\":\"search_term_string\"}}],\"inLanguage\":\"en-GB\"},{\"@type\":\"Organization\",\"@id\":\"https:\\\/\\\/www.baldacci.pt\\\/#organization\",\"name\":\"Baldacci Portugal\",\"alternateName\":\"Baldacci\",\"url\":\"https:\\\/\\\/www.baldacci.pt\\\/\",\"logo\":{\"@type\":\"ImageObject\",\"inLanguage\":\"en-GB\",\"@id\":\"https:\\\/\\\/www.baldacci.pt\\\/#\\\/schema\\\/logo\\\/image\\\/\",\"url\":\"https:\\\/\\\/www.baldacci.pt\\\/wp-content\\\/uploads\\\/2023\\\/10\\\/logoBaldacci_blue.png\",\"contentUrl\":\"https:\\\/\\\/www.baldacci.pt\\\/wp-content\\\/uploads\\\/2023\\\/10\\\/logoBaldacci_blue.png\",\"width\":452,\"height\":133,\"caption\":\"Baldacci Portugal\"},\"image\":{\"@id\":\"https:\\\/\\\/www.baldacci.pt\\\/#\\\/schema\\\/logo\\\/image\\\/\"},\"sameAs\":[\"https:\\\/\\\/www.linkedin.com\\\/company\\\/baldacci\\\/\"]}]}<\/script>\n<!-- \/ Yoast SEO plugin. -->","yoast_head_json":{"title":"Internacional - Portf\u00f3lio de Licensing-out - Baldacci Portugal","robots":{"index":"index","follow":"follow","max-snippet":"max-snippet:-1","max-image-preview":"max-image-preview:large","max-video-preview":"max-video-preview:-1"},"canonical":"https:\/\/www.baldacci.pt\/en\/internacional-portfolio-de-licensing-out\/","og_locale":"en_GB","og_type":"article","og_title":"Internacional - Portf\u00f3lio de Licensing-out - Baldacci Portugal","og_description":"Internacional &#8211; Portf\u00f3lio de Licensing-out \u200b In\u00edcio \/ Internacional &#8211; Portf\u00f3lio de Licensing-out\u00a0 Portf\u00f3lio de Licensing-out O nosso desenvolvimento passa pelo licenciamento do portf\u00f3lio diversificado da Baldacci a n\u00edvel internacional. Para isso, procuramos constantemente e ativamente novos parceiros que queiram crescer connosco. Quer fazer parte? Contactar a Baldacci Encontrar produto Sem resultados Ambroxol, HCI Dosagem: [&hellip;]","og_url":"https:\/\/www.baldacci.pt\/en\/internacional-portfolio-de-licensing-out\/","og_site_name":"Baldacci Portugal","article_modified_time":"2023-11-15T11:33:36+00:00","twitter_card":"summary_large_image","twitter_misc":{"Estimated reading time":"3 minutes"},"schema":{"@context":"https:\/\/schema.org","@graph":[{"@type":"WebPage","@id":"https:\/\/www.baldacci.pt\/internacional-portfolio-de-licensing-out\/","url":"https:\/\/www.baldacci.pt\/internacional-portfolio-de-licensing-out\/","name":"Internacional - Portf\u00f3lio de Licensing-out - Baldacci Portugal","isPartOf":{"@id":"https:\/\/www.baldacci.pt\/#website"},"datePublished":"2023-10-27T10:30:07+00:00","dateModified":"2023-11-15T11:33:36+00:00","breadcrumb":{"@id":"https:\/\/www.baldacci.pt\/internacional-portfolio-de-licensing-out\/#breadcrumb"},"inLanguage":"en-GB","potentialAction":[{"@type":"ReadAction","target":["https:\/\/www.baldacci.pt\/internacional-portfolio-de-licensing-out\/"]}]},{"@type":"BreadcrumbList","@id":"https:\/\/www.baldacci.pt\/internacional-portfolio-de-licensing-out\/#breadcrumb","itemListElement":[{"@type":"ListItem","position":1,"name":"Home","item":"https:\/\/www.baldacci.pt\/"},{"@type":"ListItem","position":2,"name":"Internacional &#8211; Portf\u00f3lio de Licensing-out"}]},{"@type":"WebSite","@id":"https:\/\/www.baldacci.pt\/#website","url":"https:\/\/www.baldacci.pt\/","name":"Baldacci Portugal","description":"Consigo desde o in\u00edcio... ao fim terap\u00eautico.","publisher":{"@id":"https:\/\/www.baldacci.pt\/#organization"},"potentialAction":[{"@type":"SearchAction","target":{"@type":"EntryPoint","urlTemplate":"https:\/\/www.baldacci.pt\/?s={search_term_string}"},"query-input":{"@type":"PropertyValueSpecification","valueRequired":true,"valueName":"search_term_string"}}],"inLanguage":"en-GB"},{"@type":"Organization","@id":"https:\/\/www.baldacci.pt\/#organization","name":"Baldacci Portugal","alternateName":"Baldacci","url":"https:\/\/www.baldacci.pt\/","logo":{"@type":"ImageObject","inLanguage":"en-GB","@id":"https:\/\/www.baldacci.pt\/#\/schema\/logo\/image\/","url":"https:\/\/www.baldacci.pt\/wp-content\/uploads\/2023\/10\/logoBaldacci_blue.png","contentUrl":"https:\/\/www.baldacci.pt\/wp-content\/uploads\/2023\/10\/logoBaldacci_blue.png","width":452,"height":133,"caption":"Baldacci Portugal"},"image":{"@id":"https:\/\/www.baldacci.pt\/#\/schema\/logo\/image\/"},"sameAs":["https:\/\/www.linkedin.com\/company\/baldacci\/"]}]}},"_links":{"self":[{"href":"https:\/\/www.baldacci.pt\/en\/wp-json\/wp\/v2\/pages\/1534","targetHints":{"allow":["GET"]}}],"collection":[{"href":"https:\/\/www.baldacci.pt\/en\/wp-json\/wp\/v2\/pages"}],"about":[{"href":"https:\/\/www.baldacci.pt\/en\/wp-json\/wp\/v2\/types\/page"}],"author":[{"embeddable":true,"href":"https:\/\/www.baldacci.pt\/en\/wp-json\/wp\/v2\/users\/1"}],"replies":[{"embeddable":true,"href":"https:\/\/www.baldacci.pt\/en\/wp-json\/wp\/v2\/comments?post=1534"}],"version-history":[{"count":254,"href":"https:\/\/www.baldacci.pt\/en\/wp-json\/wp\/v2\/pages\/1534\/revisions"}],"predecessor-version":[{"id":4271,"href":"https:\/\/www.baldacci.pt\/en\/wp-json\/wp\/v2\/pages\/1534\/revisions\/4271"}],"wp:attachment":[{"href":"https:\/\/www.baldacci.pt\/en\/wp-json\/wp\/v2\/media?parent=1534"}],"curies":[{"name":"wp","href":"https:\/\/api.w.org\/{rel}","templated":true}]}}