{"id":1428,"date":"2023-10-26T14:50:31","date_gmt":"2023-10-26T14:50:31","guid":{"rendered":"https:\/\/www.baldacci.pt\/?page_id=1428"},"modified":"2025-06-05T08:53:07","modified_gmt":"2025-06-05T08:53:07","slug":"industria-producao-e-fabrica","status":"publish","type":"page","link":"https:\/\/www.baldacci.pt\/en\/industria-producao-e-fabrica\/","title":{"rendered":"Ind\u00fastria &#8211; Produ\u00e7\u00e3o e F\u00e1brica"},"content":{"rendered":"<div data-elementor-type=\"wp-page\" data-elementor-id=\"1428\" class=\"elementor elementor-1428\">\n\t\t\t\t<div class=\"elementor-element elementor-element-da7fb26 e-flex e-con-boxed e-con e-parent\" data-id=\"da7fb26\" data-element_type=\"container\" data-e-type=\"container\" data-settings=\"{&quot;background_background&quot;:&quot;classic&quot;}\">\n\t\t\t\t\t<div class=\"e-con-inner\">\n\t\t<div class=\"elementor-element elementor-element-99323a4 e-flex e-con-boxed e-con e-child\" data-id=\"99323a4\" data-element_type=\"container\" data-e-type=\"container\">\n\t\t\t\t\t<div class=\"e-con-inner\">\n\t\t\t\t<div class=\"elementor-element elementor-element-bf45215 elementor-widget elementor-widget-heading\" data-id=\"bf45215\" data-element_type=\"widget\" data-e-type=\"widget\" data-widget_type=\"heading.default\">\n\t\t\t\t<div class=\"elementor-widget-container\">\n\t\t\t\t\t<h3 class=\"elementor-heading-title elementor-size-default\">Industry - Production and Factory<\/h3>\t\t\t\t<\/div>\n\t\t\t\t<\/div>\n\t\t\t\t<div class=\"elementor-element elementor-element-d47c2b4 elementor-widget elementor-widget-text-editor\" data-id=\"d47c2b4\" data-element_type=\"widget\" data-e-type=\"widget\" data-widget_type=\"text-editor.default\">\n\t\t\t\t<div class=\"elementor-widget-container\">\n\t\t\t\t\t\t\t\t\t<p><a style=\"color: #ffffff;\" href=\"https:\/\/www.baldacci.pt\/en\/\">Home<\/a> \/\u00a0<strong>Ind\u00fastria &#8211; Produ\u00e7\u00e3o e F\u00e1brica<\/strong><\/p>\t\t\t\t\t\t\t\t<\/div>\n\t\t\t\t<\/div>\n\t\t\t\t\t<\/div>\n\t\t\t\t<\/div>\n\t\t\t\t\t<\/div>\n\t\t\t\t<\/div>\n\t\t<div class=\"elementor-element elementor-element-f1d38e0 e-flex e-con-boxed e-con e-parent\" data-id=\"f1d38e0\" data-element_type=\"container\" data-e-type=\"container\" data-settings=\"{&quot;background_background&quot;:&quot;classic&quot;}\">\n\t\t\t\t\t<div class=\"e-con-inner\">\n\t\t<div class=\"elementor-element elementor-element-8e53787 e-con-full e-flex e-con e-child\" data-id=\"8e53787\" data-element_type=\"container\" data-e-type=\"container\">\n\t\t\t\t<div class=\"elementor-element elementor-element-ca496c6 elementor-widget__width-initial elementor-widget elementor-widget-text-editor\" data-id=\"ca496c6\" data-element_type=\"widget\" data-e-type=\"widget\" data-widget_type=\"text-editor.default\">\n\t\t\t\t<div class=\"elementor-widget-container\">\n\t\t\t\t\t\t\t\t\t<p>Baldacci Portugal, S.A. has its own manufacturing unit, with capacity installed to produce Medicines, Cosmetic Products and Body Hygiene and Food Supplements.<br \/>The factory follows a strict Quality Assurance System that allows comply with the requirements of Good Manufacturing Practices and recommendations from European Guidelines applicable to the Pharmaceutical Industry. Therefore, it is approved by the competent authority \u2013 Infarmed I.P, for production of non-sterile, semi-solid and liquid forms.<br \/>Such measures guarantee the production of products in accordance with the company's quality management system, ensuring the consumer the better-quality standards.<\/p>\t\t\t\t\t\t\t\t<\/div>\n\t\t\t\t<\/div>\n\t\t\t\t<div class=\"elementor-element elementor-element-ebfd88f elementor-widget elementor-widget-image\" data-id=\"ebfd88f\" data-element_type=\"widget\" data-e-type=\"widget\" data-widget_type=\"image.default\">\n\t\t\t\t<div class=\"elementor-widget-container\">\n\t\t\t\t\t\t\t\t\t\t\t\t\t\t\t<img fetchpriority=\"high\" decoding=\"async\" width=\"837\" height=\"506\" src=\"https:\/\/www.baldacci.pt\/wp-content\/uploads\/2023\/10\/industria1.png\" class=\"attachment-full size-full wp-image-1439\" alt=\"Produ\u00e7\u00e3o de medicamentos nas nossas instala\u00e7\u00f5es\" srcset=\"https:\/\/www.baldacci.pt\/wp-content\/uploads\/2023\/10\/industria1.png 837w, https:\/\/www.baldacci.pt\/wp-content\/uploads\/2023\/10\/industria1-300x181.png 300w, https:\/\/www.baldacci.pt\/wp-content\/uploads\/2023\/10\/industria1-768x464.png 768w\" sizes=\"(max-width: 837px) 100vw, 837px\" \/>\t\t\t\t\t\t\t\t\t\t\t\t\t\t\t<\/div>\n\t\t\t\t<\/div>\n\t\t\t\t<\/div>\n\t\t<div class=\"elementor-element elementor-element-e3d9d18 e-flex e-con-boxed e-con e-child\" data-id=\"e3d9d18\" data-element_type=\"container\" data-e-type=\"container\">\n\t\t\t\t\t<div class=\"e-con-inner\">\n\t\t\t\t<div class=\"elementor-element elementor-element-1bd7bf4 elementor-widget elementor-widget-image\" data-id=\"1bd7bf4\" data-element_type=\"widget\" data-e-type=\"widget\" data-widget_type=\"image.default\">\n\t\t\t\t<div class=\"elementor-widget-container\">\n\t\t\t\t\t\t\t\t\t\t\t\t\t\t\t<img decoding=\"async\" width=\"542\" height=\"336\" src=\"https:\/\/www.baldacci.pt\/wp-content\/uploads\/2023\/10\/industria2.png\" class=\"attachment-full size-full wp-image-1443\" alt=\"Medicamentos produzidos nas nossas instala\u00e7\u00f5es\" srcset=\"https:\/\/www.baldacci.pt\/wp-content\/uploads\/2023\/10\/industria2.png 542w, https:\/\/www.baldacci.pt\/wp-content\/uploads\/2023\/10\/industria2-300x186.png 300w\" sizes=\"(max-width: 542px) 100vw, 542px\" \/>\t\t\t\t\t\t\t\t\t\t\t\t\t\t\t<\/div>\n\t\t\t\t<\/div>\n\t\t\t\t<div class=\"elementor-element elementor-element-43d79f3 elementor-widget__width-initial elementor-widget elementor-widget-text-editor\" data-id=\"43d79f3\" data-element_type=\"widget\" data-e-type=\"widget\" data-widget_type=\"text-editor.default\">\n\t\t\t\t<div class=\"elementor-widget-container\">\n\t\t\t\t\t\t\t\t\t<p>The <strong>Quality Control department<\/strong> has a qualified team and equipment for the analysis of active substances and excipients, packaging materials, control in the manufacturing process and control of the finished product.<br \/><br \/>The <strong>Production department<\/strong> is able to carry out packaging operations in accordance with the relevant instructions and using the specified materials.<\/p>\t\t\t\t\t\t\t\t<\/div>\n\t\t\t\t<\/div>\n\t\t\t\t\t<\/div>\n\t\t\t\t<\/div>\n\t\t<div class=\"elementor-element elementor-element-d0da14c e-flex e-con-boxed e-con e-child\" data-id=\"d0da14c\" data-element_type=\"container\" data-e-type=\"container\">\n\t\t\t\t\t<div class=\"e-con-inner\">\n\t\t<div class=\"elementor-element elementor-element-c626102 e-con-full e-flex e-con e-child\" data-id=\"c626102\" data-element_type=\"container\" data-e-type=\"container\">\n\t\t\t\t<div class=\"elementor-element elementor-element-f6f6793 elementor-widget__width-inherit elementor-widget-mobile__width-initial elementor-widget elementor-widget-text-editor\" data-id=\"f6f6793\" data-element_type=\"widget\" data-e-type=\"widget\" data-widget_type=\"text-editor.default\">\n\t\t\t\t<div class=\"elementor-widget-container\">\n\t\t\t\t\t\t\t\t\t<p><strong>4Produ\u00e7\u00e3o de Formas L\u00edquidas<\/strong><br \/>Liquid dosage forms are used in various specialties and situations such as pediatrics and early phase clinical trials, for example. Our technical and analytical teams have the experience to manufacture and package a wide variety of liquid products, including solutions, suspensions and syrups.<\/p>\t\t\t\t\t\t\t\t<\/div>\n\t\t\t\t<\/div>\n\t\t\t\t<div class=\"elementor-element elementor-element-1c62d0a elementor-widget__width-inherit elementor-widget elementor-widget-text-editor\" data-id=\"1c62d0a\" data-element_type=\"widget\" data-e-type=\"widget\" data-widget_type=\"text-editor.default\">\n\t\t\t\t<div class=\"elementor-widget-container\">\n\t\t\t\t\t\t\t\t\t<p><strong>Production of Semi-Solid Forms<\/strong><br \/>Semi-solid dosage forms are mainly represented ointments, creams and gels, which are mainly intended for topical application. At Baldacci, different shapes are produced pharmaceutical cosmetics and medicine, presented in tubes or bottles of different dimensions.<\/p>\t\t\t\t\t\t\t\t<\/div>\n\t\t\t\t<\/div>\n\t\t\t\t<\/div>\n\t\t\t\t<div class=\"elementor-element elementor-element-136623e elementor-widget elementor-widget-image\" data-id=\"136623e\" data-element_type=\"widget\" data-e-type=\"widget\" data-widget_type=\"image.default\">\n\t\t\t\t<div class=\"elementor-widget-container\">\n\t\t\t\t\t\t\t\t\t\t\t\t\t\t\t<img decoding=\"async\" width=\"813\" height=\"819\" src=\"https:\/\/www.baldacci.pt\/wp-content\/uploads\/2023\/10\/industria3.png\" class=\"attachment-full size-full wp-image-1444\" alt=\"Equipamentos destinados \u00e0 produ\u00e7\u00e3o e controlo de qualidade dos medicamentos\" srcset=\"https:\/\/www.baldacci.pt\/wp-content\/uploads\/2023\/10\/industria3.png 813w, https:\/\/www.baldacci.pt\/wp-content\/uploads\/2023\/10\/industria3-298x300.png 298w, https:\/\/www.baldacci.pt\/wp-content\/uploads\/2023\/10\/industria3-150x150.png 150w, https:\/\/www.baldacci.pt\/wp-content\/uploads\/2023\/10\/industria3-768x774.png 768w\" sizes=\"(max-width: 813px) 100vw, 813px\" \/>\t\t\t\t\t\t\t\t\t\t\t\t\t\t\t<\/div>\n\t\t\t\t<\/div>\n\t\t\t\t\t<\/div>\n\t\t\t\t<\/div>\n\t\t\t\t\t<\/div>\n\t\t\t\t<\/div>\n\t\t<div class=\"elementor-element elementor-element-547df0a e-flex e-con-boxed e-con e-parent\" data-id=\"547df0a\" data-element_type=\"container\" data-e-type=\"container\">\n\t\t\t\t\t<div class=\"e-con-inner\">\n\t\t\t\t<div class=\"elementor-element elementor-element-2b5c80e elementor-widget elementor-widget-text-editor\" data-id=\"2b5c80e\" data-element_type=\"widget\" data-e-type=\"widget\" data-widget_type=\"text-editor.default\">\n\t\t\t\t<div class=\"elementor-widget-container\">\n\t\t\t\t\t\t\t\t\t<p>See also our <a style=\"color: #005da9;\" href=\"https:\/\/www.baldacci.pt\/en\/internacional-onde-estamos\/\">Internacional Presence<\/a>.<\/p>\t\t\t\t\t\t\t\t<\/div>\n\t\t\t\t<\/div>\n\t\t\t\t\t<\/div>\n\t\t\t\t<\/div>\n\t\t\t\t<\/div>","protected":false},"excerpt":{"rendered":"<p>Ind\u00fastria &#8211; Produ\u00e7\u00e3o e F\u00e1brica In\u00edcio \/\u00a0Ind\u00fastria &#8211; Produ\u00e7\u00e3o e F\u00e1brica A Baldacci Portugal, S.A. disp\u00f5e de unidade fabril pr\u00f3pria, com capacidade instalada para a produ\u00e7\u00e3o de Medicamentos, Produtos de Cosm\u00e9tica e Higiene Corporal e Suplementos Alimentares.A f\u00e1brica segue um rigoroso Sistema de Garantia de Qualidade que permite dar cumprimento aos requisitos das Good Manufacturing [&hellip;]<\/p>\n","protected":false},"author":1,"featured_media":0,"parent":0,"menu_order":1,"comment_status":"closed","ping_status":"closed","template":"","meta":{"footnotes":""},"class_list":["post-1428","page","type-page","status-publish","hentry"],"blocksy_meta":[],"yoast_head":"<!-- This site is optimized with the Yoast SEO plugin v27.4 - https:\/\/yoast.com\/product\/yoast-seo-wordpress\/ -->\n<title>Ind\u00fastria - Produ\u00e7\u00e3o e F\u00e1brica - Baldacci Portugal<\/title>\n<meta name=\"robots\" content=\"index, follow, max-snippet:-1, max-image-preview:large, max-video-preview:-1\" \/>\n<link rel=\"canonical\" href=\"https:\/\/www.baldacci.pt\/en\/industria-producao-e-fabrica\/\" \/>\n<meta property=\"og:locale\" content=\"en_GB\" \/>\n<meta property=\"og:type\" content=\"article\" \/>\n<meta property=\"og:title\" content=\"Ind\u00fastria - Produ\u00e7\u00e3o e F\u00e1brica - Baldacci Portugal\" \/>\n<meta property=\"og:description\" content=\"Ind\u00fastria &#8211; Produ\u00e7\u00e3o e F\u00e1brica In\u00edcio \/\u00a0Ind\u00fastria &#8211; Produ\u00e7\u00e3o e F\u00e1brica A Baldacci Portugal, S.A. disp\u00f5e de unidade fabril pr\u00f3pria, com capacidade instalada para a produ\u00e7\u00e3o de Medicamentos, Produtos de Cosm\u00e9tica e Higiene Corporal e Suplementos Alimentares.A f\u00e1brica segue um rigoroso Sistema de Garantia de Qualidade que permite dar cumprimento aos requisitos das Good Manufacturing [&hellip;]\" \/>\n<meta property=\"og:url\" content=\"https:\/\/www.baldacci.pt\/en\/industria-producao-e-fabrica\/\" \/>\n<meta property=\"og:site_name\" content=\"Baldacci Portugal\" \/>\n<meta property=\"article:modified_time\" content=\"2025-06-05T08:53:07+00:00\" \/>\n<meta property=\"og:image\" content=\"https:\/\/www.baldacci.pt\/wp-content\/uploads\/2023\/10\/industria1.png\" \/>\n\t<meta property=\"og:image:width\" content=\"837\" \/>\n\t<meta property=\"og:image:height\" content=\"506\" \/>\n\t<meta property=\"og:image:type\" content=\"image\/png\" \/>\n<meta name=\"twitter:card\" content=\"summary_large_image\" \/>\n<meta name=\"twitter:label1\" content=\"Estimated reading time\" \/>\n\t<meta name=\"twitter:data1\" content=\"2 minutes\" \/>\n<script type=\"application\/ld+json\" class=\"yoast-schema-graph\">{\"@context\":\"https:\\\/\\\/schema.org\",\"@graph\":[{\"@type\":\"WebPage\",\"@id\":\"https:\\\/\\\/www.baldacci.pt\\\/industria-producao-e-fabrica\\\/\",\"url\":\"https:\\\/\\\/www.baldacci.pt\\\/industria-producao-e-fabrica\\\/\",\"name\":\"Ind\u00fastria - Produ\u00e7\u00e3o e F\u00e1brica - Baldacci Portugal\",\"isPartOf\":{\"@id\":\"https:\\\/\\\/www.baldacci.pt\\\/#website\"},\"primaryImageOfPage\":{\"@id\":\"https:\\\/\\\/www.baldacci.pt\\\/industria-producao-e-fabrica\\\/#primaryimage\"},\"image\":{\"@id\":\"https:\\\/\\\/www.baldacci.pt\\\/industria-producao-e-fabrica\\\/#primaryimage\"},\"thumbnailUrl\":\"https:\\\/\\\/www.baldacci.pt\\\/wp-content\\\/uploads\\\/2023\\\/10\\\/industria1.png\",\"datePublished\":\"2023-10-26T14:50:31+00:00\",\"dateModified\":\"2025-06-05T08:53:07+00:00\",\"breadcrumb\":{\"@id\":\"https:\\\/\\\/www.baldacci.pt\\\/industria-producao-e-fabrica\\\/#breadcrumb\"},\"inLanguage\":\"en-GB\",\"potentialAction\":[{\"@type\":\"ReadAction\",\"target\":[\"https:\\\/\\\/www.baldacci.pt\\\/industria-producao-e-fabrica\\\/\"]}]},{\"@type\":\"ImageObject\",\"inLanguage\":\"en-GB\",\"@id\":\"https:\\\/\\\/www.baldacci.pt\\\/industria-producao-e-fabrica\\\/#primaryimage\",\"url\":\"https:\\\/\\\/www.baldacci.pt\\\/wp-content\\\/uploads\\\/2023\\\/10\\\/industria1.png\",\"contentUrl\":\"https:\\\/\\\/www.baldacci.pt\\\/wp-content\\\/uploads\\\/2023\\\/10\\\/industria1.png\"},{\"@type\":\"BreadcrumbList\",\"@id\":\"https:\\\/\\\/www.baldacci.pt\\\/industria-producao-e-fabrica\\\/#breadcrumb\",\"itemListElement\":[{\"@type\":\"ListItem\",\"position\":1,\"name\":\"Home\",\"item\":\"https:\\\/\\\/www.baldacci.pt\\\/\"},{\"@type\":\"ListItem\",\"position\":2,\"name\":\"Ind\u00fastria &#8211; Produ\u00e7\u00e3o e F\u00e1brica\"}]},{\"@type\":\"WebSite\",\"@id\":\"https:\\\/\\\/www.baldacci.pt\\\/#website\",\"url\":\"https:\\\/\\\/www.baldacci.pt\\\/\",\"name\":\"Baldacci Portugal\",\"description\":\"Consigo desde o in\u00edcio... ao fim terap\u00eautico.\",\"publisher\":{\"@id\":\"https:\\\/\\\/www.baldacci.pt\\\/#organization\"},\"potentialAction\":[{\"@type\":\"SearchAction\",\"target\":{\"@type\":\"EntryPoint\",\"urlTemplate\":\"https:\\\/\\\/www.baldacci.pt\\\/?s={search_term_string}\"},\"query-input\":{\"@type\":\"PropertyValueSpecification\",\"valueRequired\":true,\"valueName\":\"search_term_string\"}}],\"inLanguage\":\"en-GB\"},{\"@type\":\"Organization\",\"@id\":\"https:\\\/\\\/www.baldacci.pt\\\/#organization\",\"name\":\"Baldacci Portugal\",\"alternateName\":\"Baldacci\",\"url\":\"https:\\\/\\\/www.baldacci.pt\\\/\",\"logo\":{\"@type\":\"ImageObject\",\"inLanguage\":\"en-GB\",\"@id\":\"https:\\\/\\\/www.baldacci.pt\\\/#\\\/schema\\\/logo\\\/image\\\/\",\"url\":\"https:\\\/\\\/www.baldacci.pt\\\/wp-content\\\/uploads\\\/2023\\\/10\\\/logoBaldacci_blue.png\",\"contentUrl\":\"https:\\\/\\\/www.baldacci.pt\\\/wp-content\\\/uploads\\\/2023\\\/10\\\/logoBaldacci_blue.png\",\"width\":452,\"height\":133,\"caption\":\"Baldacci Portugal\"},\"image\":{\"@id\":\"https:\\\/\\\/www.baldacci.pt\\\/#\\\/schema\\\/logo\\\/image\\\/\"},\"sameAs\":[\"https:\\\/\\\/www.linkedin.com\\\/company\\\/baldacci\\\/\"]}]}<\/script>\n<!-- \/ Yoast SEO plugin. -->","yoast_head_json":{"title":"Ind\u00fastria - Produ\u00e7\u00e3o e F\u00e1brica - Baldacci Portugal","robots":{"index":"index","follow":"follow","max-snippet":"max-snippet:-1","max-image-preview":"max-image-preview:large","max-video-preview":"max-video-preview:-1"},"canonical":"https:\/\/www.baldacci.pt\/en\/industria-producao-e-fabrica\/","og_locale":"en_GB","og_type":"article","og_title":"Ind\u00fastria - Produ\u00e7\u00e3o e F\u00e1brica - Baldacci Portugal","og_description":"Ind\u00fastria &#8211; Produ\u00e7\u00e3o e F\u00e1brica In\u00edcio \/\u00a0Ind\u00fastria &#8211; Produ\u00e7\u00e3o e F\u00e1brica A Baldacci Portugal, S.A. disp\u00f5e de unidade fabril pr\u00f3pria, com capacidade instalada para a produ\u00e7\u00e3o de Medicamentos, Produtos de Cosm\u00e9tica e Higiene Corporal e Suplementos Alimentares.A f\u00e1brica segue um rigoroso Sistema de Garantia de Qualidade que permite dar cumprimento aos requisitos das Good Manufacturing [&hellip;]","og_url":"https:\/\/www.baldacci.pt\/en\/industria-producao-e-fabrica\/","og_site_name":"Baldacci Portugal","article_modified_time":"2025-06-05T08:53:07+00:00","og_image":[{"width":837,"height":506,"url":"https:\/\/www.baldacci.pt\/wp-content\/uploads\/2023\/10\/industria1.png","type":"image\/png"}],"twitter_card":"summary_large_image","twitter_misc":{"Estimated reading time":"2 minutes"},"schema":{"@context":"https:\/\/schema.org","@graph":[{"@type":"WebPage","@id":"https:\/\/www.baldacci.pt\/industria-producao-e-fabrica\/","url":"https:\/\/www.baldacci.pt\/industria-producao-e-fabrica\/","name":"Ind\u00fastria - Produ\u00e7\u00e3o e F\u00e1brica - Baldacci Portugal","isPartOf":{"@id":"https:\/\/www.baldacci.pt\/#website"},"primaryImageOfPage":{"@id":"https:\/\/www.baldacci.pt\/industria-producao-e-fabrica\/#primaryimage"},"image":{"@id":"https:\/\/www.baldacci.pt\/industria-producao-e-fabrica\/#primaryimage"},"thumbnailUrl":"https:\/\/www.baldacci.pt\/wp-content\/uploads\/2023\/10\/industria1.png","datePublished":"2023-10-26T14:50:31+00:00","dateModified":"2025-06-05T08:53:07+00:00","breadcrumb":{"@id":"https:\/\/www.baldacci.pt\/industria-producao-e-fabrica\/#breadcrumb"},"inLanguage":"en-GB","potentialAction":[{"@type":"ReadAction","target":["https:\/\/www.baldacci.pt\/industria-producao-e-fabrica\/"]}]},{"@type":"ImageObject","inLanguage":"en-GB","@id":"https:\/\/www.baldacci.pt\/industria-producao-e-fabrica\/#primaryimage","url":"https:\/\/www.baldacci.pt\/wp-content\/uploads\/2023\/10\/industria1.png","contentUrl":"https:\/\/www.baldacci.pt\/wp-content\/uploads\/2023\/10\/industria1.png"},{"@type":"BreadcrumbList","@id":"https:\/\/www.baldacci.pt\/industria-producao-e-fabrica\/#breadcrumb","itemListElement":[{"@type":"ListItem","position":1,"name":"Home","item":"https:\/\/www.baldacci.pt\/"},{"@type":"ListItem","position":2,"name":"Ind\u00fastria &#8211; Produ\u00e7\u00e3o e F\u00e1brica"}]},{"@type":"WebSite","@id":"https:\/\/www.baldacci.pt\/#website","url":"https:\/\/www.baldacci.pt\/","name":"Baldacci Portugal","description":"Consigo desde o in\u00edcio... ao fim terap\u00eautico.","publisher":{"@id":"https:\/\/www.baldacci.pt\/#organization"},"potentialAction":[{"@type":"SearchAction","target":{"@type":"EntryPoint","urlTemplate":"https:\/\/www.baldacci.pt\/?s={search_term_string}"},"query-input":{"@type":"PropertyValueSpecification","valueRequired":true,"valueName":"search_term_string"}}],"inLanguage":"en-GB"},{"@type":"Organization","@id":"https:\/\/www.baldacci.pt\/#organization","name":"Baldacci Portugal","alternateName":"Baldacci","url":"https:\/\/www.baldacci.pt\/","logo":{"@type":"ImageObject","inLanguage":"en-GB","@id":"https:\/\/www.baldacci.pt\/#\/schema\/logo\/image\/","url":"https:\/\/www.baldacci.pt\/wp-content\/uploads\/2023\/10\/logoBaldacci_blue.png","contentUrl":"https:\/\/www.baldacci.pt\/wp-content\/uploads\/2023\/10\/logoBaldacci_blue.png","width":452,"height":133,"caption":"Baldacci Portugal"},"image":{"@id":"https:\/\/www.baldacci.pt\/#\/schema\/logo\/image\/"},"sameAs":["https:\/\/www.linkedin.com\/company\/baldacci\/"]}]}},"_links":{"self":[{"href":"https:\/\/www.baldacci.pt\/en\/wp-json\/wp\/v2\/pages\/1428","targetHints":{"allow":["GET"]}}],"collection":[{"href":"https:\/\/www.baldacci.pt\/en\/wp-json\/wp\/v2\/pages"}],"about":[{"href":"https:\/\/www.baldacci.pt\/en\/wp-json\/wp\/v2\/types\/page"}],"author":[{"embeddable":true,"href":"https:\/\/www.baldacci.pt\/en\/wp-json\/wp\/v2\/users\/1"}],"replies":[{"embeddable":true,"href":"https:\/\/www.baldacci.pt\/en\/wp-json\/wp\/v2\/comments?post=1428"}],"version-history":[{"count":44,"href":"https:\/\/www.baldacci.pt\/en\/wp-json\/wp\/v2\/pages\/1428\/revisions"}],"predecessor-version":[{"id":5587,"href":"https:\/\/www.baldacci.pt\/en\/wp-json\/wp\/v2\/pages\/1428\/revisions\/5587"}],"wp:attachment":[{"href":"https:\/\/www.baldacci.pt\/en\/wp-json\/wp\/v2\/media?parent=1428"}],"curies":[{"name":"wp","href":"https:\/\/api.w.org\/{rel}","templated":true}]}}