{"id":1414,"date":"2023-10-26T13:51:30","date_gmt":"2023-10-26T13:51:30","guid":{"rendered":"https:\/\/www.baldacci.pt\/?page_id=1414"},"modified":"2025-11-13T15:54:54","modified_gmt":"2025-11-13T15:54:54","slug":"sobrepina","status":"publish","type":"page","link":"https:\/\/www.baldacci.pt\/en\/sobrepina\/","title":{"rendered":"Sobrepina<sup>\u00ae<\/sup>"},"content":{"rendered":"<div data-elementor-type=\"wp-page\" data-elementor-id=\"1414\" class=\"elementor elementor-1414\">\n\t\t\t\t<div class=\"elementor-element elementor-element-da7fb26 e-flex e-con-boxed e-con e-parent\" data-id=\"da7fb26\" data-element_type=\"container\" data-e-type=\"container\" data-settings=\"{&quot;background_background&quot;:&quot;classic&quot;}\">\n\t\t\t\t\t<div class=\"e-con-inner\">\n\t\t<div class=\"elementor-element elementor-element-99323a4 e-flex e-con-boxed e-con e-child\" data-id=\"99323a4\" data-element_type=\"container\" data-e-type=\"container\">\n\t\t\t\t\t<div class=\"e-con-inner\">\n\t\t\t\t<div class=\"elementor-element elementor-element-bf45215 elementor-widget elementor-widget-heading\" data-id=\"bf45215\" data-element_type=\"widget\" data-e-type=\"widget\" data-widget_type=\"heading.default\">\n\t\t\t\t<div class=\"elementor-widget-container\">\n\t\t\t\t\t<h3 class=\"elementor-heading-title elementor-size-default\">Main Therapeutic Areas<\/h3>\t\t\t\t<\/div>\n\t\t\t\t<\/div>\n\t\t\t\t<div class=\"elementor-element elementor-element-dd7c224 elementor-widget elementor-widget-text-editor\" data-id=\"dd7c224\" data-element_type=\"widget\" data-e-type=\"widget\" data-widget_type=\"text-editor.default\">\n\t\t\t\t<div class=\"elementor-widget-container\">\n\t\t\t\t\t\t\t\t\t<p><a style=\"color: #ffffff;\" href=\"https:\/\/www.baldacci.pt\/en\/\">Home<\/a> \/ <a style=\"color: #ffffff;\" href=\"https:\/\/www.baldacci.pt\/en\/?page_id=375\">Products<\/a> \/ <a style=\"color: #ffffff;\" href=\"https:\/\/www.baldacci.pt\/en\/?page_id=255\">Main Therapeutic Areas<\/a> \/ <strong>Sobrepina<sup>\u00ae<\/sup><\/strong><\/p>\t\t\t\t\t\t\t\t<\/div>\n\t\t\t\t<\/div>\n\t\t\t\t\t<\/div>\n\t\t\t\t<\/div>\n\t\t\t\t\t<\/div>\n\t\t\t\t<\/div>\n\t\t<div class=\"elementor-element elementor-element-f1d38e0 e-con-full e-flex e-con e-parent\" data-id=\"f1d38e0\" data-element_type=\"container\" data-e-type=\"container\" data-settings=\"{&quot;background_background&quot;:&quot;classic&quot;}\">\n\t\t<div class=\"elementor-element elementor-element-1f67b54 e-flex e-con-boxed e-con e-child\" data-id=\"1f67b54\" data-element_type=\"container\" data-e-type=\"container\">\n\t\t\t\t\t<div class=\"e-con-inner\">\n\t\t<div class=\"elementor-element elementor-element-10d5102 e-con-full e-flex e-con e-child\" data-id=\"10d5102\" data-element_type=\"container\" data-e-type=\"container\">\n\t\t\t\t<div class=\"elementor-element elementor-element-4c93014 elementor-widget elementor-widget-image\" data-id=\"4c93014\" data-element_type=\"widget\" data-e-type=\"widget\" data-widget_type=\"image.default\">\n\t\t\t\t<div class=\"elementor-widget-container\">\n\t\t\t\t\t\t\t\t\t\t\t\t\t\t\t<img fetchpriority=\"high\" decoding=\"async\" width=\"713\" height=\"371\" src=\"https:\/\/www.baldacci.pt\/wp-content\/uploads\/2023\/11\/sobrepina_2x2.webp\" class=\"attachment-full size-full wp-image-3860\" alt=\"\" srcset=\"https:\/\/www.baldacci.pt\/wp-content\/uploads\/2023\/11\/sobrepina_2x2.webp 713w, https:\/\/www.baldacci.pt\/wp-content\/uploads\/2023\/11\/sobrepina_2x2-300x156.webp 300w, https:\/\/www.baldacci.pt\/wp-content\/uploads\/2023\/11\/sobrepina_2x2-18x9.webp 18w\" sizes=\"(max-width: 713px) 100vw, 713px\" \/>\t\t\t\t\t\t\t\t\t\t\t\t\t\t\t<\/div>\n\t\t\t\t<\/div>\n\t\t\t\t<\/div>\n\t\t<div class=\"elementor-element elementor-element-510449e e-con-full e-flex e-con e-child\" data-id=\"510449e\" data-element_type=\"container\" data-e-type=\"container\">\n\t\t<div class=\"elementor-element elementor-element-10bab37 e-flex e-con-boxed e-con e-child\" data-id=\"10bab37\" data-element_type=\"container\" data-e-type=\"container\">\n\t\t\t\t\t<div class=\"e-con-inner\">\n\t\t<div class=\"elementor-element elementor-element-a214b26 e-flex e-con-boxed e-con e-child\" data-id=\"a214b26\" data-element_type=\"container\" data-e-type=\"container\">\n\t\t\t\t\t<div class=\"e-con-inner\">\n\t\t\t\t<div class=\"elementor-element elementor-element-2f98f6b elementor-widget elementor-widget-heading\" data-id=\"2f98f6b\" data-element_type=\"widget\" data-e-type=\"widget\" data-widget_type=\"heading.default\">\n\t\t\t\t<div class=\"elementor-widget-container\">\n\t\t\t\t\t<h4 class=\"elementor-heading-title elementor-size-default\">Sobrepina<sup>\u00ae<\/sup><\/h4>\t\t\t\t<\/div>\n\t\t\t\t<\/div>\n\t\t\t\t<div class=\"elementor-element elementor-element-f680545 elementor-widget elementor-widget-text-editor\" data-id=\"f680545\" data-element_type=\"widget\" data-e-type=\"widget\" data-widget_type=\"text-editor.default\">\n\t\t\t\t<div class=\"elementor-widget-container\">\n\t\t\t\t\t\t\t\t\t<p>Medicinal product subject to medical prescription<\/p>\t\t\t\t\t\t\t\t<\/div>\n\t\t\t\t<\/div>\n\t\t\t\t\t<\/div>\n\t\t\t\t<\/div>\n\t\t<div class=\"elementor-element elementor-element-21851a4 e-flex e-con-boxed e-con e-child\" data-id=\"21851a4\" data-element_type=\"container\" data-e-type=\"container\">\n\t\t\t\t\t<div class=\"e-con-inner\">\n\t\t\t\t<div class=\"elementor-element elementor-element-d55b097 elementor-widget elementor-widget-heading\" data-id=\"d55b097\" data-element_type=\"widget\" data-e-type=\"widget\" data-widget_type=\"heading.default\">\n\t\t\t\t<div class=\"elementor-widget-container\">\n\t\t\t\t\t<h6 class=\"elementor-heading-title elementor-size-default\">Therapeutic Indications<\/h6>\t\t\t\t<\/div>\n\t\t\t\t<\/div>\n\t\t\t\t<div class=\"elementor-element elementor-element-cbd4815 elementor-widget elementor-widget-text-editor\" data-id=\"cbd4815\" data-element_type=\"widget\" data-e-type=\"widget\" data-widget_type=\"text-editor.default\">\n\t\t\t\t<div class=\"elementor-widget-container\">\n\t\t\t\t\t\t\t\t\t<p>Reduction of neurological deficit after subarachnoid hemorrhage<\/p>\t\t\t\t\t\t\t\t<\/div>\n\t\t\t\t<\/div>\n\t\t\t\t\t<\/div>\n\t\t\t\t<\/div>\n\t\t<div class=\"elementor-element elementor-element-4e0c77a e-flex e-con-boxed e-con e-child\" data-id=\"4e0c77a\" data-element_type=\"container\" data-e-type=\"container\">\n\t\t\t\t\t<div class=\"e-con-inner\">\n\t\t\t\t<div class=\"elementor-element elementor-element-0d6c11a elementor-widget elementor-widget-heading\" data-id=\"0d6c11a\" data-element_type=\"widget\" data-e-type=\"widget\" data-widget_type=\"heading.default\">\n\t\t\t\t<div class=\"elementor-widget-container\">\n\t\t\t\t\t<h6 class=\"elementor-heading-title elementor-size-default\">Posology<\/h6>\t\t\t\t<\/div>\n\t\t\t\t<\/div>\n\t\t<div class=\"elementor-element elementor-element-997c246 e-flex e-con-boxed e-con e-child\" data-id=\"997c246\" data-element_type=\"container\" data-e-type=\"container\">\n\t\t\t\t\t<div class=\"e-con-inner\">\n\t\t\t\t<div class=\"elementor-element elementor-element-0afffe9 elementor-widget elementor-widget-text-editor\" data-id=\"0afffe9\" data-element_type=\"widget\" data-e-type=\"widget\" data-widget_type=\"text-editor.default\">\n\t\t\t\t<div class=\"elementor-widget-container\">\n\t\t\t\t\t\t\t\t\t<p>30mg three times a day (1 tablet every 8 hours).<\/p>\t\t\t\t\t\t\t\t<\/div>\n\t\t\t\t<\/div>\n\t\t\t\t\t<\/div>\n\t\t\t\t<\/div>\n\t\t\t\t\t<\/div>\n\t\t\t\t<\/div>\n\t\t<div class=\"elementor-element elementor-element-7e7d376 e-flex e-con-boxed e-con e-child\" data-id=\"7e7d376\" data-element_type=\"container\" data-e-type=\"container\">\n\t\t\t\t\t<div class=\"e-con-inner\">\n\t\t\t\t<div class=\"elementor-element elementor-element-687b5f4 elementor-widget elementor-widget-heading\" data-id=\"687b5f4\" data-element_type=\"widget\" data-e-type=\"widget\" data-widget_type=\"heading.default\">\n\t\t\t\t<div class=\"elementor-widget-container\">\n\t\t\t\t\t<h6 class=\"elementor-heading-title elementor-size-default\">Presentation<\/h6>\t\t\t\t<\/div>\n\t\t\t\t<\/div>\n\t\t<div class=\"elementor-element elementor-element-c1bd61a e-flex e-con-boxed e-con e-child\" data-id=\"c1bd61a\" data-element_type=\"container\" data-e-type=\"container\">\n\t\t\t\t\t<div class=\"e-con-inner\">\n\t\t\t\t<div class=\"elementor-element elementor-element-4028b5d elementor-widget elementor-widget-text-editor\" data-id=\"4028b5d\" data-element_type=\"widget\" data-e-type=\"widget\" data-widget_type=\"text-editor.default\">\n\t\t\t\t<div class=\"elementor-widget-container\">\n\t\t\t\t\t\t\t\t\t<p>60 Capsules.<\/p>\t\t\t\t\t\t\t\t<\/div>\n\t\t\t\t<\/div>\n\t\t\t\t\t<\/div>\n\t\t\t\t<\/div>\n\t\t\t\t\t<\/div>\n\t\t\t\t<\/div>\n\t\t\t\t<div class=\"elementor-element elementor-element-36f7a4b elementor-widget__width-auto elementor-widget elementor-widget-button\" data-id=\"36f7a4b\" data-element_type=\"widget\" data-e-type=\"widget\" data-widget_type=\"button.default\">\n\t\t\t\t<div class=\"elementor-widget-container\">\n\t\t\t\t\t\t\t\t\t<div class=\"elementor-button-wrapper\">\n\t\t\t\t\t<a class=\"elementor-button elementor-button-link elementor-size-sm\" href=\"https:\/\/www.baldacci.pt\/wp-content\/uploads\/2025\/04\/pt-pl-sobrepina-marco-2025.pdf\" target=\"_blank\">\n\t\t\t\t\t\t<span class=\"elementor-button-content-wrapper\">\n\t\t\t\t\t\t<span class=\"elementor-button-icon\">\n\t\t\t\t<svg xmlns=\"http:\/\/www.w3.org\/2000\/svg\" width=\"20\" height=\"20\" viewbox=\"0 0 20 20\" fill=\"none\"><path d=\"M17.5 12.5V13.5C17.5 14.9001 17.5 15.6002 17.2275 16.135C16.9878 16.6054 16.6054 16.9878 16.135 17.2275C15.6002 17.5 14.9001 17.5 13.5 17.5H6.5C5.09987 17.5 4.3998 17.5 3.86502 17.2275C3.39462 16.9878 3.01217 16.6054 2.77248 16.135C2.5 15.6002 2.5 14.9001 2.5 13.5V12.5M14.1667 8.33333L10 12.5M10 12.5L5.83333 8.33333M10 12.5V2.5\" stroke=\"#005DA9\" stroke-linecap=\"round\" stroke-linejoin=\"round\"><\/path><\/svg>\t\t\t<\/span>\n\t\t\t\t\t\t\t\t\t<span class=\"elementor-button-text\">Consult Information Leaflet<\/span>\n\t\t\t\t\t<\/span>\n\t\t\t\t\t<\/a>\n\t\t\t\t<\/div>\n\t\t\t\t\t\t\t\t<\/div>\n\t\t\t\t<\/div>\n\t\t<div class=\"elementor-element elementor-element-5b3fb56 e-flex e-con-boxed e-con e-child\" data-id=\"5b3fb56\" data-element_type=\"container\" data-e-type=\"container\">\n\t\t\t\t\t<div class=\"e-con-inner\">\n\t\t\t\t<div class=\"elementor-element elementor-element-48cbcf6 elementor-widget elementor-widget-text-editor\" data-id=\"48cbcf6\" data-element_type=\"widget\" data-e-type=\"widget\" data-widget_type=\"text-editor.default\">\n\t\t\t\t<div class=\"elementor-widget-container\">\n\t\t\t\t\t\t\t\t\t<p>Still have questions?<\/p>\t\t\t\t\t\t\t\t<\/div>\n\t\t\t\t<\/div>\n\t\t\t\t<div class=\"elementor-element elementor-element-f3ccc1c elementor-widget elementor-widget-button\" data-id=\"f3ccc1c\" data-element_type=\"widget\" data-e-type=\"widget\" data-widget_type=\"button.default\">\n\t\t\t\t<div class=\"elementor-widget-container\">\n\t\t\t\t\t\t\t\t\t<div class=\"elementor-button-wrapper\">\n\t\t\t\t\t<a class=\"elementor-button elementor-button-link elementor-size-sm\" href=\"https:\/\/www.baldacci.pt\/en\/?page_id=1639\">\n\t\t\t\t\t\t<span class=\"elementor-button-content-wrapper\">\n\t\t\t\t\t\t<span class=\"elementor-button-icon\">\n\t\t\t\t<svg xmlns=\"http:\/\/www.w3.org\/2000\/svg\" width=\"18\" height=\"19\" viewbox=\"0 0 18 19\" fill=\"none\"><path d=\"M6.75 14.1924L11.25 9.69238L6.75 5.19238\" stroke=\"white\" stroke-width=\"1.5\" stroke-linecap=\"square\" stroke-linejoin=\"round\"><\/path><\/svg>\t\t\t<\/span>\n\t\t\t\t\t\t\t\t\t<span class=\"elementor-button-text\">Ask for more information<\/span>\n\t\t\t\t\t<\/span>\n\t\t\t\t\t<\/a>\n\t\t\t\t<\/div>\n\t\t\t\t\t\t\t\t<\/div>\n\t\t\t\t<\/div>\n\t\t\t\t\t<\/div>\n\t\t\t\t<\/div>\n\t\t\t\t\t<\/div>\n\t\t\t\t<\/div>\n\t\t<div class=\"elementor-element elementor-element-210dcaa e-con-full e-flex e-con e-child\" data-id=\"210dcaa\" data-element_type=\"container\" data-e-type=\"container\">\n\t\t\t\t<div class=\"elementor-element elementor-element-3b21d06 elementor-widget elementor-widget-heading\" data-id=\"3b21d06\" data-element_type=\"widget\" data-e-type=\"widget\" data-widget_type=\"heading.default\">\n\t\t\t\t<div class=\"elementor-widget-container\">\n\t\t\t\t\t<h6 class=\"elementor-heading-title elementor-size-default\">See also<\/h6>\t\t\t\t<\/div>\n\t\t\t\t<\/div>\n\t\t<div class=\"elementor-element elementor-element-140a7c2 e-flex e-con-boxed e-con e-child\" data-id=\"140a7c2\" data-element_type=\"container\" data-e-type=\"container\">\n\t\t\t\t\t<div class=\"e-con-inner\">\n\t\t<div class=\"elementor-element elementor-element-7229e65 e-con-full e-flex e-con e-child\" data-id=\"7229e65\" data-element_type=\"container\" data-e-type=\"container\">\n\t\t\t\t<div class=\"elementor-element elementor-element-f4015be elementor-widget elementor-widget-image\" data-id=\"f4015be\" data-element_type=\"widget\" data-e-type=\"widget\" data-widget_type=\"image.default\">\n\t\t\t\t<div class=\"elementor-widget-container\">\n\t\t\t\t\t\t\t\t\t\t\t\t\t\t\t<img decoding=\"async\" width=\"1054\" height=\"676\" src=\"https:\/\/www.baldacci.pt\/wp-content\/uploads\/2025\/06\/Emabalegm_capilarema.png\" class=\"attachment-full size-full wp-image-5453\" alt=\"Capilarema\u00ae aminaftona - 75g\" srcset=\"https:\/\/www.baldacci.pt\/wp-content\/uploads\/2025\/06\/Emabalegm_capilarema.png 1054w, https:\/\/www.baldacci.pt\/wp-content\/uploads\/2025\/06\/Emabalegm_capilarema-300x192.png 300w, https:\/\/www.baldacci.pt\/wp-content\/uploads\/2025\/06\/Emabalegm_capilarema-1024x657.png 1024w, https:\/\/www.baldacci.pt\/wp-content\/uploads\/2025\/06\/Emabalegm_capilarema-768x493.png 768w, https:\/\/www.baldacci.pt\/wp-content\/uploads\/2025\/06\/Emabalegm_capilarema-18x12.png 18w\" sizes=\"(max-width: 1054px) 100vw, 1054px\" \/>\t\t\t\t\t\t\t\t\t\t\t\t\t\t\t<\/div>\n\t\t\t\t<\/div>\n\t\t\t\t<div class=\"elementor-element elementor-element-7007ad7 elementor-widget elementor-widget-heading\" data-id=\"7007ad7\" data-element_type=\"widget\" data-e-type=\"widget\" data-widget_type=\"heading.default\">\n\t\t\t\t<div class=\"elementor-widget-container\">\n\t\t\t\t\t<p class=\"elementor-heading-title elementor-size-default\">Capilarema<sup>\u00ae<\/sup><\/p>\t\t\t\t<\/div>\n\t\t\t\t<\/div>\n\t\t\t\t<\/div>\n\t\t\t\t\t<\/div>\n\t\t\t\t<\/div>\n\t\t\t\t<\/div>\n\t\t\t\t<\/div>\n\t\t\t\t\t<\/div>\n\t\t\t\t<\/div>\n\t\t\t\t<\/div>\n\t\t\t\t<\/div>","protected":false},"excerpt":{"rendered":"<p>Principais \u00c1reas Terap\u00eauticas In\u00edcio \/ Produtos \/ Principais \u00c1reas Terap\u00eauticas \/ Sobrepina\u00ae Sobrepina\u00ae Medicamento Sujeito a Receita M\u00e9dica Indica\u00e7\u00f5es terap\u00eauticas Redu\u00e7\u00e3o do d\u00e9ficit neurol\u00f3gico ap\u00f3s hemorragia subarracnoideia\u200b Posologia 30mg, 3 vezes ao dia (1comprimido de 8\/8horas). Apresenta\u00e7\u00e3o 60 C\u00e1psulas. Consultar folheto informativo Ainda tem d\u00favidas? Pedir mais informa\u00e7\u00f5es Ver tamb\u00e9m Capilarema\u00ae<\/p>","protected":false},"author":1,"featured_media":0,"parent":0,"menu_order":0,"comment_status":"closed","ping_status":"closed","template":"","meta":{"footnotes":""},"class_list":["post-1414","page","type-page","status-publish","hentry"],"blocksy_meta":[],"yoast_head":"<!-- This site is optimized with the Yoast SEO plugin v27.3 - https:\/\/yoast.com\/product\/yoast-seo-wordpress\/ -->\n<title>Sobrepina\u00ae - Baldacci Portugal<\/title>\n<meta name=\"robots\" content=\"index, follow, max-snippet:-1, max-image-preview:large, max-video-preview:-1\" \/>\n<link rel=\"canonical\" href=\"https:\/\/www.baldacci.pt\/en\/sobrepina\/\" \/>\n<meta property=\"og:locale\" content=\"en_GB\" \/>\n<meta property=\"og:type\" content=\"article\" \/>\n<meta property=\"og:title\" content=\"Sobrepina\u00ae - Baldacci Portugal\" \/>\n<meta property=\"og:description\" content=\"Principais \u00c1reas Terap\u00eauticas In\u00edcio \/ Produtos \/ Principais \u00c1reas Terap\u00eauticas \/ Sobrepina\u00ae Sobrepina\u00ae Medicamento Sujeito a Receita M\u00e9dica Indica\u00e7\u00f5es terap\u00eauticas Redu\u00e7\u00e3o do d\u00e9ficit neurol\u00f3gico ap\u00f3s hemorragia subarracnoideia\u200b Posologia 30mg, 3 vezes ao dia (1comprimido de 8\/8horas). Apresenta\u00e7\u00e3o 60 C\u00e1psulas. Consultar folheto informativo Ainda tem d\u00favidas? Pedir mais informa\u00e7\u00f5es Ver tamb\u00e9m Capilarema\u00ae\" \/>\n<meta property=\"og:url\" content=\"https:\/\/www.baldacci.pt\/en\/sobrepina\/\" \/>\n<meta property=\"og:site_name\" content=\"Baldacci Portugal\" \/>\n<meta property=\"article:modified_time\" content=\"2025-11-13T15:54:54+00:00\" \/>\n<meta property=\"og:image\" content=\"https:\/\/www.baldacci.pt\/wp-content\/uploads\/2023\/11\/sobrepina_2x2.webp\" \/>\n<meta name=\"twitter:card\" content=\"summary_large_image\" \/>\n<meta name=\"twitter:label1\" content=\"Estimated reading time\" \/>\n\t<meta name=\"twitter:data1\" content=\"1 minute\" \/>\n<script type=\"application\/ld+json\" class=\"yoast-schema-graph\">{\"@context\":\"https:\\\/\\\/schema.org\",\"@graph\":[{\"@type\":\"WebPage\",\"@id\":\"https:\\\/\\\/www.baldacci.pt\\\/sobrepina\\\/\",\"url\":\"https:\\\/\\\/www.baldacci.pt\\\/sobrepina\\\/\",\"name\":\"Sobrepina\u00ae - Baldacci Portugal\",\"isPartOf\":{\"@id\":\"https:\\\/\\\/www.baldacci.pt\\\/#website\"},\"primaryImageOfPage\":{\"@id\":\"https:\\\/\\\/www.baldacci.pt\\\/sobrepina\\\/#primaryimage\"},\"image\":{\"@id\":\"https:\\\/\\\/www.baldacci.pt\\\/sobrepina\\\/#primaryimage\"},\"thumbnailUrl\":\"https:\\\/\\\/www.baldacci.pt\\\/wp-content\\\/uploads\\\/2023\\\/11\\\/sobrepina_2x2.webp\",\"datePublished\":\"2023-10-26T13:51:30+00:00\",\"dateModified\":\"2025-11-13T15:54:54+00:00\",\"breadcrumb\":{\"@id\":\"https:\\\/\\\/www.baldacci.pt\\\/sobrepina\\\/#breadcrumb\"},\"inLanguage\":\"en-GB\",\"potentialAction\":[{\"@type\":\"ReadAction\",\"target\":[\"https:\\\/\\\/www.baldacci.pt\\\/sobrepina\\\/\"]}]},{\"@type\":\"ImageObject\",\"inLanguage\":\"en-GB\",\"@id\":\"https:\\\/\\\/www.baldacci.pt\\\/sobrepina\\\/#primaryimage\",\"url\":\"https:\\\/\\\/www.baldacci.pt\\\/wp-content\\\/uploads\\\/2023\\\/11\\\/sobrepina_2x2.webp\",\"contentUrl\":\"https:\\\/\\\/www.baldacci.pt\\\/wp-content\\\/uploads\\\/2023\\\/11\\\/sobrepina_2x2.webp\"},{\"@type\":\"BreadcrumbList\",\"@id\":\"https:\\\/\\\/www.baldacci.pt\\\/sobrepina\\\/#breadcrumb\",\"itemListElement\":[{\"@type\":\"ListItem\",\"position\":1,\"name\":\"Home\",\"item\":\"https:\\\/\\\/www.baldacci.pt\\\/\"},{\"@type\":\"ListItem\",\"position\":2,\"name\":\"Sobrepina\u00ae\"}]},{\"@type\":\"WebSite\",\"@id\":\"https:\\\/\\\/www.baldacci.pt\\\/#website\",\"url\":\"https:\\\/\\\/www.baldacci.pt\\\/\",\"name\":\"Baldacci Portugal\",\"description\":\"Consigo desde o in\u00edcio... ao fim terap\u00eautico.\",\"publisher\":{\"@id\":\"https:\\\/\\\/www.baldacci.pt\\\/#organization\"},\"potentialAction\":[{\"@type\":\"SearchAction\",\"target\":{\"@type\":\"EntryPoint\",\"urlTemplate\":\"https:\\\/\\\/www.baldacci.pt\\\/?s={search_term_string}\"},\"query-input\":{\"@type\":\"PropertyValueSpecification\",\"valueRequired\":true,\"valueName\":\"search_term_string\"}}],\"inLanguage\":\"en-GB\"},{\"@type\":\"Organization\",\"@id\":\"https:\\\/\\\/www.baldacci.pt\\\/#organization\",\"name\":\"Baldacci Portugal\",\"alternateName\":\"Baldacci\",\"url\":\"https:\\\/\\\/www.baldacci.pt\\\/\",\"logo\":{\"@type\":\"ImageObject\",\"inLanguage\":\"en-GB\",\"@id\":\"https:\\\/\\\/www.baldacci.pt\\\/#\\\/schema\\\/logo\\\/image\\\/\",\"url\":\"https:\\\/\\\/www.baldacci.pt\\\/wp-content\\\/uploads\\\/2023\\\/10\\\/logoBaldacci_blue.png\",\"contentUrl\":\"https:\\\/\\\/www.baldacci.pt\\\/wp-content\\\/uploads\\\/2023\\\/10\\\/logoBaldacci_blue.png\",\"width\":452,\"height\":133,\"caption\":\"Baldacci Portugal\"},\"image\":{\"@id\":\"https:\\\/\\\/www.baldacci.pt\\\/#\\\/schema\\\/logo\\\/image\\\/\"},\"sameAs\":[\"https:\\\/\\\/www.linkedin.com\\\/company\\\/baldacci\\\/\"]}]}<\/script>\n<!-- \/ Yoast SEO plugin. -->","yoast_head_json":{"title":"Sobrepina\u00ae - Baldacci Portugal","robots":{"index":"index","follow":"follow","max-snippet":"max-snippet:-1","max-image-preview":"max-image-preview:large","max-video-preview":"max-video-preview:-1"},"canonical":"https:\/\/www.baldacci.pt\/en\/sobrepina\/","og_locale":"en_GB","og_type":"article","og_title":"Sobrepina\u00ae - Baldacci Portugal","og_description":"Principais \u00c1reas Terap\u00eauticas In\u00edcio \/ Produtos \/ Principais \u00c1reas Terap\u00eauticas \/ Sobrepina\u00ae Sobrepina\u00ae Medicamento Sujeito a Receita M\u00e9dica Indica\u00e7\u00f5es terap\u00eauticas Redu\u00e7\u00e3o do d\u00e9ficit neurol\u00f3gico ap\u00f3s hemorragia subarracnoideia\u200b Posologia 30mg, 3 vezes ao dia (1comprimido de 8\/8horas). Apresenta\u00e7\u00e3o 60 C\u00e1psulas. Consultar folheto informativo Ainda tem d\u00favidas? Pedir mais informa\u00e7\u00f5es Ver tamb\u00e9m Capilarema\u00ae","og_url":"https:\/\/www.baldacci.pt\/en\/sobrepina\/","og_site_name":"Baldacci Portugal","article_modified_time":"2025-11-13T15:54:54+00:00","og_image":[{"url":"https:\/\/www.baldacci.pt\/wp-content\/uploads\/2023\/11\/sobrepina_2x2.webp","type":"","width":"","height":""}],"twitter_card":"summary_large_image","twitter_misc":{"Estimated reading time":"1 minute"},"schema":{"@context":"https:\/\/schema.org","@graph":[{"@type":"WebPage","@id":"https:\/\/www.baldacci.pt\/sobrepina\/","url":"https:\/\/www.baldacci.pt\/sobrepina\/","name":"Sobrepina\u00ae - Baldacci Portugal","isPartOf":{"@id":"https:\/\/www.baldacci.pt\/#website"},"primaryImageOfPage":{"@id":"https:\/\/www.baldacci.pt\/sobrepina\/#primaryimage"},"image":{"@id":"https:\/\/www.baldacci.pt\/sobrepina\/#primaryimage"},"thumbnailUrl":"https:\/\/www.baldacci.pt\/wp-content\/uploads\/2023\/11\/sobrepina_2x2.webp","datePublished":"2023-10-26T13:51:30+00:00","dateModified":"2025-11-13T15:54:54+00:00","breadcrumb":{"@id":"https:\/\/www.baldacci.pt\/sobrepina\/#breadcrumb"},"inLanguage":"en-GB","potentialAction":[{"@type":"ReadAction","target":["https:\/\/www.baldacci.pt\/sobrepina\/"]}]},{"@type":"ImageObject","inLanguage":"en-GB","@id":"https:\/\/www.baldacci.pt\/sobrepina\/#primaryimage","url":"https:\/\/www.baldacci.pt\/wp-content\/uploads\/2023\/11\/sobrepina_2x2.webp","contentUrl":"https:\/\/www.baldacci.pt\/wp-content\/uploads\/2023\/11\/sobrepina_2x2.webp"},{"@type":"BreadcrumbList","@id":"https:\/\/www.baldacci.pt\/sobrepina\/#breadcrumb","itemListElement":[{"@type":"ListItem","position":1,"name":"Home","item":"https:\/\/www.baldacci.pt\/"},{"@type":"ListItem","position":2,"name":"Sobrepina\u00ae"}]},{"@type":"WebSite","@id":"https:\/\/www.baldacci.pt\/#website","url":"https:\/\/www.baldacci.pt\/","name":"Baldacci Portugal","description":"Consigo desde o in\u00edcio... ao fim terap\u00eautico.","publisher":{"@id":"https:\/\/www.baldacci.pt\/#organization"},"potentialAction":[{"@type":"SearchAction","target":{"@type":"EntryPoint","urlTemplate":"https:\/\/www.baldacci.pt\/?s={search_term_string}"},"query-input":{"@type":"PropertyValueSpecification","valueRequired":true,"valueName":"search_term_string"}}],"inLanguage":"en-GB"},{"@type":"Organization","@id":"https:\/\/www.baldacci.pt\/#organization","name":"Baldacci Portugal","alternateName":"Baldacci","url":"https:\/\/www.baldacci.pt\/","logo":{"@type":"ImageObject","inLanguage":"en-GB","@id":"https:\/\/www.baldacci.pt\/#\/schema\/logo\/image\/","url":"https:\/\/www.baldacci.pt\/wp-content\/uploads\/2023\/10\/logoBaldacci_blue.png","contentUrl":"https:\/\/www.baldacci.pt\/wp-content\/uploads\/2023\/10\/logoBaldacci_blue.png","width":452,"height":133,"caption":"Baldacci Portugal"},"image":{"@id":"https:\/\/www.baldacci.pt\/#\/schema\/logo\/image\/"},"sameAs":["https:\/\/www.linkedin.com\/company\/baldacci\/"]}]}},"_links":{"self":[{"href":"https:\/\/www.baldacci.pt\/en\/wp-json\/wp\/v2\/pages\/1414","targetHints":{"allow":["GET"]}}],"collection":[{"href":"https:\/\/www.baldacci.pt\/en\/wp-json\/wp\/v2\/pages"}],"about":[{"href":"https:\/\/www.baldacci.pt\/en\/wp-json\/wp\/v2\/types\/page"}],"author":[{"embeddable":true,"href":"https:\/\/www.baldacci.pt\/en\/wp-json\/wp\/v2\/users\/1"}],"replies":[{"embeddable":true,"href":"https:\/\/www.baldacci.pt\/en\/wp-json\/wp\/v2\/comments?post=1414"}],"version-history":[{"count":48,"href":"https:\/\/www.baldacci.pt\/en\/wp-json\/wp\/v2\/pages\/1414\/revisions"}],"predecessor-version":[{"id":5795,"href":"https:\/\/www.baldacci.pt\/en\/wp-json\/wp\/v2\/pages\/1414\/revisions\/5795"}],"wp:attachment":[{"href":"https:\/\/www.baldacci.pt\/en\/wp-json\/wp\/v2\/media?parent=1414"}],"curies":[{"name":"wp","href":"https:\/\/api.w.org\/{rel}","templated":true}]}}