{"id":1305,"date":"2023-10-26T09:00:02","date_gmt":"2023-10-26T09:00:02","guid":{"rendered":"https:\/\/www.baldacci.pt\/?page_id=1305"},"modified":"2026-03-30T13:59:49","modified_gmt":"2026-03-30T13:59:49","slug":"balfolic","status":"publish","type":"page","link":"https:\/\/www.baldacci.pt\/en\/balfolic\/","title":{"rendered":"Balfolic<sup>\u00ae<\/sup>"},"content":{"rendered":"<div data-elementor-type=\"wp-page\" data-elementor-id=\"1305\" class=\"elementor elementor-1305\">\n\t\t\t\t<div class=\"elementor-element elementor-element-da7fb26 e-flex e-con-boxed e-con e-parent\" data-id=\"da7fb26\" data-element_type=\"container\" data-e-type=\"container\" data-settings=\"{&quot;background_background&quot;:&quot;classic&quot;}\">\n\t\t\t\t\t<div class=\"e-con-inner\">\n\t\t<div class=\"elementor-element elementor-element-99323a4 e-flex e-con-boxed e-con e-child\" data-id=\"99323a4\" data-element_type=\"container\" data-e-type=\"container\">\n\t\t\t\t\t<div class=\"e-con-inner\">\n\t\t\t\t<div class=\"elementor-element elementor-element-bf45215 elementor-widget elementor-widget-heading\" data-id=\"bf45215\" data-element_type=\"widget\" data-e-type=\"widget\" data-widget_type=\"heading.default\">\n\t\t\t\t<div class=\"elementor-widget-container\">\n\t\t\t\t\t<h3 class=\"elementor-heading-title elementor-size-default\">Women's Health<\/h3>\t\t\t\t<\/div>\n\t\t\t\t<\/div>\n\t\t\t\t<div class=\"elementor-element elementor-element-de3b63b elementor-widget elementor-widget-text-editor\" data-id=\"de3b63b\" data-element_type=\"widget\" data-e-type=\"widget\" data-widget_type=\"text-editor.default\">\n\t\t\t\t<div class=\"elementor-widget-container\">\n\t\t\t\t\t\t\t\t\t<p><a style=\"color: #ffffff;\" href=\"https:\/\/www.baldacci.pt\/en\/\">Home<\/a> \/ <a style=\"color: #ffffff;\" href=\"https:\/\/www.baldacci.pt\/en\/?page_id=375\">Products<\/a> \/ <a style=\"color: #ffffff;\" href=\"https:\/\/www.baldacci.pt\/en\/saude-da-mulher\/\">Women's Health<\/a> \/ <strong>Balfolic<sup>\u00ae<\/sup><\/strong><\/p>\t\t\t\t\t\t\t\t<\/div>\n\t\t\t\t<\/div>\n\t\t\t\t\t<\/div>\n\t\t\t\t<\/div>\n\t\t\t\t\t<\/div>\n\t\t\t\t<\/div>\n\t\t<div class=\"elementor-element elementor-element-f1d38e0 e-con-full e-flex e-con e-parent\" data-id=\"f1d38e0\" data-element_type=\"container\" data-e-type=\"container\" data-settings=\"{&quot;background_background&quot;:&quot;classic&quot;}\">\n\t\t<div class=\"elementor-element elementor-element-1f67b54 e-flex e-con-boxed e-con e-child\" data-id=\"1f67b54\" data-element_type=\"container\" data-e-type=\"container\">\n\t\t\t\t\t<div class=\"e-con-inner\">\n\t\t<div class=\"elementor-element elementor-element-10d5102 e-con-full e-flex e-con e-child\" data-id=\"10d5102\" data-element_type=\"container\" data-e-type=\"container\">\n\t\t\t\t<div class=\"elementor-element elementor-element-08ac4d6 elementor-widget__width-initial elementor-widget elementor-widget-image\" data-id=\"08ac4d6\" data-element_type=\"widget\" data-e-type=\"widget\" data-widget_type=\"image.default\">\n\t\t\t\t<div class=\"elementor-widget-container\">\n\t\t\t\t\t\t\t\t\t\t\t\t\t\t\t<img fetchpriority=\"high\" decoding=\"async\" width=\"702\" height=\"392\" src=\"https:\/\/www.baldacci.pt\/wp-content\/uploads\/2023\/11\/Balfolic_2x.png\" class=\"attachment-full size-full wp-image-3995\" alt=\"Embalagem Balfolic\" srcset=\"https:\/\/www.baldacci.pt\/wp-content\/uploads\/2023\/11\/Balfolic_2x.png 702w, https:\/\/www.baldacci.pt\/wp-content\/uploads\/2023\/11\/Balfolic_2x-300x168.png 300w, https:\/\/www.baldacci.pt\/wp-content\/uploads\/2023\/11\/Balfolic_2x-18x10.png 18w\" sizes=\"(max-width: 702px) 100vw, 702px\" \/>\t\t\t\t\t\t\t\t\t\t\t\t\t\t\t<\/div>\n\t\t\t\t<\/div>\n\t\t\t\t<\/div>\n\t\t<div class=\"elementor-element elementor-element-510449e e-con-full e-flex e-con e-child\" data-id=\"510449e\" data-element_type=\"container\" data-e-type=\"container\">\n\t\t<div class=\"elementor-element elementor-element-10bab37 e-flex e-con-boxed e-con e-child\" data-id=\"10bab37\" data-element_type=\"container\" data-e-type=\"container\">\n\t\t\t\t\t<div class=\"e-con-inner\">\n\t\t<div class=\"elementor-element elementor-element-a214b26 e-flex e-con-boxed e-con e-child\" data-id=\"a214b26\" data-element_type=\"container\" data-e-type=\"container\">\n\t\t\t\t\t<div class=\"e-con-inner\">\n\t\t\t\t<div class=\"elementor-element elementor-element-2f98f6b elementor-widget elementor-widget-heading\" data-id=\"2f98f6b\" data-element_type=\"widget\" data-e-type=\"widget\" data-widget_type=\"heading.default\">\n\t\t\t\t<div class=\"elementor-widget-container\">\n\t\t\t\t\t<h4 class=\"elementor-heading-title elementor-size-default\">Balfolic<sup>\u00ae<\/sup><\/h4>\t\t\t\t<\/div>\n\t\t\t\t<\/div>\n\t\t\t\t<div class=\"elementor-element elementor-element-f680545 elementor-widget elementor-widget-text-editor\" data-id=\"f680545\" data-element_type=\"widget\" data-e-type=\"widget\" data-widget_type=\"text-editor.default\">\n\t\t\t\t<div class=\"elementor-widget-container\">\n\t\t\t\t\t\t\t\t\t<p>Medicinal Product Not Subject to Medical Prescription \u2013 Pharmacy only medicine<\/p>\t\t\t\t\t\t\t\t<\/div>\n\t\t\t\t<\/div>\n\t\t\t\t\t<\/div>\n\t\t\t\t<\/div>\n\t\t<div class=\"elementor-element elementor-element-88e2711 e-flex e-con-boxed e-con e-child\" data-id=\"88e2711\" data-element_type=\"container\" data-e-type=\"container\">\n\t\t\t\t\t<div class=\"e-con-inner\">\n\t\t\t\t<div class=\"elementor-element elementor-element-97e128a elementor-widget elementor-widget-heading\" data-id=\"97e128a\" data-element_type=\"widget\" data-e-type=\"widget\" data-widget_type=\"heading.default\">\n\t\t\t\t<div class=\"elementor-widget-container\">\n\t\t\t\t\t<h6 class=\"elementor-heading-title elementor-size-default\">Therapeutic Indications<\/h6>\t\t\t\t<\/div>\n\t\t\t\t<\/div>\n\t\t\t\t<div class=\"elementor-element elementor-element-3c8af68 elementor-widget elementor-widget-text-editor\" data-id=\"3c8af68\" data-element_type=\"widget\" data-e-type=\"widget\" data-widget_type=\"text-editor.default\">\n\t\t\t\t<div class=\"elementor-widget-container\">\n\t\t\t\t\t\t\t\t\t<p>Primary prevention of newborn neural tube defects in fertile women planning pregnancy.<\/p>\t\t\t\t\t\t\t\t<\/div>\n\t\t\t\t<\/div>\n\t\t\t\t<div class=\"elementor-element elementor-element-9ae56e0 elementor-widget elementor-widget-text-editor\" data-id=\"9ae56e0\" data-element_type=\"widget\" data-e-type=\"widget\" data-widget_type=\"text-editor.default\">\n\t\t\t\t<div class=\"elementor-widget-container\">\n\t\t\t\t\t\t\t\t\t<p><b>Balfolic,<\/b><b> the right dose! In the right packaging!<\/b><\/p>\t\t\t\t\t\t\t\t<\/div>\n\t\t\t\t<\/div>\n\t\t\t\t\t<\/div>\n\t\t\t\t<\/div>\n\t\t<div class=\"elementor-element elementor-element-4e0c77a e-flex e-con-boxed e-con e-child\" data-id=\"4e0c77a\" data-element_type=\"container\" data-e-type=\"container\">\n\t\t\t\t\t<div class=\"e-con-inner\">\n\t\t\t\t<div class=\"elementor-element elementor-element-0d6c11a elementor-widget elementor-widget-heading\" data-id=\"0d6c11a\" data-element_type=\"widget\" data-e-type=\"widget\" data-widget_type=\"heading.default\">\n\t\t\t\t<div class=\"elementor-widget-container\">\n\t\t\t\t\t<h6 class=\"elementor-heading-title elementor-size-default\">Posology<\/h6>\t\t\t\t<\/div>\n\t\t\t\t<\/div>\n\t\t<div class=\"elementor-element elementor-element-997c246 e-flex e-con-boxed e-con e-child\" data-id=\"997c246\" data-element_type=\"container\" data-e-type=\"container\">\n\t\t\t\t\t<div class=\"e-con-inner\">\n\t\t\t\t<div class=\"elementor-element elementor-element-0afffe9 elementor-widget elementor-widget-text-editor\" data-id=\"0afffe9\" data-element_type=\"widget\" data-e-type=\"widget\" data-widget_type=\"text-editor.default\">\n\t\t\t\t<div class=\"elementor-widget-container\">\n\t\t\t\t\t\t\t\t\t<p>1 tab per day.<\/p>\t\t\t\t\t\t\t\t<\/div>\n\t\t\t\t<\/div>\n\t\t\t\t\t<\/div>\n\t\t\t\t<\/div>\n\t\t\t\t\t<\/div>\n\t\t\t\t<\/div>\n\t\t<div class=\"elementor-element elementor-element-7e7d376 e-flex e-con-boxed e-con e-child\" data-id=\"7e7d376\" data-element_type=\"container\" data-e-type=\"container\">\n\t\t\t\t\t<div class=\"e-con-inner\">\n\t\t\t\t<div class=\"elementor-element elementor-element-687b5f4 elementor-widget elementor-widget-heading\" data-id=\"687b5f4\" data-element_type=\"widget\" data-e-type=\"widget\" data-widget_type=\"heading.default\">\n\t\t\t\t<div class=\"elementor-widget-container\">\n\t\t\t\t\t<h6 class=\"elementor-heading-title elementor-size-default\">Presentation<\/h6>\t\t\t\t<\/div>\n\t\t\t\t<\/div>\n\t\t<div class=\"elementor-element elementor-element-c1bd61a e-flex e-con-boxed e-con e-child\" data-id=\"c1bd61a\" data-element_type=\"container\" data-e-type=\"container\">\n\t\t\t\t\t<div class=\"e-con-inner\">\n\t\t\t\t<div class=\"elementor-element elementor-element-4028b5d elementor-widget elementor-widget-text-editor\" data-id=\"4028b5d\" data-element_type=\"widget\" data-e-type=\"widget\" data-widget_type=\"text-editor.default\">\n\t\t\t\t<div class=\"elementor-widget-container\">\n\t\t\t\t\t\t\t\t\t<p>120 Tablets.<\/p>\t\t\t\t\t\t\t\t<\/div>\n\t\t\t\t<\/div>\n\t\t\t\t\t<\/div>\n\t\t\t\t<\/div>\n\t\t\t\t\t<\/div>\n\t\t\t\t<\/div>\n\t\t\t\t<div class=\"elementor-element elementor-element-5c33678 elementor-widget__width-auto elementor-widget elementor-widget-button\" data-id=\"5c33678\" data-element_type=\"widget\" data-e-type=\"widget\" data-widget_type=\"button.default\">\n\t\t\t\t<div class=\"elementor-widget-container\">\n\t\t\t\t\t\t\t\t\t<div class=\"elementor-button-wrapper\">\n\t\t\t\t\t<a class=\"elementor-button elementor-button-link elementor-size-sm\" href=\"https:\/\/www.baldacci.pt\/wp-content\/uploads\/2026\/03\/FI_Balfolic.pdf\" target=\"_blank\">\n\t\t\t\t\t\t<span class=\"elementor-button-content-wrapper\">\n\t\t\t\t\t\t<span class=\"elementor-button-icon\">\n\t\t\t\t<svg xmlns=\"http:\/\/www.w3.org\/2000\/svg\" width=\"20\" height=\"20\" viewbox=\"0 0 20 20\" fill=\"none\"><path d=\"M17.5 12.5V13.5C17.5 14.9001 17.5 15.6002 17.2275 16.135C16.9878 16.6054 16.6054 16.9878 16.135 17.2275C15.6002 17.5 14.9001 17.5 13.5 17.5H6.5C5.09987 17.5 4.3998 17.5 3.86502 17.2275C3.39462 16.9878 3.01217 16.6054 2.77248 16.135C2.5 15.6002 2.5 14.9001 2.5 13.5V12.5M14.1667 8.33333L10 12.5M10 12.5L5.83333 8.33333M10 12.5V2.5\" stroke=\"#005DA9\" stroke-linecap=\"round\" stroke-linejoin=\"round\"><\/path><\/svg>\t\t\t<\/span>\n\t\t\t\t\t\t\t\t\t<span class=\"elementor-button-text\">Consult Information Leaflet<\/span>\n\t\t\t\t\t<\/span>\n\t\t\t\t\t<\/a>\n\t\t\t\t<\/div>\n\t\t\t\t\t\t\t\t<\/div>\n\t\t\t\t<\/div>\n\t\t<div class=\"elementor-element elementor-element-de0072a e-flex e-con-boxed e-con e-child\" data-id=\"de0072a\" data-element_type=\"container\" data-e-type=\"container\">\n\t\t\t\t\t<div class=\"e-con-inner\">\n\t\t\t\t<div class=\"elementor-element elementor-element-3aa61b2 elementor-widget elementor-widget-text-editor\" data-id=\"3aa61b2\" data-element_type=\"widget\" data-e-type=\"widget\" data-widget_type=\"text-editor.default\">\n\t\t\t\t<div class=\"elementor-widget-container\">\n\t\t\t\t\t\t\t\t\t<p>Still have questions?<\/p>\t\t\t\t\t\t\t\t<\/div>\n\t\t\t\t<\/div>\n\t\t\t\t<div class=\"elementor-element elementor-element-054821c elementor-widget elementor-widget-button\" data-id=\"054821c\" data-element_type=\"widget\" data-e-type=\"widget\" data-widget_type=\"button.default\">\n\t\t\t\t<div class=\"elementor-widget-container\">\n\t\t\t\t\t\t\t\t\t<div class=\"elementor-button-wrapper\">\n\t\t\t\t\t<a class=\"elementor-button elementor-button-link elementor-size-sm\" href=\"https:\/\/www.baldacci.pt\/en\/?page_id=1639\">\n\t\t\t\t\t\t<span class=\"elementor-button-content-wrapper\">\n\t\t\t\t\t\t<span class=\"elementor-button-icon\">\n\t\t\t\t<svg xmlns=\"http:\/\/www.w3.org\/2000\/svg\" width=\"18\" height=\"19\" viewbox=\"0 0 18 19\" fill=\"none\"><path d=\"M6.75 14.1924L11.25 9.69238L6.75 5.19238\" stroke=\"white\" stroke-width=\"1.5\" stroke-linecap=\"square\" stroke-linejoin=\"round\"><\/path><\/svg>\t\t\t<\/span>\n\t\t\t\t\t\t\t\t\t<span class=\"elementor-button-text\">Ask for more information<\/span>\n\t\t\t\t\t<\/span>\n\t\t\t\t\t<\/a>\n\t\t\t\t<\/div>\n\t\t\t\t\t\t\t\t<\/div>\n\t\t\t\t<\/div>\n\t\t\t\t\t<\/div>\n\t\t\t\t<\/div>\n\t\t\t\t\t<\/div>\n\t\t\t\t<\/div>\n\t\t<div class=\"elementor-element elementor-element-210dcaa e-con-full e-flex e-con e-child\" data-id=\"210dcaa\" data-element_type=\"container\" data-e-type=\"container\">\n\t\t\t\t<div class=\"elementor-element elementor-element-3b21d06 elementor-widget elementor-widget-heading\" data-id=\"3b21d06\" data-element_type=\"widget\" data-e-type=\"widget\" data-widget_type=\"heading.default\">\n\t\t\t\t<div class=\"elementor-widget-container\">\n\t\t\t\t\t<h6 class=\"elementor-heading-title elementor-size-default\">See also<\/h6>\t\t\t\t<\/div>\n\t\t\t\t<\/div>\n\t\t<div class=\"elementor-element elementor-element-140a7c2 e-flex e-con-boxed e-con e-child\" data-id=\"140a7c2\" data-element_type=\"container\" data-e-type=\"container\">\n\t\t\t\t\t<div class=\"e-con-inner\">\n\t\t<div class=\"elementor-element elementor-element-6438449 e-con-full e-flex e-con e-child\" data-id=\"6438449\" data-element_type=\"container\" data-e-type=\"container\">\n\t\t\t\t<div class=\"elementor-element elementor-element-23964c1 elementor-widget elementor-widget-image\" data-id=\"23964c1\" data-element_type=\"widget\" data-e-type=\"widget\" data-widget_type=\"image.default\">\n\t\t\t\t<div class=\"elementor-widget-container\">\n\t\t\t\t\t\t\t\t\t\t\t\t\t\t\t\t<a href=\"https:\/\/www.baldacci.pt\/en\/?page_id=1372\">\n\t\t\t\t\t\t\t<img decoding=\"async\" width=\"372\" height=\"339\" src=\"https:\/\/www.baldacci.pt\/wp-content\/uploads\/2023\/10\/Ovulider_verTambem.png\" class=\"attachment-full size-full wp-image-1329\" alt=\"Embalagem Ovulider\" srcset=\"https:\/\/www.baldacci.pt\/wp-content\/uploads\/2023\/10\/Ovulider_verTambem.png 372w, https:\/\/www.baldacci.pt\/wp-content\/uploads\/2023\/10\/Ovulider_verTambem-300x273.png 300w\" sizes=\"(max-width: 372px) 100vw, 372px\" \/>\t\t\t\t\t\t\t\t<\/a>\n\t\t\t\t\t\t\t\t\t\t\t\t\t\t\t<\/div>\n\t\t\t\t<\/div>\n\t\t\t\t<div class=\"elementor-element elementor-element-ce34f77 elementor-widget elementor-widget-heading\" data-id=\"ce34f77\" data-element_type=\"widget\" data-e-type=\"widget\" data-widget_type=\"heading.default\">\n\t\t\t\t<div class=\"elementor-widget-container\">\n\t\t\t\t\t<p class=\"elementor-heading-title elementor-size-default\"><a href=\"https:\/\/www.baldacci.pt\/en\/?page_id=1372\">Ovulider<sup>\u00ae<\/sup><\/a><\/p>\t\t\t\t<\/div>\n\t\t\t\t<\/div>\n\t\t\t\t<\/div>\n\t\t<div class=\"elementor-element elementor-element-7229e65 e-con-full e-flex e-con e-child\" data-id=\"7229e65\" data-element_type=\"container\" data-e-type=\"container\">\n\t\t\t\t<div class=\"elementor-element elementor-element-ba4297f elementor-widget__width-initial elementor-widget elementor-widget-image\" data-id=\"ba4297f\" data-element_type=\"widget\" data-e-type=\"widget\" data-widget_type=\"image.default\">\n\t\t\t\t<div class=\"elementor-widget-container\">\n\t\t\t\t\t\t\t\t\t\t\t\t\t\t\t\t<a href=\"https:\/\/www.baldacci.pt\/en\/?page_id=1361\">\n\t\t\t\t\t\t\t<img decoding=\"async\" width=\"149\" height=\"221\" src=\"https:\/\/www.baldacci.pt\/wp-content\/uploads\/2023\/10\/Normogin_verTambem.png\" class=\"attachment-full size-full wp-image-1333\" alt=\"Embalagem Normogin\" \/>\t\t\t\t\t\t\t\t<\/a>\n\t\t\t\t\t\t\t\t\t\t\t\t\t\t\t<\/div>\n\t\t\t\t<\/div>\n\t\t\t\t<div class=\"elementor-element elementor-element-7007ad7 elementor-widget elementor-widget-heading\" data-id=\"7007ad7\" data-element_type=\"widget\" data-e-type=\"widget\" data-widget_type=\"heading.default\">\n\t\t\t\t<div class=\"elementor-widget-container\">\n\t\t\t\t\t<p class=\"elementor-heading-title elementor-size-default\"><a href=\"https:\/\/www.baldacci.pt\/en\/?page_id=1361\">Normogin<sup>\u00ae<\/sup><\/a><\/p>\t\t\t\t<\/div>\n\t\t\t\t<\/div>\n\t\t\t\t<\/div>\n\t\t\t\t\t<\/div>\n\t\t\t\t<\/div>\n\t\t\t\t<\/div>\n\t\t\t\t<\/div>\n\t\t\t\t\t<\/div>\n\t\t\t\t<\/div>\n\t\t\t\t<\/div>\n\t\t\t\t<\/div>","protected":false},"excerpt":{"rendered":"<p>Sa\u00fade da Mulher In\u00edcio \/ Produtos \/ Sa\u00fade da Mulher \/ Balfolic\u00ae Balfolic\u00ae Medicamento N\u00e3o Sujeito a Receita Medica de Dispensa Exclusiva em Farm\u00e1cia Indica\u00e7\u00f5es terap\u00eauticas Preven\u00e7\u00e3o prim\u00e1ria dos defeitos do tubo neural no rec\u00e9m-nascido em mulheres f\u00e9rteis que planeiam engravidar. Balfolic, a dose certa! Na embalagem certa! Posologia 1 comprimido por dia. Apresenta\u00e7\u00e3o 120 [&hellip;]<\/p>\n","protected":false},"author":1,"featured_media":0,"parent":0,"menu_order":0,"comment_status":"closed","ping_status":"closed","template":"","meta":{"footnotes":""},"class_list":["post-1305","page","type-page","status-publish","hentry"],"blocksy_meta":[],"yoast_head":"<!-- This site is optimized with the Yoast SEO plugin v27.3 - https:\/\/yoast.com\/product\/yoast-seo-wordpress\/ -->\n<title>Balfolic\u00ae - Baldacci Portugal<\/title>\n<meta name=\"robots\" content=\"index, follow, max-snippet:-1, max-image-preview:large, max-video-preview:-1\" \/>\n<link rel=\"canonical\" href=\"https:\/\/www.baldacci.pt\/en\/balfolic\/\" \/>\n<meta property=\"og:locale\" content=\"en_GB\" \/>\n<meta property=\"og:type\" content=\"article\" \/>\n<meta property=\"og:title\" content=\"Balfolic\u00ae - Baldacci Portugal\" \/>\n<meta property=\"og:description\" content=\"Sa\u00fade da Mulher In\u00edcio \/ Produtos \/ Sa\u00fade da Mulher \/ Balfolic\u00ae Balfolic\u00ae Medicamento N\u00e3o Sujeito a Receita Medica de Dispensa Exclusiva em Farm\u00e1cia Indica\u00e7\u00f5es terap\u00eauticas Preven\u00e7\u00e3o prim\u00e1ria dos defeitos do tubo neural no rec\u00e9m-nascido em mulheres f\u00e9rteis que planeiam engravidar. Balfolic, a dose certa! Na embalagem certa! Posologia 1 comprimido por dia. Apresenta\u00e7\u00e3o 120 [&hellip;]\" \/>\n<meta property=\"og:url\" content=\"https:\/\/www.baldacci.pt\/en\/balfolic\/\" \/>\n<meta property=\"og:site_name\" content=\"Baldacci Portugal\" \/>\n<meta property=\"article:modified_time\" content=\"2026-03-30T13:59:49+00:00\" \/>\n<meta property=\"og:image\" content=\"https:\/\/www.baldacci.pt\/wp-content\/uploads\/2023\/11\/Balfolic_2x.png\" \/>\n\t<meta property=\"og:image:width\" content=\"702\" \/>\n\t<meta property=\"og:image:height\" content=\"392\" \/>\n\t<meta property=\"og:image:type\" content=\"image\/png\" \/>\n<meta name=\"twitter:card\" content=\"summary_large_image\" \/>\n<meta name=\"twitter:label1\" content=\"Estimated reading time\" \/>\n\t<meta name=\"twitter:data1\" content=\"1 minute\" \/>\n<script type=\"application\/ld+json\" class=\"yoast-schema-graph\">{\"@context\":\"https:\\\/\\\/schema.org\",\"@graph\":[{\"@type\":\"WebPage\",\"@id\":\"https:\\\/\\\/www.baldacci.pt\\\/balfolic\\\/\",\"url\":\"https:\\\/\\\/www.baldacci.pt\\\/balfolic\\\/\",\"name\":\"Balfolic\u00ae - Baldacci Portugal\",\"isPartOf\":{\"@id\":\"https:\\\/\\\/www.baldacci.pt\\\/#website\"},\"primaryImageOfPage\":{\"@id\":\"https:\\\/\\\/www.baldacci.pt\\\/balfolic\\\/#primaryimage\"},\"image\":{\"@id\":\"https:\\\/\\\/www.baldacci.pt\\\/balfolic\\\/#primaryimage\"},\"thumbnailUrl\":\"https:\\\/\\\/www.baldacci.pt\\\/wp-content\\\/uploads\\\/2023\\\/11\\\/Balfolic_2x.png\",\"datePublished\":\"2023-10-26T09:00:02+00:00\",\"dateModified\":\"2026-03-30T13:59:49+00:00\",\"breadcrumb\":{\"@id\":\"https:\\\/\\\/www.baldacci.pt\\\/balfolic\\\/#breadcrumb\"},\"inLanguage\":\"en-GB\",\"potentialAction\":[{\"@type\":\"ReadAction\",\"target\":[\"https:\\\/\\\/www.baldacci.pt\\\/balfolic\\\/\"]}]},{\"@type\":\"ImageObject\",\"inLanguage\":\"en-GB\",\"@id\":\"https:\\\/\\\/www.baldacci.pt\\\/balfolic\\\/#primaryimage\",\"url\":\"https:\\\/\\\/www.baldacci.pt\\\/wp-content\\\/uploads\\\/2023\\\/11\\\/Balfolic_2x.png\",\"contentUrl\":\"https:\\\/\\\/www.baldacci.pt\\\/wp-content\\\/uploads\\\/2023\\\/11\\\/Balfolic_2x.png\"},{\"@type\":\"BreadcrumbList\",\"@id\":\"https:\\\/\\\/www.baldacci.pt\\\/balfolic\\\/#breadcrumb\",\"itemListElement\":[{\"@type\":\"ListItem\",\"position\":1,\"name\":\"Home\",\"item\":\"https:\\\/\\\/www.baldacci.pt\\\/\"},{\"@type\":\"ListItem\",\"position\":2,\"name\":\"Balfolic\u00ae\"}]},{\"@type\":\"WebSite\",\"@id\":\"https:\\\/\\\/www.baldacci.pt\\\/#website\",\"url\":\"https:\\\/\\\/www.baldacci.pt\\\/\",\"name\":\"Baldacci Portugal\",\"description\":\"Consigo desde o in\u00edcio... ao fim terap\u00eautico.\",\"publisher\":{\"@id\":\"https:\\\/\\\/www.baldacci.pt\\\/#organization\"},\"potentialAction\":[{\"@type\":\"SearchAction\",\"target\":{\"@type\":\"EntryPoint\",\"urlTemplate\":\"https:\\\/\\\/www.baldacci.pt\\\/?s={search_term_string}\"},\"query-input\":{\"@type\":\"PropertyValueSpecification\",\"valueRequired\":true,\"valueName\":\"search_term_string\"}}],\"inLanguage\":\"en-GB\"},{\"@type\":\"Organization\",\"@id\":\"https:\\\/\\\/www.baldacci.pt\\\/#organization\",\"name\":\"Baldacci Portugal\",\"alternateName\":\"Baldacci\",\"url\":\"https:\\\/\\\/www.baldacci.pt\\\/\",\"logo\":{\"@type\":\"ImageObject\",\"inLanguage\":\"en-GB\",\"@id\":\"https:\\\/\\\/www.baldacci.pt\\\/#\\\/schema\\\/logo\\\/image\\\/\",\"url\":\"https:\\\/\\\/www.baldacci.pt\\\/wp-content\\\/uploads\\\/2023\\\/10\\\/logoBaldacci_blue.png\",\"contentUrl\":\"https:\\\/\\\/www.baldacci.pt\\\/wp-content\\\/uploads\\\/2023\\\/10\\\/logoBaldacci_blue.png\",\"width\":452,\"height\":133,\"caption\":\"Baldacci Portugal\"},\"image\":{\"@id\":\"https:\\\/\\\/www.baldacci.pt\\\/#\\\/schema\\\/logo\\\/image\\\/\"},\"sameAs\":[\"https:\\\/\\\/www.linkedin.com\\\/company\\\/baldacci\\\/\"]}]}<\/script>\n<!-- \/ Yoast SEO plugin. -->","yoast_head_json":{"title":"Balfolic\u00ae - Baldacci Portugal","robots":{"index":"index","follow":"follow","max-snippet":"max-snippet:-1","max-image-preview":"max-image-preview:large","max-video-preview":"max-video-preview:-1"},"canonical":"https:\/\/www.baldacci.pt\/en\/balfolic\/","og_locale":"en_GB","og_type":"article","og_title":"Balfolic\u00ae - Baldacci Portugal","og_description":"Sa\u00fade da Mulher In\u00edcio \/ Produtos \/ Sa\u00fade da Mulher \/ Balfolic\u00ae Balfolic\u00ae Medicamento N\u00e3o Sujeito a Receita Medica de Dispensa Exclusiva em Farm\u00e1cia Indica\u00e7\u00f5es terap\u00eauticas Preven\u00e7\u00e3o prim\u00e1ria dos defeitos do tubo neural no rec\u00e9m-nascido em mulheres f\u00e9rteis que planeiam engravidar. Balfolic, a dose certa! Na embalagem certa! Posologia 1 comprimido por dia. Apresenta\u00e7\u00e3o 120 [&hellip;]","og_url":"https:\/\/www.baldacci.pt\/en\/balfolic\/","og_site_name":"Baldacci Portugal","article_modified_time":"2026-03-30T13:59:49+00:00","og_image":[{"width":702,"height":392,"url":"https:\/\/www.baldacci.pt\/wp-content\/uploads\/2023\/11\/Balfolic_2x.png","type":"image\/png"}],"twitter_card":"summary_large_image","twitter_misc":{"Estimated reading time":"1 minute"},"schema":{"@context":"https:\/\/schema.org","@graph":[{"@type":"WebPage","@id":"https:\/\/www.baldacci.pt\/balfolic\/","url":"https:\/\/www.baldacci.pt\/balfolic\/","name":"Balfolic\u00ae - Baldacci Portugal","isPartOf":{"@id":"https:\/\/www.baldacci.pt\/#website"},"primaryImageOfPage":{"@id":"https:\/\/www.baldacci.pt\/balfolic\/#primaryimage"},"image":{"@id":"https:\/\/www.baldacci.pt\/balfolic\/#primaryimage"},"thumbnailUrl":"https:\/\/www.baldacci.pt\/wp-content\/uploads\/2023\/11\/Balfolic_2x.png","datePublished":"2023-10-26T09:00:02+00:00","dateModified":"2026-03-30T13:59:49+00:00","breadcrumb":{"@id":"https:\/\/www.baldacci.pt\/balfolic\/#breadcrumb"},"inLanguage":"en-GB","potentialAction":[{"@type":"ReadAction","target":["https:\/\/www.baldacci.pt\/balfolic\/"]}]},{"@type":"ImageObject","inLanguage":"en-GB","@id":"https:\/\/www.baldacci.pt\/balfolic\/#primaryimage","url":"https:\/\/www.baldacci.pt\/wp-content\/uploads\/2023\/11\/Balfolic_2x.png","contentUrl":"https:\/\/www.baldacci.pt\/wp-content\/uploads\/2023\/11\/Balfolic_2x.png"},{"@type":"BreadcrumbList","@id":"https:\/\/www.baldacci.pt\/balfolic\/#breadcrumb","itemListElement":[{"@type":"ListItem","position":1,"name":"Home","item":"https:\/\/www.baldacci.pt\/"},{"@type":"ListItem","position":2,"name":"Balfolic\u00ae"}]},{"@type":"WebSite","@id":"https:\/\/www.baldacci.pt\/#website","url":"https:\/\/www.baldacci.pt\/","name":"Baldacci Portugal","description":"Consigo desde o in\u00edcio... ao fim terap\u00eautico.","publisher":{"@id":"https:\/\/www.baldacci.pt\/#organization"},"potentialAction":[{"@type":"SearchAction","target":{"@type":"EntryPoint","urlTemplate":"https:\/\/www.baldacci.pt\/?s={search_term_string}"},"query-input":{"@type":"PropertyValueSpecification","valueRequired":true,"valueName":"search_term_string"}}],"inLanguage":"en-GB"},{"@type":"Organization","@id":"https:\/\/www.baldacci.pt\/#organization","name":"Baldacci Portugal","alternateName":"Baldacci","url":"https:\/\/www.baldacci.pt\/","logo":{"@type":"ImageObject","inLanguage":"en-GB","@id":"https:\/\/www.baldacci.pt\/#\/schema\/logo\/image\/","url":"https:\/\/www.baldacci.pt\/wp-content\/uploads\/2023\/10\/logoBaldacci_blue.png","contentUrl":"https:\/\/www.baldacci.pt\/wp-content\/uploads\/2023\/10\/logoBaldacci_blue.png","width":452,"height":133,"caption":"Baldacci Portugal"},"image":{"@id":"https:\/\/www.baldacci.pt\/#\/schema\/logo\/image\/"},"sameAs":["https:\/\/www.linkedin.com\/company\/baldacci\/"]}]}},"_links":{"self":[{"href":"https:\/\/www.baldacci.pt\/en\/wp-json\/wp\/v2\/pages\/1305","targetHints":{"allow":["GET"]}}],"collection":[{"href":"https:\/\/www.baldacci.pt\/en\/wp-json\/wp\/v2\/pages"}],"about":[{"href":"https:\/\/www.baldacci.pt\/en\/wp-json\/wp\/v2\/types\/page"}],"author":[{"embeddable":true,"href":"https:\/\/www.baldacci.pt\/en\/wp-json\/wp\/v2\/users\/1"}],"replies":[{"embeddable":true,"href":"https:\/\/www.baldacci.pt\/en\/wp-json\/wp\/v2\/comments?post=1305"}],"version-history":[{"count":105,"href":"https:\/\/www.baldacci.pt\/en\/wp-json\/wp\/v2\/pages\/1305\/revisions"}],"predecessor-version":[{"id":5823,"href":"https:\/\/www.baldacci.pt\/en\/wp-json\/wp\/v2\/pages\/1305\/revisions\/5823"}],"wp:attachment":[{"href":"https:\/\/www.baldacci.pt\/en\/wp-json\/wp\/v2\/media?parent=1305"}],"curies":[{"name":"wp","href":"https:\/\/api.w.org\/{rel}","templated":true}]}}