{"id":1108,"date":"2023-10-23T11:06:37","date_gmt":"2023-10-23T11:06:37","guid":{"rendered":"https:\/\/www.baldacci.pt\/?page_id=1108"},"modified":"2025-10-22T16:45:44","modified_gmt":"2025-10-22T16:45:44","slug":"glusina","status":"publish","type":"page","link":"https:\/\/www.baldacci.pt\/en\/glusina\/","title":{"rendered":"Glusina<sup>\u00ae<\/sup>"},"content":{"rendered":"<div data-elementor-type=\"wp-page\" data-elementor-id=\"1108\" class=\"elementor elementor-1108\">\n\t\t\t\t<div class=\"elementor-element elementor-element-da7fb26 e-flex e-con-boxed e-con e-parent\" data-id=\"da7fb26\" data-element_type=\"container\" data-e-type=\"container\" data-settings=\"{&quot;background_background&quot;:&quot;classic&quot;}\">\n\t\t\t\t\t<div class=\"e-con-inner\">\n\t\t<div class=\"elementor-element elementor-element-99323a4 e-flex e-con-boxed e-con e-child\" data-id=\"99323a4\" data-element_type=\"container\" data-e-type=\"container\">\n\t\t\t\t\t<div class=\"e-con-inner\">\n\t\t\t\t<div class=\"elementor-element elementor-element-bf45215 elementor-widget elementor-widget-heading\" data-id=\"bf45215\" data-element_type=\"widget\" data-e-type=\"widget\" data-widget_type=\"heading.default\">\n\t\t\t\t<div class=\"elementor-widget-container\">\n\t\t\t\t\t<h3 class=\"elementor-heading-title elementor-size-default\">Health &amp; Wellbeing<\/h3>\t\t\t\t<\/div>\n\t\t\t\t<\/div>\n\t\t\t\t<div class=\"elementor-element elementor-element-3307485 elementor-widget elementor-widget-text-editor\" data-id=\"3307485\" data-element_type=\"widget\" data-e-type=\"widget\" data-widget_type=\"text-editor.default\">\n\t\t\t\t<div class=\"elementor-widget-container\">\n\t\t\t\t\t\t\t\t\t<p><a style=\"color: #ffffff;\" href=\"https:\/\/www.baldacci.pt\/en\/\">Home<\/a> \/ <a style=\"color: #ffffff;\" href=\"https:\/\/www.baldacci.pt\/en\/produtos\/\">Products<\/a> \/ <a style=\"color: #ffffff;\" href=\"https:\/\/www.baldacci.pt\/en\/saude-bem-estar\/\">Health &amp; Wellbeing<\/a> \/ <strong>Glucosamina Glusina<sup>\u00ae<\/sup><\/strong><\/p>\t\t\t\t\t\t\t\t<\/div>\n\t\t\t\t<\/div>\n\t\t\t\t\t<\/div>\n\t\t\t\t<\/div>\n\t\t\t\t\t<\/div>\n\t\t\t\t<\/div>\n\t\t<div class=\"elementor-element elementor-element-f1d38e0 e-con-full e-flex e-con e-parent\" data-id=\"f1d38e0\" data-element_type=\"container\" data-e-type=\"container\" data-settings=\"{&quot;background_background&quot;:&quot;classic&quot;}\">\n\t\t<div class=\"elementor-element elementor-element-1f67b54 e-flex e-con-boxed e-con e-child\" data-id=\"1f67b54\" data-element_type=\"container\" data-e-type=\"container\">\n\t\t\t\t\t<div class=\"e-con-inner\">\n\t\t<div class=\"elementor-element elementor-element-10d5102 e-con-full e-flex e-con e-child\" data-id=\"10d5102\" data-element_type=\"container\" data-e-type=\"container\">\n\t\t\t\t<div class=\"elementor-element elementor-element-08ac4d6 elementor-widget__width-initial elementor-widget elementor-widget-image\" data-id=\"08ac4d6\" data-element_type=\"widget\" data-e-type=\"widget\" data-widget_type=\"image.default\">\n\t\t\t\t<div class=\"elementor-widget-container\">\n\t\t\t\t\t\t\t\t\t\t\t\t\t\t\t<img fetchpriority=\"high\" decoding=\"async\" width=\"800\" height=\"800\" src=\"https:\/\/www.baldacci.pt\/wp-content\/uploads\/2023\/10\/Glusina_2x.png\" class=\"attachment-full size-full wp-image-1115\" alt=\"Embalagem Glusina\" srcset=\"https:\/\/www.baldacci.pt\/wp-content\/uploads\/2023\/10\/Glusina_2x.png 800w, https:\/\/www.baldacci.pt\/wp-content\/uploads\/2023\/10\/Glusina_2x-300x300.png 300w, https:\/\/www.baldacci.pt\/wp-content\/uploads\/2023\/10\/Glusina_2x-150x150.png 150w, https:\/\/www.baldacci.pt\/wp-content\/uploads\/2023\/10\/Glusina_2x-768x768.png 768w\" sizes=\"(max-width: 800px) 100vw, 800px\" \/>\t\t\t\t\t\t\t\t\t\t\t\t\t\t\t<\/div>\n\t\t\t\t<\/div>\n\t\t\t\t<\/div>\n\t\t<div class=\"elementor-element elementor-element-510449e e-con-full e-flex e-con e-child\" data-id=\"510449e\" data-element_type=\"container\" data-e-type=\"container\">\n\t\t<div class=\"elementor-element elementor-element-10bab37 e-flex e-con-boxed e-con e-child\" data-id=\"10bab37\" data-element_type=\"container\" data-e-type=\"container\">\n\t\t\t\t\t<div class=\"e-con-inner\">\n\t\t<div class=\"elementor-element elementor-element-a214b26 e-flex e-con-boxed e-con e-child\" data-id=\"a214b26\" data-element_type=\"container\" data-e-type=\"container\">\n\t\t\t\t\t<div class=\"e-con-inner\">\n\t\t\t\t<div class=\"elementor-element elementor-element-2f98f6b elementor-widget elementor-widget-heading\" data-id=\"2f98f6b\" data-element_type=\"widget\" data-e-type=\"widget\" data-widget_type=\"heading.default\">\n\t\t\t\t<div class=\"elementor-widget-container\">\n\t\t\t\t\t<h4 class=\"elementor-heading-title elementor-size-default\">Glucosamina Glusina<sup>\u00ae<\/sup><\/h4>\t\t\t\t<\/div>\n\t\t\t\t<\/div>\n\t\t\t\t<div class=\"elementor-element elementor-element-f680545 elementor-widget elementor-widget-text-editor\" data-id=\"f680545\" data-element_type=\"widget\" data-e-type=\"widget\" data-widget_type=\"text-editor.default\">\n\t\t\t\t<div class=\"elementor-widget-container\">\n\t\t\t\t\t\t\t\t\t<p>OTC Medicine<\/p>\t\t\t\t\t\t\t\t<\/div>\n\t\t\t\t<\/div>\n\t\t\t\t\t<\/div>\n\t\t\t\t<\/div>\n\t\t<div class=\"elementor-element elementor-element-88e2711 e-flex e-con-boxed e-con e-child\" data-id=\"88e2711\" data-element_type=\"container\" data-e-type=\"container\">\n\t\t\t\t\t<div class=\"e-con-inner\">\n\t\t\t\t<div class=\"elementor-element elementor-element-97e128a elementor-widget elementor-widget-heading\" data-id=\"97e128a\" data-element_type=\"widget\" data-e-type=\"widget\" data-widget_type=\"heading.default\">\n\t\t\t\t<div class=\"elementor-widget-container\">\n\t\t\t\t\t<h6 class=\"elementor-heading-title elementor-size-default\">Therapeutic Indications<\/h6>\t\t\t\t<\/div>\n\t\t\t\t<\/div>\n\t\t\t\t<div class=\"elementor-element elementor-element-e0c14bd elementor-widget elementor-widget-text-editor\" data-id=\"e0c14bd\" data-element_type=\"widget\" data-e-type=\"widget\" data-widget_type=\"text-editor.default\">\n\t\t\t\t<div class=\"elementor-widget-container\">\n\t\t\t\t\t\t\t\t\t<p>Relief of symptoms of mild to moderate osteoarthritis, that is, pain and functional limitation.<\/p>\t\t\t\t\t\t\t\t<\/div>\n\t\t\t\t<\/div>\n\t\t\t\t\t<\/div>\n\t\t\t\t<\/div>\n\t\t<div class=\"elementor-element elementor-element-06a6ff4 e-flex e-con-boxed e-con e-child\" data-id=\"06a6ff4\" data-element_type=\"container\" data-e-type=\"container\">\n\t\t\t\t\t<div class=\"e-con-inner\">\n\t\t\t\t<div class=\"elementor-element elementor-element-7760dfd elementor-widget elementor-widget-heading\" data-id=\"7760dfd\" data-element_type=\"widget\" data-e-type=\"widget\" data-widget_type=\"heading.default\">\n\t\t\t\t<div class=\"elementor-widget-container\">\n\t\t\t\t\t<h6 class=\"elementor-heading-title elementor-size-default\">Posology<\/h6>\t\t\t\t<\/div>\n\t\t\t\t<\/div>\n\t\t\t\t<div class=\"elementor-element elementor-element-883ea1f elementor-widget elementor-widget-text-editor\" data-id=\"883ea1f\" data-element_type=\"widget\" data-e-type=\"widget\" data-widget_type=\"text-editor.default\">\n\t\t\t\t<div class=\"elementor-widget-container\">\n\t\t\t\t\t\t\t\t\t<p><span role=\"presentation\">Take the content of one sachet once a day (dissolved in a glass of water), preferably at meals.<\/span><\/p>\t\t\t\t\t\t\t\t<\/div>\n\t\t\t\t<\/div>\n\t\t\t\t\t<\/div>\n\t\t\t\t<\/div>\n\t\t<div class=\"elementor-element elementor-element-4e0c77a e-flex e-con-boxed e-con e-child\" data-id=\"4e0c77a\" data-element_type=\"container\" data-e-type=\"container\">\n\t\t\t\t\t<div class=\"e-con-inner\">\n\t\t\t\t<div class=\"elementor-element elementor-element-0d6c11a elementor-widget elementor-widget-heading\" data-id=\"0d6c11a\" data-element_type=\"widget\" data-e-type=\"widget\" data-widget_type=\"heading.default\">\n\t\t\t\t<div class=\"elementor-widget-container\">\n\t\t\t\t\t<h6 class=\"elementor-heading-title elementor-size-default\">Presentation<\/h6>\t\t\t\t<\/div>\n\t\t\t\t<\/div>\n\t\t\t\t<div class=\"elementor-element elementor-element-0afffe9 elementor-widget elementor-widget-text-editor\" data-id=\"0afffe9\" data-element_type=\"widget\" data-e-type=\"widget\" data-widget_type=\"text-editor.default\">\n\t\t\t\t<div class=\"elementor-widget-container\">\n\t\t\t\t\t\t\t\t\t<p>60 sachets.<\/p>\t\t\t\t\t\t\t\t<\/div>\n\t\t\t\t<\/div>\n\t\t\t\t\t<\/div>\n\t\t\t\t<\/div>\n\t\t\t\t<div class=\"elementor-element elementor-element-aa1751c elementor-widget__width-auto elementor-widget elementor-widget-button\" data-id=\"aa1751c\" data-element_type=\"widget\" data-e-type=\"widget\" data-widget_type=\"button.default\">\n\t\t\t\t<div class=\"elementor-widget-container\">\n\t\t\t\t\t\t\t\t\t<div class=\"elementor-button-wrapper\">\n\t\t\t\t\t<a class=\"elementor-button elementor-button-link elementor-size-sm\" href=\"https:\/\/www.baldacci.pt\/wp-content\/uploads\/2025\/06\/pt-pl-glucosaminaglusina.pdf\" target=\"_blank\">\n\t\t\t\t\t\t<span class=\"elementor-button-content-wrapper\">\n\t\t\t\t\t\t<span class=\"elementor-button-icon\">\n\t\t\t\t<svg xmlns=\"http:\/\/www.w3.org\/2000\/svg\" width=\"20\" height=\"20\" viewbox=\"0 0 20 20\" fill=\"none\"><path d=\"M17.5 12.5V13.5C17.5 14.9001 17.5 15.6002 17.2275 16.135C16.9878 16.6054 16.6054 16.9878 16.135 17.2275C15.6002 17.5 14.9001 17.5 13.5 17.5H6.5C5.09987 17.5 4.3998 17.5 3.86502 17.2275C3.39462 16.9878 3.01217 16.6054 2.77248 16.135C2.5 15.6002 2.5 14.9001 2.5 13.5V12.5M14.1667 8.33333L10 12.5M10 12.5L5.83333 8.33333M10 12.5V2.5\" stroke=\"#005DA9\" stroke-linecap=\"round\" stroke-linejoin=\"round\"><\/path><\/svg>\t\t\t<\/span>\n\t\t\t\t\t\t\t\t\t<span class=\"elementor-button-text\">Consult Information Leaflet<\/span>\n\t\t\t\t\t<\/span>\n\t\t\t\t\t<\/a>\n\t\t\t\t<\/div>\n\t\t\t\t\t\t\t\t<\/div>\n\t\t\t\t<\/div>\n\t\t<div class=\"elementor-element elementor-element-c759b03 e-flex e-con-boxed e-con e-child\" data-id=\"c759b03\" data-element_type=\"container\" data-e-type=\"container\">\n\t\t\t\t\t<div class=\"e-con-inner\">\n\t\t\t\t<div class=\"elementor-element elementor-element-6df54df elementor-widget elementor-widget-text-editor\" data-id=\"6df54df\" data-element_type=\"widget\" data-e-type=\"widget\" data-widget_type=\"text-editor.default\">\n\t\t\t\t<div class=\"elementor-widget-container\">\n\t\t\t\t\t\t\t\t\t<p>Still have questions?<\/p>\t\t\t\t\t\t\t\t<\/div>\n\t\t\t\t<\/div>\n\t\t\t\t<div class=\"elementor-element elementor-element-cb9398c elementor-widget elementor-widget-button\" data-id=\"cb9398c\" data-element_type=\"widget\" data-e-type=\"widget\" data-widget_type=\"button.default\">\n\t\t\t\t<div class=\"elementor-widget-container\">\n\t\t\t\t\t\t\t\t\t<div class=\"elementor-button-wrapper\">\n\t\t\t\t\t<a class=\"elementor-button elementor-button-link elementor-size-sm\" href=\"https:\/\/www.baldacci.pt\/en\/?page_id=1639\">\n\t\t\t\t\t\t<span class=\"elementor-button-content-wrapper\">\n\t\t\t\t\t\t<span class=\"elementor-button-icon\">\n\t\t\t\t<svg xmlns=\"http:\/\/www.w3.org\/2000\/svg\" width=\"18\" height=\"19\" viewbox=\"0 0 18 19\" fill=\"none\"><path d=\"M6.75 14.1924L11.25 9.69238L6.75 5.19238\" stroke=\"white\" stroke-width=\"1.5\" stroke-linecap=\"square\" stroke-linejoin=\"round\"><\/path><\/svg>\t\t\t<\/span>\n\t\t\t\t\t\t\t\t\t<span class=\"elementor-button-text\">Ask for more information<\/span>\n\t\t\t\t\t<\/span>\n\t\t\t\t\t<\/a>\n\t\t\t\t<\/div>\n\t\t\t\t\t\t\t\t<\/div>\n\t\t\t\t<\/div>\n\t\t\t\t\t<\/div>\n\t\t\t\t<\/div>\n\t\t\t\t\t<\/div>\n\t\t\t\t<\/div>\n\t\t<div class=\"elementor-element elementor-element-210dcaa e-con-full e-flex e-con e-child\" data-id=\"210dcaa\" data-element_type=\"container\" data-e-type=\"container\">\n\t\t\t\t<div class=\"elementor-element elementor-element-3b21d06 elementor-widget elementor-widget-heading\" data-id=\"3b21d06\" data-element_type=\"widget\" data-e-type=\"widget\" data-widget_type=\"heading.default\">\n\t\t\t\t<div class=\"elementor-widget-container\">\n\t\t\t\t\t<h6 class=\"elementor-heading-title elementor-size-default\">See also<\/h6>\t\t\t\t<\/div>\n\t\t\t\t<\/div>\n\t\t<div class=\"elementor-element elementor-element-140a7c2 e-flex e-con-boxed e-con e-child\" data-id=\"140a7c2\" data-element_type=\"container\" data-e-type=\"container\">\n\t\t\t\t\t<div class=\"e-con-inner\">\n\t\t<div class=\"elementor-element elementor-element-7229e65 e-con-full e-flex e-con e-child\" data-id=\"7229e65\" data-element_type=\"container\" data-e-type=\"container\">\n\t\t\t\t<div class=\"elementor-element elementor-element-ba4297f elementor-widget elementor-widget-image\" data-id=\"ba4297f\" data-element_type=\"widget\" data-e-type=\"widget\" data-widget_type=\"image.default\">\n\t\t\t\t<div class=\"elementor-widget-container\">\n\t\t\t\t\t\t\t\t\t\t\t\t\t\t\t\t<a href=\"https:\/\/www.baldacci.pt\/en\/gluart\/\">\n\t\t\t\t\t\t\t<img decoding=\"async\" width=\"357\" height=\"226\" src=\"https:\/\/www.baldacci.pt\/wp-content\/uploads\/2023\/10\/gluart1500mg_vertambem.png\" class=\"attachment-full size-full wp-image-1088\" alt=\"Embalagem Gluart\" srcset=\"https:\/\/www.baldacci.pt\/wp-content\/uploads\/2023\/10\/gluart1500mg_vertambem.png 357w, https:\/\/www.baldacci.pt\/wp-content\/uploads\/2023\/10\/elementor\/thumbs\/gluart1500mg_vertambem-qea256cagmmvivq2okopdb1g7keczj4lc2h4kzfxik.png 300w\" sizes=\"(max-width: 357px) 100vw, 357px\" \/>\t\t\t\t\t\t\t\t<\/a>\n\t\t\t\t\t\t\t\t\t\t\t\t\t\t\t<\/div>\n\t\t\t\t<\/div>\n\t\t\t\t<div class=\"elementor-element elementor-element-7007ad7 elementor-widget elementor-widget-heading\" data-id=\"7007ad7\" data-element_type=\"widget\" data-e-type=\"widget\" data-widget_type=\"heading.default\">\n\t\t\t\t<div class=\"elementor-widget-container\">\n\t\t\t\t\t<p class=\"elementor-heading-title elementor-size-default\"><a href=\"https:\/\/www.baldacci.pt\/en\/gluart\/\">Gluart<sup>\u00ae<\/sup><\/a><\/p>\t\t\t\t<\/div>\n\t\t\t\t<\/div>\n\t\t\t\t<\/div>\n\t\t<div class=\"elementor-element elementor-element-6438449 e-con-full e-flex e-con e-child\" data-id=\"6438449\" data-element_type=\"container\" data-e-type=\"container\">\n\t\t\t\t<div class=\"elementor-element elementor-element-23964c1 elementor-widget elementor-widget-image\" data-id=\"23964c1\" data-element_type=\"widget\" data-e-type=\"widget\" data-widget_type=\"image.default\">\n\t\t\t\t<div class=\"elementor-widget-container\">\n\t\t\t\t\t\t\t\t\t\t\t\t\t\t\t\t<a href=\"https:\/\/www.baldacci.pt\/en\/balpic\/\">\n\t\t\t\t\t\t\t<img decoding=\"async\" width=\"399\" height=\"242\" src=\"https:\/\/www.baldacci.pt\/wp-content\/uploads\/2023\/10\/Balpic_vertambem.png\" class=\"attachment-full size-full wp-image-1118\" alt=\"Embalagem Balpic\" srcset=\"https:\/\/www.baldacci.pt\/wp-content\/uploads\/2023\/10\/Balpic_vertambem.png 399w, https:\/\/www.baldacci.pt\/wp-content\/uploads\/2023\/10\/Balpic_vertambem-300x182.png 300w\" sizes=\"(max-width: 399px) 100vw, 399px\" \/>\t\t\t\t\t\t\t\t<\/a>\n\t\t\t\t\t\t\t\t\t\t\t\t\t\t\t<\/div>\n\t\t\t\t<\/div>\n\t\t\t\t<div class=\"elementor-element elementor-element-ce34f77 elementor-widget elementor-widget-heading\" data-id=\"ce34f77\" data-element_type=\"widget\" data-e-type=\"widget\" data-widget_type=\"heading.default\">\n\t\t\t\t<div class=\"elementor-widget-container\">\n\t\t\t\t\t<p class=\"elementor-heading-title elementor-size-default\"><a href=\"https:\/\/www.baldacci.pt\/en\/balpic\/\">Balpic<sup>\u00ae<\/sup><\/a><\/p>\t\t\t\t<\/div>\n\t\t\t\t<\/div>\n\t\t\t\t<\/div>\n\t\t\t\t\t<\/div>\n\t\t\t\t<\/div>\n\t\t\t\t<\/div>\n\t\t\t\t<\/div>\n\t\t\t\t\t<\/div>\n\t\t\t\t<\/div>\n\t\t\t\t<\/div>\n\t\t\t\t<\/div>","protected":false},"excerpt":{"rendered":"<p>Sa\u00fade &amp; Bem-Estar In\u00edcio \/ Produtos \/ Sa\u00fade &amp; Bem-Estar \/ Glucosamina Glusina\u00ae Glucosamina Glusina\u00ae Medicamento N\u00e3o Sujeito a Receita M\u00e9dica Indica\u00e7\u00f5es terap\u00eauticas Al\u00edvio dos sintomas de osteoartrose ligeira a moderada, isto \u00e9, dor e limita\u00e7\u00e3o da fun\u00e7\u00e3o. Posologia Tome o conte\u00fado de uma saqueta (dissolvido num copo de \u00e1gua), 1 vez por dia, de [&hellip;]<\/p>\n","protected":false},"author":1,"featured_media":0,"parent":0,"menu_order":0,"comment_status":"closed","ping_status":"closed","template":"","meta":{"footnotes":""},"class_list":["post-1108","page","type-page","status-publish","hentry"],"blocksy_meta":[],"yoast_head":"<!-- This site is optimized with the Yoast SEO plugin v27.4 - https:\/\/yoast.com\/product\/yoast-seo-wordpress\/ -->\n<title>Glusina\u00ae - Baldacci Portugal<\/title>\n<meta name=\"robots\" content=\"index, follow, max-snippet:-1, max-image-preview:large, max-video-preview:-1\" \/>\n<link rel=\"canonical\" href=\"https:\/\/www.baldacci.pt\/en\/glusina\/\" \/>\n<meta property=\"og:locale\" content=\"en_GB\" \/>\n<meta property=\"og:type\" content=\"article\" \/>\n<meta property=\"og:title\" content=\"Glusina\u00ae - Baldacci Portugal\" \/>\n<meta property=\"og:description\" content=\"Sa\u00fade &amp; Bem-Estar In\u00edcio \/ Produtos \/ Sa\u00fade &amp; Bem-Estar \/ Glucosamina Glusina\u00ae Glucosamina Glusina\u00ae Medicamento N\u00e3o Sujeito a Receita M\u00e9dica Indica\u00e7\u00f5es terap\u00eauticas Al\u00edvio dos sintomas de osteoartrose ligeira a moderada, isto \u00e9, dor e limita\u00e7\u00e3o da fun\u00e7\u00e3o. Posologia Tome o conte\u00fado de uma saqueta (dissolvido num copo de \u00e1gua), 1 vez por dia, de [&hellip;]\" \/>\n<meta property=\"og:url\" content=\"https:\/\/www.baldacci.pt\/en\/glusina\/\" \/>\n<meta property=\"og:site_name\" content=\"Baldacci Portugal\" \/>\n<meta property=\"article:modified_time\" content=\"2025-10-22T16:45:44+00:00\" \/>\n<meta property=\"og:image\" content=\"https:\/\/www.baldacci.pt\/wp-content\/uploads\/2023\/10\/Glusina_2x.png\" \/>\n\t<meta property=\"og:image:width\" content=\"800\" \/>\n\t<meta property=\"og:image:height\" content=\"800\" \/>\n\t<meta property=\"og:image:type\" content=\"image\/png\" \/>\n<meta name=\"twitter:card\" content=\"summary_large_image\" \/>\n<meta name=\"twitter:label1\" content=\"Estimated reading time\" \/>\n\t<meta name=\"twitter:data1\" content=\"1 minute\" \/>\n<script type=\"application\/ld+json\" class=\"yoast-schema-graph\">{\"@context\":\"https:\\\/\\\/schema.org\",\"@graph\":[{\"@type\":\"WebPage\",\"@id\":\"https:\\\/\\\/www.baldacci.pt\\\/glusina\\\/\",\"url\":\"https:\\\/\\\/www.baldacci.pt\\\/glusina\\\/\",\"name\":\"Glusina\u00ae - Baldacci Portugal\",\"isPartOf\":{\"@id\":\"https:\\\/\\\/www.baldacci.pt\\\/#website\"},\"primaryImageOfPage\":{\"@id\":\"https:\\\/\\\/www.baldacci.pt\\\/glusina\\\/#primaryimage\"},\"image\":{\"@id\":\"https:\\\/\\\/www.baldacci.pt\\\/glusina\\\/#primaryimage\"},\"thumbnailUrl\":\"https:\\\/\\\/www.baldacci.pt\\\/wp-content\\\/uploads\\\/2023\\\/10\\\/Glusina_2x.png\",\"datePublished\":\"2023-10-23T11:06:37+00:00\",\"dateModified\":\"2025-10-22T16:45:44+00:00\",\"breadcrumb\":{\"@id\":\"https:\\\/\\\/www.baldacci.pt\\\/glusina\\\/#breadcrumb\"},\"inLanguage\":\"en-GB\",\"potentialAction\":[{\"@type\":\"ReadAction\",\"target\":[\"https:\\\/\\\/www.baldacci.pt\\\/glusina\\\/\"]}]},{\"@type\":\"ImageObject\",\"inLanguage\":\"en-GB\",\"@id\":\"https:\\\/\\\/www.baldacci.pt\\\/glusina\\\/#primaryimage\",\"url\":\"https:\\\/\\\/www.baldacci.pt\\\/wp-content\\\/uploads\\\/2023\\\/10\\\/Glusina_2x.png\",\"contentUrl\":\"https:\\\/\\\/www.baldacci.pt\\\/wp-content\\\/uploads\\\/2023\\\/10\\\/Glusina_2x.png\"},{\"@type\":\"BreadcrumbList\",\"@id\":\"https:\\\/\\\/www.baldacci.pt\\\/glusina\\\/#breadcrumb\",\"itemListElement\":[{\"@type\":\"ListItem\",\"position\":1,\"name\":\"Home\",\"item\":\"https:\\\/\\\/www.baldacci.pt\\\/\"},{\"@type\":\"ListItem\",\"position\":2,\"name\":\"Glusina\u00ae\"}]},{\"@type\":\"WebSite\",\"@id\":\"https:\\\/\\\/www.baldacci.pt\\\/#website\",\"url\":\"https:\\\/\\\/www.baldacci.pt\\\/\",\"name\":\"Baldacci Portugal\",\"description\":\"Consigo desde o in\u00edcio... ao fim terap\u00eautico.\",\"publisher\":{\"@id\":\"https:\\\/\\\/www.baldacci.pt\\\/#organization\"},\"potentialAction\":[{\"@type\":\"SearchAction\",\"target\":{\"@type\":\"EntryPoint\",\"urlTemplate\":\"https:\\\/\\\/www.baldacci.pt\\\/?s={search_term_string}\"},\"query-input\":{\"@type\":\"PropertyValueSpecification\",\"valueRequired\":true,\"valueName\":\"search_term_string\"}}],\"inLanguage\":\"en-GB\"},{\"@type\":\"Organization\",\"@id\":\"https:\\\/\\\/www.baldacci.pt\\\/#organization\",\"name\":\"Baldacci Portugal\",\"alternateName\":\"Baldacci\",\"url\":\"https:\\\/\\\/www.baldacci.pt\\\/\",\"logo\":{\"@type\":\"ImageObject\",\"inLanguage\":\"en-GB\",\"@id\":\"https:\\\/\\\/www.baldacci.pt\\\/#\\\/schema\\\/logo\\\/image\\\/\",\"url\":\"https:\\\/\\\/www.baldacci.pt\\\/wp-content\\\/uploads\\\/2023\\\/10\\\/logoBaldacci_blue.png\",\"contentUrl\":\"https:\\\/\\\/www.baldacci.pt\\\/wp-content\\\/uploads\\\/2023\\\/10\\\/logoBaldacci_blue.png\",\"width\":452,\"height\":133,\"caption\":\"Baldacci Portugal\"},\"image\":{\"@id\":\"https:\\\/\\\/www.baldacci.pt\\\/#\\\/schema\\\/logo\\\/image\\\/\"},\"sameAs\":[\"https:\\\/\\\/www.linkedin.com\\\/company\\\/baldacci\\\/\"]}]}<\/script>\n<!-- \/ Yoast SEO plugin. -->","yoast_head_json":{"title":"Glusina\u00ae - Baldacci Portugal","robots":{"index":"index","follow":"follow","max-snippet":"max-snippet:-1","max-image-preview":"max-image-preview:large","max-video-preview":"max-video-preview:-1"},"canonical":"https:\/\/www.baldacci.pt\/en\/glusina\/","og_locale":"en_GB","og_type":"article","og_title":"Glusina\u00ae - Baldacci Portugal","og_description":"Sa\u00fade &amp; Bem-Estar In\u00edcio \/ Produtos \/ Sa\u00fade &amp; Bem-Estar \/ Glucosamina Glusina\u00ae Glucosamina Glusina\u00ae Medicamento N\u00e3o Sujeito a Receita M\u00e9dica Indica\u00e7\u00f5es terap\u00eauticas Al\u00edvio dos sintomas de osteoartrose ligeira a moderada, isto \u00e9, dor e limita\u00e7\u00e3o da fun\u00e7\u00e3o. Posologia Tome o conte\u00fado de uma saqueta (dissolvido num copo de \u00e1gua), 1 vez por dia, de [&hellip;]","og_url":"https:\/\/www.baldacci.pt\/en\/glusina\/","og_site_name":"Baldacci Portugal","article_modified_time":"2025-10-22T16:45:44+00:00","og_image":[{"width":800,"height":800,"url":"https:\/\/www.baldacci.pt\/wp-content\/uploads\/2023\/10\/Glusina_2x.png","type":"image\/png"}],"twitter_card":"summary_large_image","twitter_misc":{"Estimated reading time":"1 minute"},"schema":{"@context":"https:\/\/schema.org","@graph":[{"@type":"WebPage","@id":"https:\/\/www.baldacci.pt\/glusina\/","url":"https:\/\/www.baldacci.pt\/glusina\/","name":"Glusina\u00ae - Baldacci Portugal","isPartOf":{"@id":"https:\/\/www.baldacci.pt\/#website"},"primaryImageOfPage":{"@id":"https:\/\/www.baldacci.pt\/glusina\/#primaryimage"},"image":{"@id":"https:\/\/www.baldacci.pt\/glusina\/#primaryimage"},"thumbnailUrl":"https:\/\/www.baldacci.pt\/wp-content\/uploads\/2023\/10\/Glusina_2x.png","datePublished":"2023-10-23T11:06:37+00:00","dateModified":"2025-10-22T16:45:44+00:00","breadcrumb":{"@id":"https:\/\/www.baldacci.pt\/glusina\/#breadcrumb"},"inLanguage":"en-GB","potentialAction":[{"@type":"ReadAction","target":["https:\/\/www.baldacci.pt\/glusina\/"]}]},{"@type":"ImageObject","inLanguage":"en-GB","@id":"https:\/\/www.baldacci.pt\/glusina\/#primaryimage","url":"https:\/\/www.baldacci.pt\/wp-content\/uploads\/2023\/10\/Glusina_2x.png","contentUrl":"https:\/\/www.baldacci.pt\/wp-content\/uploads\/2023\/10\/Glusina_2x.png"},{"@type":"BreadcrumbList","@id":"https:\/\/www.baldacci.pt\/glusina\/#breadcrumb","itemListElement":[{"@type":"ListItem","position":1,"name":"Home","item":"https:\/\/www.baldacci.pt\/"},{"@type":"ListItem","position":2,"name":"Glusina\u00ae"}]},{"@type":"WebSite","@id":"https:\/\/www.baldacci.pt\/#website","url":"https:\/\/www.baldacci.pt\/","name":"Baldacci Portugal","description":"Consigo desde o in\u00edcio... ao fim terap\u00eautico.","publisher":{"@id":"https:\/\/www.baldacci.pt\/#organization"},"potentialAction":[{"@type":"SearchAction","target":{"@type":"EntryPoint","urlTemplate":"https:\/\/www.baldacci.pt\/?s={search_term_string}"},"query-input":{"@type":"PropertyValueSpecification","valueRequired":true,"valueName":"search_term_string"}}],"inLanguage":"en-GB"},{"@type":"Organization","@id":"https:\/\/www.baldacci.pt\/#organization","name":"Baldacci Portugal","alternateName":"Baldacci","url":"https:\/\/www.baldacci.pt\/","logo":{"@type":"ImageObject","inLanguage":"en-GB","@id":"https:\/\/www.baldacci.pt\/#\/schema\/logo\/image\/","url":"https:\/\/www.baldacci.pt\/wp-content\/uploads\/2023\/10\/logoBaldacci_blue.png","contentUrl":"https:\/\/www.baldacci.pt\/wp-content\/uploads\/2023\/10\/logoBaldacci_blue.png","width":452,"height":133,"caption":"Baldacci Portugal"},"image":{"@id":"https:\/\/www.baldacci.pt\/#\/schema\/logo\/image\/"},"sameAs":["https:\/\/www.linkedin.com\/company\/baldacci\/"]}]}},"_links":{"self":[{"href":"https:\/\/www.baldacci.pt\/en\/wp-json\/wp\/v2\/pages\/1108","targetHints":{"allow":["GET"]}}],"collection":[{"href":"https:\/\/www.baldacci.pt\/en\/wp-json\/wp\/v2\/pages"}],"about":[{"href":"https:\/\/www.baldacci.pt\/en\/wp-json\/wp\/v2\/types\/page"}],"author":[{"embeddable":true,"href":"https:\/\/www.baldacci.pt\/en\/wp-json\/wp\/v2\/users\/1"}],"replies":[{"embeddable":true,"href":"https:\/\/www.baldacci.pt\/en\/wp-json\/wp\/v2\/comments?post=1108"}],"version-history":[{"count":108,"href":"https:\/\/www.baldacci.pt\/en\/wp-json\/wp\/v2\/pages\/1108\/revisions"}],"predecessor-version":[{"id":5727,"href":"https:\/\/www.baldacci.pt\/en\/wp-json\/wp\/v2\/pages\/1108\/revisions\/5727"}],"wp:attachment":[{"href":"https:\/\/www.baldacci.pt\/en\/wp-json\/wp\/v2\/media?parent=1108"}],"curies":[{"name":"wp","href":"https:\/\/api.w.org\/{rel}","templated":true}]}}